{"id":9783,"date":"2012-10-30T18:27:25","date_gmt":"2012-10-30T20:27:25","guid":{"rendered":"http:\/\/dev.rosenbaum.com.br\/?page_id=9783"},"modified":"2021-04-09T10:35:32","modified_gmt":"2021-04-09T13:35:32","slug":"portobello-pointer-raizes","status":"publish","type":"page","link":"https:\/\/rosenbaum.com.br\/escritorio\/projetos\/portobello-pointer-raizes\/","title":{"rendered":"Portobello Pointer &#8211; Ra\u00edzes"},"content":{"rendered":"<div>\u00a0<\/div><div>\n<div><img loading=\"lazy\" class=\"img-responsive aligncenter wp-image-3134\" style=\"text-align: center;\" src=\"http:\/\/rosenbaum.com.br\/escritorio\/wp-content\/uploads\/2016\/05\/blank-prov.jpg\" alt=\"\" width=\"80\" height=\"30\"><\/div>\n<\/div><div>\u00a0<\/div><div>\n<div class=\"module-image-alone modules\">\n<img loading=\"lazy\" class=\"img-responsive aligncenter wp-image-9792 size-medium\" src=\"http:\/\/rosenbaum.com.br\/escritorio\/wp-content\/uploads\/2020\/10\/Rosenbaum-Design-Pointer-Raizes-3-1-300x161.jpg\" alt=\"\" width=\"300\" height=\"161\" srcset=\"https:\/\/rosenbaum.com.br\/escritorio\/wp-content\/uploads\/2020\/10\/Rosenbaum-Design-Pointer-Raizes-3-1-300x161.jpg 300w, https:\/\/rosenbaum.com.br\/escritorio\/wp-content\/uploads\/2020\/10\/Rosenbaum-Design-Pointer-Raizes-3-1-130x70.jpg 130w, https:\/\/rosenbaum.com.br\/escritorio\/wp-content\/uploads\/2020\/10\/Rosenbaum-Design-Pointer-Raizes-3-1-258x139.jpg 258w, https:\/\/rosenbaum.com.br\/escritorio\/wp-content\/uploads\/2020\/10\/Rosenbaum-Design-Pointer-Raizes-3-1.jpg 318w\" sizes=\"(max-width: 300px) 100vw, 300px\">\u00a0<\/div>\n<\/div><div>\n<div class=\"module-image-between modules\">\n<div class=\"row\">\n<div class=\"col-md-6 col-md-offset-3\">\n<blockquote>\n<p>A cole\u00e7\u00e3o Ra\u00edzes foi desenvolvida por Rosenbaum e o Fetiche para a Pointer, marca democr\u00e1tica da Portobello<\/p>\n<\/blockquote>\n<\/div>\n<\/div>\n<\/div>\n<\/div><div>\n<div class=\"module-image-alone modules\"><img loading=\"lazy\" class=\"img-responsive aligncenter wp-image-9795 size-medium\" src=\"http:\/\/rosenbaum.com.br\/escritorio\/wp-content\/uploads\/2020\/10\/Rosenbaum-Design-Pointer-Raizes-4-300x146.jpg\" alt=\"\" width=\"300\" height=\"146\" srcset=\"https:\/\/rosenbaum.com.br\/escritorio\/wp-content\/uploads\/2020\/10\/Rosenbaum-Design-Pointer-Raizes-4-300x146.jpg 300w, https:\/\/rosenbaum.com.br\/escritorio\/wp-content\/uploads\/2020\/10\/Rosenbaum-Design-Pointer-Raizes-4-130x63.jpg 130w, https:\/\/rosenbaum.com.br\/escritorio\/wp-content\/uploads\/2020\/10\/Rosenbaum-Design-Pointer-Raizes-4-258x126.jpg 258w, https:\/\/rosenbaum.com.br\/escritorio\/wp-content\/uploads\/2020\/10\/Rosenbaum-Design-Pointer-Raizes-4.jpg 338w\" sizes=\"(max-width: 300px) 100vw, 300px\"><\/div>\n<\/div><div>\n<div class=\"module-image-alone modules\">\u00a0<\/div>\n<\/div><div>\n<div>\n<div class=\"module-image-above modules\">\n<div class=\"row\">\n<div class=\"col-md-6 col-md-offset-3\">\n<blockquote>\n<h3 style=\"text-align: center;\">A cole\u00e7\u00e3o apresenta representa\u00e7\u00f5es em cer\u00e2mica inspiradas em momentos marcantes da arquitetura brasileira<\/h3>\n<p>O produto Azul, foi vencedor do primeiro lugar na categoria Constru\u00e7\u00e3o na 30\u00aa edi\u00e7\u00e3o do Pr\u00eamio Design Museu da Casa Brasileira<\/p>\n<\/blockquote>\n<\/div>\n<\/div>\n<\/div>\n<div class=\"module-image-alone modules\"><img loading=\"lazy\" class=\"img-responsive aligncenter wp-image-9793 size-medium\" src=\"http:\/\/rosenbaum.com.br\/escritorio\/wp-content\/uploads\/2020\/10\/Rosenbaum-Design-Pointer-Raizes-3-2-300x160.jpg\" alt=\"\" width=\"300\" height=\"160\" srcset=\"https:\/\/rosenbaum.com.br\/escritorio\/wp-content\/uploads\/2020\/10\/Rosenbaum-Design-Pointer-Raizes-3-2-300x160.jpg 300w, https:\/\/rosenbaum.com.br\/escritorio\/wp-content\/uploads\/2020\/10\/Rosenbaum-Design-Pointer-Raizes-3-2-130x69.jpg 130w, https:\/\/rosenbaum.com.br\/escritorio\/wp-content\/uploads\/2020\/10\/Rosenbaum-Design-Pointer-Raizes-3-2-258x138.jpg 258w, https:\/\/rosenbaum.com.br\/escritorio\/wp-content\/uploads\/2020\/10\/Rosenbaum-Design-Pointer-Raizes-3-2.jpg 318w\" sizes=\"(max-width: 300px) 100vw, 300px\"><\/div>\n<div><img loading=\"lazy\" class=\"img-responsive aligncenter wp-image-3134\" style=\"font-size: 16px; font-weight: 300;\" src=\"http:\/\/rosenbaum.com.br\/escritorio\/wp-content\/uploads\/2016\/05\/blank-prov.jpg\" alt=\"\" width=\"267\" height=\"100\"><\/div>\n<\/div>\n<\/div><div class=\"module-image-alone modules\">\u00a0<\/div><div>\n<div class=\"module-big-image-above modules\">\n<div class=\"row\">\n<div class=\"col-md-6 col-md-offset-3\">\n<h2 class=\"bg-white\">Fotos<\/h2>\n<\/div>\n<\/div>\n<\/div>\n<div class=\"modules gallery\">\n    <div class=\"row\">\n        <div class=\"col-xs-12 col-lg-8 col-lg-offset-2 col-md-10 col-md-offset-1\">\n            <div id=\"gallery-1\" class=\"carousel slide gallery-desktop\" data-ride=\"carousel\">\n                <div class=\"carousel-inner\" role=\"listbox\">\n                                                            <div class=\"item active\">\n                        <img width=\"979\" height=\"1086\" src=\"https:\/\/rosenbaum.com.br\/escritorio\/wp-content\/uploads\/2020\/10\/Rosenbaum-Design-Pointer-Raizes-1.jpg\" class=\"attachment-full size-full\" alt=\"\" loading=\"lazy\" srcset=\"https:\/\/rosenbaum.com.br\/escritorio\/wp-content\/uploads\/2020\/10\/Rosenbaum-Design-Pointer-Raizes-1.jpg 979w, https:\/\/rosenbaum.com.br\/escritorio\/wp-content\/uploads\/2020\/10\/Rosenbaum-Design-Pointer-Raizes-1-270x300.jpg 270w, https:\/\/rosenbaum.com.br\/escritorio\/wp-content\/uploads\/2020\/10\/Rosenbaum-Design-Pointer-Raizes-1-923x1024.jpg 923w, https:\/\/rosenbaum.com.br\/escritorio\/wp-content\/uploads\/2020\/10\/Rosenbaum-Design-Pointer-Raizes-1-768x852.jpg 768w, https:\/\/rosenbaum.com.br\/escritorio\/wp-content\/uploads\/2020\/10\/Rosenbaum-Design-Pointer-Raizes-1-117x130.jpg 117w, https:\/\/rosenbaum.com.br\/escritorio\/wp-content\/uploads\/2020\/10\/Rosenbaum-Design-Pointer-Raizes-1-640x710.jpg 640w, https:\/\/rosenbaum.com.br\/escritorio\/wp-content\/uploads\/2020\/10\/Rosenbaum-Design-Pointer-Raizes-1-258x286.jpg 258w\" sizes=\"(max-width: 979px) 100vw, 979px\">                                            <\/div>\n                                        <div class=\"item \">\n                        <img width=\"678\" height=\"598\" src=\"https:\/\/rosenbaum.com.br\/escritorio\/wp-content\/uploads\/2020\/10\/Rosenbaum-Design-Pointer-Raizes-5.jpg\" class=\"attachment-full size-full\" alt=\"\" loading=\"lazy\" srcset=\"https:\/\/rosenbaum.com.br\/escritorio\/wp-content\/uploads\/2020\/10\/Rosenbaum-Design-Pointer-Raizes-5.jpg 678w, https:\/\/rosenbaum.com.br\/escritorio\/wp-content\/uploads\/2020\/10\/Rosenbaum-Design-Pointer-Raizes-5-300x265.jpg 300w, https:\/\/rosenbaum.com.br\/escritorio\/wp-content\/uploads\/2020\/10\/Rosenbaum-Design-Pointer-Raizes-5-130x115.jpg 130w, https:\/\/rosenbaum.com.br\/escritorio\/wp-content\/uploads\/2020\/10\/Rosenbaum-Design-Pointer-Raizes-5-640x564.jpg 640w, https:\/\/rosenbaum.com.br\/escritorio\/wp-content\/uploads\/2020\/10\/Rosenbaum-Design-Pointer-Raizes-5-258x228.jpg 258w\" sizes=\"(max-width: 678px) 100vw, 678px\">                                            <\/div>\n                                        <div class=\"item \">\n                        <img width=\"482\" height=\"474\" src=\"https:\/\/rosenbaum.com.br\/escritorio\/wp-content\/uploads\/2020\/10\/Rosenbaum-Design-Pointer-Raizes-2.jpg\" class=\"attachment-full size-full\" alt=\"\" loading=\"lazy\" srcset=\"https:\/\/rosenbaum.com.br\/escritorio\/wp-content\/uploads\/2020\/10\/Rosenbaum-Design-Pointer-Raizes-2.jpg 482w, https:\/\/rosenbaum.com.br\/escritorio\/wp-content\/uploads\/2020\/10\/Rosenbaum-Design-Pointer-Raizes-2-300x295.jpg 300w, https:\/\/rosenbaum.com.br\/escritorio\/wp-content\/uploads\/2020\/10\/Rosenbaum-Design-Pointer-Raizes-2-130x128.jpg 130w, https:\/\/rosenbaum.com.br\/escritorio\/wp-content\/uploads\/2020\/10\/Rosenbaum-Design-Pointer-Raizes-2-258x254.jpg 258w\" sizes=\"(max-width: 482px) 100vw, 482px\">                                            <\/div>\n                                    <\/div>\n                <div class=\"carousel-indicators-wraper bg-color-90\">\n                    <ol class=\"carousel-indicators\">\n                                                                        <li data-target=\"#gallery-1\" data-slide-to=\"0\" class=\"active\">\n                            <img width=\"117\" height=\"130\" src=\"https:\/\/rosenbaum.com.br\/escritorio\/wp-content\/uploads\/2020\/10\/Rosenbaum-Design-Pointer-Raizes-1-117x130.jpg\" class=\"attachment-gallery-thumb size-gallery-thumb\" alt=\"\" loading=\"lazy\" srcset=\"https:\/\/rosenbaum.com.br\/escritorio\/wp-content\/uploads\/2020\/10\/Rosenbaum-Design-Pointer-Raizes-1-117x130.jpg 117w, https:\/\/rosenbaum.com.br\/escritorio\/wp-content\/uploads\/2020\/10\/Rosenbaum-Design-Pointer-Raizes-1-270x300.jpg 270w, https:\/\/rosenbaum.com.br\/escritorio\/wp-content\/uploads\/2020\/10\/Rosenbaum-Design-Pointer-Raizes-1-923x1024.jpg 923w, https:\/\/rosenbaum.com.br\/escritorio\/wp-content\/uploads\/2020\/10\/Rosenbaum-Design-Pointer-Raizes-1-768x852.jpg 768w, https:\/\/rosenbaum.com.br\/escritorio\/wp-content\/uploads\/2020\/10\/Rosenbaum-Design-Pointer-Raizes-1-640x710.jpg 640w, https:\/\/rosenbaum.com.br\/escritorio\/wp-content\/uploads\/2020\/10\/Rosenbaum-Design-Pointer-Raizes-1-258x286.jpg 258w, https:\/\/rosenbaum.com.br\/escritorio\/wp-content\/uploads\/2020\/10\/Rosenbaum-Design-Pointer-Raizes-1.jpg 979w\" sizes=\"(max-width: 117px) 100vw, 117px\">                            <span>1\/3<\/span>\n                        <\/li>\n                                                <li data-target=\"#gallery-1\" data-slide-to=\"1\">\n                            <img width=\"130\" height=\"115\" src=\"https:\/\/rosenbaum.com.br\/escritorio\/wp-content\/uploads\/2020\/10\/Rosenbaum-Design-Pointer-Raizes-5-130x115.jpg\" class=\"attachment-gallery-thumb size-gallery-thumb\" alt=\"\" loading=\"lazy\" srcset=\"https:\/\/rosenbaum.com.br\/escritorio\/wp-content\/uploads\/2020\/10\/Rosenbaum-Design-Pointer-Raizes-5-130x115.jpg 130w, https:\/\/rosenbaum.com.br\/escritorio\/wp-content\/uploads\/2020\/10\/Rosenbaum-Design-Pointer-Raizes-5-300x265.jpg 300w, https:\/\/rosenbaum.com.br\/escritorio\/wp-content\/uploads\/2020\/10\/Rosenbaum-Design-Pointer-Raizes-5-640x564.jpg 640w, https:\/\/rosenbaum.com.br\/escritorio\/wp-content\/uploads\/2020\/10\/Rosenbaum-Design-Pointer-Raizes-5-258x228.jpg 258w, https:\/\/rosenbaum.com.br\/escritorio\/wp-content\/uploads\/2020\/10\/Rosenbaum-Design-Pointer-Raizes-5.jpg 678w\" sizes=\"(max-width: 130px) 100vw, 130px\">                            <span>2\/3<\/span>\n                        <\/li>\n                                                <li data-target=\"#gallery-1\" data-slide-to=\"2\">\n                            <img width=\"130\" height=\"128\" src=\"https:\/\/rosenbaum.com.br\/escritorio\/wp-content\/uploads\/2020\/10\/Rosenbaum-Design-Pointer-Raizes-2-130x128.jpg\" class=\"attachment-gallery-thumb size-gallery-thumb\" alt=\"\" loading=\"lazy\" srcset=\"https:\/\/rosenbaum.com.br\/escritorio\/wp-content\/uploads\/2020\/10\/Rosenbaum-Design-Pointer-Raizes-2-130x128.jpg 130w, https:\/\/rosenbaum.com.br\/escritorio\/wp-content\/uploads\/2020\/10\/Rosenbaum-Design-Pointer-Raizes-2-300x295.jpg 300w, https:\/\/rosenbaum.com.br\/escritorio\/wp-content\/uploads\/2020\/10\/Rosenbaum-Design-Pointer-Raizes-2-258x254.jpg 258w, https:\/\/rosenbaum.com.br\/escritorio\/wp-content\/uploads\/2020\/10\/Rosenbaum-Design-Pointer-Raizes-2.jpg 482w\" sizes=\"(max-width: 130px) 100vw, 130px\">                            <span>3\/3<\/span>\n                        <\/li>\n                                            <\/ol>\n                    <a class=\"left carousel-control\" href=\"#gallery-1\" role=\"button\" data-slide=\"prev\">\n                        <span class=\"glyphicon glyphicon-chevron-left fa fa-chevron-left\" aria-hidden=\"true\"><\/span>\n                        <span class=\"sr-only\">Anterior<\/span>\n                    <\/a>\n                    <a class=\"right carousel-control\" href=\"#gallery-1\" role=\"button\" data-slide=\"next\">\n                        <span class=\"glyphicon glyphicon-chevron-right fa fa-chevron-right\" aria-hidden=\"true\"><\/span>\n                        <span class=\"sr-only\">Pr\u00f3ximo<\/span>\n                    <\/a>\n                <\/div>\n            <\/div>\n        <\/div>\n    <\/div>\n<\/div>\n<\/div><div class=\"modules\"><div class=\"row\"><div class=\"col-xs-12 col-md-6 col-md-offset-3\"><p><img loading=\"lazy\" class=\"img-responsive aligncenter wp-image-3134\" style=\"font-size: 16px; font-weight: 300;\" src=\"http:\/\/rosenbaum.com.br\/escritorio\/wp-content\/uploads\/2016\/05\/blank-prov.jpg\" alt=\"\" width=\"267\" height=\"100\"><\/p><\/div><\/div><\/div><div class=\"module-image-alone modules\"><img loading=\"lazy\" class=\"img-responsive aligncenter wp-image-9801 size-full\" src=\"http:\/\/rosenbaum.com.br\/escritorio\/wp-content\/uploads\/2020\/10\/Rosenbaum-Design-Pointer-Raizes.gif\" alt=\"\" width=\"690\" height=\"521\"><\/div><div class=\"modules\"><div class=\"row\"><div class=\"col-xs-12 col-md-6 col-md-offset-3\"><p><img loading=\"lazy\" class=\"img-responsive aligncenter wp-image-3134\" style=\"font-size: 16px; font-weight: 300;\" src=\"http:\/\/rosenbaum.com.br\/escritorio\/wp-content\/uploads\/2016\/05\/blank-prov.jpg\" alt=\"\" width=\"267\" height=\"100\"><\/p><\/div><\/div><\/div><div class=\"module-image-between modules\">\n<div class=\"row\">\n<div class=\"col-md-6 col-md-offset-3\">\n<h2 style=\"text-align: center;\">Pr\u00eamios<\/h2>\n<\/div>\n<\/div>\n<\/div><div class=\"module-image-alone modules\">\n<img loading=\"lazy\" class=\"img-responsive aligncenter wp-image-9798 size-full\" src=\"http:\/\/rosenbaum.com.br\/escritorio\/wp-content\/uploads\/2020\/10\/Rosenbaum-Design-Pointer-Raizes-Premio-Ceramics-in-Brazil.jpg\" alt=\"\" width=\"144\" height=\"145\" srcset=\"https:\/\/rosenbaum.com.br\/escritorio\/wp-content\/uploads\/2020\/10\/Rosenbaum-Design-Pointer-Raizes-Premio-Ceramics-in-Brazil.jpg 144w, https:\/\/rosenbaum.com.br\/escritorio\/wp-content\/uploads\/2020\/10\/Rosenbaum-Design-Pointer-Raizes-Premio-Ceramics-in-Brazil-130x130.jpg 130w\" sizes=\"(max-width: 144px) 100vw, 144px\">\u00a0 \u00a0 \u00a0\u00a0 <img loading=\"lazy\" class=\"img-responsive aligncenter wp-image-9799 size-full\" src=\"http:\/\/rosenbaum.com.br\/escritorio\/wp-content\/uploads\/2020\/10\/Rosenbaum-Design-Pointer-Raizes-Premio-MCB.jpg\" alt=\"\" width=\"143\" height=\"145\" srcset=\"https:\/\/rosenbaum.com.br\/escritorio\/wp-content\/uploads\/2020\/10\/Rosenbaum-Design-Pointer-Raizes-Premio-MCB.jpg 143w, https:\/\/rosenbaum.com.br\/escritorio\/wp-content\/uploads\/2020\/10\/Rosenbaum-Design-Pointer-Raizes-Premio-MCB-128x130.jpg 128w\" sizes=\"(max-width: 143px) 100vw, 143px\">\n<\/div><div class=\"module-image-between modules\">\n<div class=\"row\">\n<div class=\"col-md-6 col-md-offset-3\">\n<p style=\"text-align: center;\"><strong>Best in Show Ceramics of Brasil na Expo Revestir<\/strong><br>\n2017<\/p>\n<p style=\"text-align: center;\"><strong>1\u00ba lugar no 30\u00ba pr\u00eamio do Museu da Casa Brasileira<\/strong><br>\n2016<\/p>\n<p style=\"text-align: center;\">\n<\/p>\n<\/div>\n<\/div>\n<\/div><div class=\"module-image-alone modules\"><img loading=\"lazy\" class=\"img-responsive aligncenter wp-image-9794 size-medium\" src=\"http:\/\/rosenbaum.com.br\/escritorio\/wp-content\/uploads\/2020\/10\/Rosenbaum-Design-Pointer-Raizes-3-3-300x166.jpg\" alt=\"\" width=\"300\" height=\"166\" srcset=\"https:\/\/rosenbaum.com.br\/escritorio\/wp-content\/uploads\/2020\/10\/Rosenbaum-Design-Pointer-Raizes-3-3-300x166.jpg 300w, https:\/\/rosenbaum.com.br\/escritorio\/wp-content\/uploads\/2020\/10\/Rosenbaum-Design-Pointer-Raizes-3-3-130x72.jpg 130w, https:\/\/rosenbaum.com.br\/escritorio\/wp-content\/uploads\/2020\/10\/Rosenbaum-Design-Pointer-Raizes-3-3-258x143.jpg 258w, https:\/\/rosenbaum.com.br\/escritorio\/wp-content\/uploads\/2020\/10\/Rosenbaum-Design-Pointer-Raizes-3-3.jpg 318w\" sizes=\"(max-width: 300px) 100vw, 300px\"><\/div><div>\n<p><img loading=\"lazy\" class=\"img-responsive aligncenter wp-image-3134\" style=\"font-size: 16px; font-weight: 300;\" src=\"http:\/\/rosenbaum.com.br\/escritorio\/wp-content\/uploads\/2016\/05\/blank-prov.jpg\" alt=\"\" width=\"267\" height=\"100\"><\/p>\n<\/div><div class=\"module-image-between modules\">\n<div class=\"row\">\n<div class=\"col-md-6 col-md-offset-3\">\n<h2 style=\"text-align: center;\">Ficha T\u00e9cnica<\/h2>\n<p style=\"text-align: center;\">\n<strong>Design<\/strong><br>\nRosenbaum e o Fetiche<br>\n\/ Adriana Benguela<br>\n\/ Carolina Armellini<br>\n\/ Paulo Biacchi<br>\n\/ Marcelo Rosenbaum<br>\n\/ Gabriel Freitas<\/p>\n<\/div>\n<\/div>\n<\/div><div class=\"module-image-between modules\">\n<div class=\"row\">\n<p style=\"text-align: center;\">\u00a0<\/p>\n<p style=\"text-align: center;\">\u00a0<\/p>\n<\/div>\n<\/div><div>\n<div class=\"module-image-alone modules\" style=\"text-align: center;\"><img loading=\"lazy\" class=\"img-responsive aligncenter wp-image-3134\" src=\"http:\/\/rosenbaum.com.br\/escritorio\/wp-content\/uploads\/2016\/05\/blank-prov.jpg\" alt=\"\" width=\"80\" height=\"30\"><\/div>\n<\/div>","protected":false},"excerpt":{"rendered":"<p>Estampa criada para os pisos Cer\u00e2micos Pointer da Portobello, com m\u00f3dulos para criar padronagens b\u00e1sicas ou novos desenhos com a mistura dos m\u00f3dulos | Rosenbaum e o Fetiche<\/p>\n","protected":false},"author":2,"featured_media":9813,"parent":10344,"menu_order":0,"comment_status":"closed","ping_status":"closed","template":"templates\/project.php","meta":[],"categories":[10],"tags":[],"_links":{"self":[{"href":"https:\/\/rosenbaum.com.br\/escritorio\/wp-json\/wp\/v2\/pages\/9783"}],"collection":[{"href":"https:\/\/rosenbaum.com.br\/escritorio\/wp-json\/wp\/v2\/pages"}],"about":[{"href":"https:\/\/rosenbaum.com.br\/escritorio\/wp-json\/wp\/v2\/types\/page"}],"author":[{"embeddable":true,"href":"https:\/\/rosenbaum.com.br\/escritorio\/wp-json\/wp\/v2\/users\/2"}],"replies":[{"embeddable":true,"href":"https:\/\/rosenbaum.com.br\/escritorio\/wp-json\/wp\/v2\/comments?post=9783"}],"version-history":[{"count":15,"href":"https:\/\/rosenbaum.com.br\/escritorio\/wp-json\/wp\/v2\/pages\/9783\/revisions"}],"predecessor-version":[{"id":10403,"href":"https:\/\/rosenbaum.com.br\/escritorio\/wp-json\/wp\/v2\/pages\/9783\/revisions\/10403"}],"up":[{"embeddable":true,"href":"https:\/\/rosenbaum.com.br\/escritorio\/wp-json\/wp\/v2\/pages\/10344"}],"wp:featuredmedia":[{"embeddable":true,"href":"https:\/\/rosenbaum.com.br\/escritorio\/wp-json\/wp\/v2\/media\/9813"}],"wp:attachment":[{"href":"https:\/\/rosenbaum.com.br\/escritorio\/wp-json\/wp\/v2\/media?parent=9783"}],"wp:term":[{"taxonomy":"category","embeddable":true,"href":"https:\/\/rosenbaum.com.br\/escritorio\/wp-json\/wp\/v2\/categories?post=9783"},{"taxonomy":"post_tag","embeddable":true,"href":"https:\/\/rosenbaum.com.br\/escritorio\/wp-json\/wp\/v2\/tags?post=9783"}],"curies":[{"name":"wp","href":"https:\/\/api.w.org\/{rel}","templated":true}]}}