{"id":9756,"date":"2013-11-03T17:01:22","date_gmt":"2013-11-03T19:01:22","guid":{"rendered":"http:\/\/dev.rosenbaum.com.br\/?page_id=9756"},"modified":"2021-04-09T10:35:08","modified_gmt":"2021-04-09T13:35:08","slug":"portobello-pointer-neo-barroco","status":"publish","type":"page","link":"https:\/\/rosenbaum.com.br\/escritorio\/projetos\/portobello-pointer-neo-barroco\/","title":{"rendered":"Portobello Pointer &#8211; Neo Barroco"},"content":{"rendered":"<div>\u00a0<\/div><div>\n<div><img loading=\"lazy\" class=\"img-responsive aligncenter wp-image-3134\" style=\"text-align: center;\" src=\"http:\/\/rosenbaum.com.br\/escritorio\/wp-content\/uploads\/2016\/05\/blank-prov.jpg\" alt=\"\" width=\"80\" height=\"30\"><\/div>\n<\/div><div>\u00a0<\/div><div>\n<div class=\"module-image-alone modules\">\n<img loading=\"lazy\" class=\"img-responsive aligncenter wp-image-9766 size-full\" src=\"http:\/\/rosenbaum.com.br\/escritorio\/wp-content\/uploads\/2020\/10\/Rosenbaum-Design-Pointer-Neo-Barroco-6-1.jpg\" alt=\"\" width=\"221\" height=\"124\" srcset=\"https:\/\/rosenbaum.com.br\/escritorio\/wp-content\/uploads\/2020\/10\/Rosenbaum-Design-Pointer-Neo-Barroco-6-1.jpg 221w, https:\/\/rosenbaum.com.br\/escritorio\/wp-content\/uploads\/2020\/10\/Rosenbaum-Design-Pointer-Neo-Barroco-6-1-130x73.jpg 130w\" sizes=\"(max-width: 221px) 100vw, 221px\">\u00a0<\/div>\n<\/div><div>\n<div class=\"module-image-between modules\">\n<div class=\"row\">\n<div class=\"col-md-6 col-md-offset-3\">\n<blockquote>\n<p>O desenvolvimento dessa estampa \u00e9 uma atualiza\u00e7\u00e3o dos ladrilhos hidr\u00e1ulicos t\u00edpicos do barroco brasileiro<\/p>\n<\/blockquote>\n<\/div>\n<\/div>\n<\/div>\n<\/div><div>\n<div class=\"module-image-alone modules\"><img loading=\"lazy\" class=\"img-responsive aligncenter wp-image-9769 size-full\" src=\"http:\/\/rosenbaum.com.br\/escritorio\/wp-content\/uploads\/2020\/10\/Rosenbaum-Design-Pointer-Neo-Barroco-4.jpg\" alt=\"\" width=\"244\" height=\"205\" srcset=\"https:\/\/rosenbaum.com.br\/escritorio\/wp-content\/uploads\/2020\/10\/Rosenbaum-Design-Pointer-Neo-Barroco-4.jpg 244w, https:\/\/rosenbaum.com.br\/escritorio\/wp-content\/uploads\/2020\/10\/Rosenbaum-Design-Pointer-Neo-Barroco-4-130x109.jpg 130w\" sizes=\"(max-width: 244px) 100vw, 244px\"><\/div>\n<\/div><div>\u00a0<\/div><div>\n<div class=\"module-image-alone modules\"><img loading=\"lazy\" class=\"img-responsive aligncenter wp-image-9767 size-full\" src=\"http:\/\/rosenbaum.com.br\/escritorio\/wp-content\/uploads\/2020\/10\/Rosenbaum-Design-Pointer-Neo-Barroco-6-2.jpg\" alt=\"\" width=\"221\" height=\"129\" srcset=\"https:\/\/rosenbaum.com.br\/escritorio\/wp-content\/uploads\/2020\/10\/Rosenbaum-Design-Pointer-Neo-Barroco-6-2.jpg 221w, https:\/\/rosenbaum.com.br\/escritorio\/wp-content\/uploads\/2020\/10\/Rosenbaum-Design-Pointer-Neo-Barroco-6-2-130x76.jpg 130w\" sizes=\"(max-width: 221px) 100vw, 221px\"><\/div>\n<\/div><div>\n<div>\n<div class=\"module-image-alone modules\"><img loading=\"lazy\" class=\"img-responsive aligncenter wp-image-9759 size-full\" src=\"http:\/\/rosenbaum.com.br\/escritorio\/wp-content\/uploads\/2020\/10\/Rosenbaum-Design-Pointer-Neo-Barroco-3.jpg\" alt=\"\" width=\"980\" height=\"278\" srcset=\"https:\/\/rosenbaum.com.br\/escritorio\/wp-content\/uploads\/2020\/10\/Rosenbaum-Design-Pointer-Neo-Barroco-3.jpg 980w, https:\/\/rosenbaum.com.br\/escritorio\/wp-content\/uploads\/2020\/10\/Rosenbaum-Design-Pointer-Neo-Barroco-3-300x85.jpg 300w, https:\/\/rosenbaum.com.br\/escritorio\/wp-content\/uploads\/2020\/10\/Rosenbaum-Design-Pointer-Neo-Barroco-3-768x218.jpg 768w, https:\/\/rosenbaum.com.br\/escritorio\/wp-content\/uploads\/2020\/10\/Rosenbaum-Design-Pointer-Neo-Barroco-3-130x37.jpg 130w, https:\/\/rosenbaum.com.br\/escritorio\/wp-content\/uploads\/2020\/10\/Rosenbaum-Design-Pointer-Neo-Barroco-3-640x182.jpg 640w, https:\/\/rosenbaum.com.br\/escritorio\/wp-content\/uploads\/2020\/10\/Rosenbaum-Design-Pointer-Neo-Barroco-3-258x73.jpg 258w\" sizes=\"(max-width: 980px) 100vw, 980px\"><\/div>\n<\/div>\n<\/div><div>\n<div>\n<div class=\"module-image-above modules\">\n<div class=\"row\">\n<div class=\"col-md-6 col-md-offset-3\">\n<blockquote>\n<h3 style=\"text-align: center;\">Neste projeto mesclamos arabescos do barroco com geometria, criando uma estampa contempor\u00e2nea que a cada combina\u00e7\u00e3o cria um novo desenho de padr\u00e3o<\/h3>\n<\/blockquote>\n<\/div>\n<\/div>\n<\/div>\n<div class=\"module-image-alone modules\"><img loading=\"lazy\" class=\"img-responsive aligncenter wp-image-9768 size-full\" src=\"http:\/\/rosenbaum.com.br\/escritorio\/wp-content\/uploads\/2020\/10\/Rosenbaum-Design-Pointer-Neo-Barroco-6-3.jpg\" alt=\"\" width=\"221\" height=\"130\" srcset=\"https:\/\/rosenbaum.com.br\/escritorio\/wp-content\/uploads\/2020\/10\/Rosenbaum-Design-Pointer-Neo-Barroco-6-3.jpg 221w, https:\/\/rosenbaum.com.br\/escritorio\/wp-content\/uploads\/2020\/10\/Rosenbaum-Design-Pointer-Neo-Barroco-6-3-130x76.jpg 130w\" sizes=\"(max-width: 221px) 100vw, 221px\"><\/div>\n<div><img loading=\"lazy\" class=\"img-responsive aligncenter wp-image-3134\" style=\"font-size: 16px; font-weight: 300;\" src=\"http:\/\/rosenbaum.com.br\/escritorio\/wp-content\/uploads\/2016\/05\/blank-prov.jpg\" alt=\"\" width=\"267\" height=\"100\"><\/div>\n<\/div>\n<\/div><div class=\"module-image-alone modules\">\u00a0<\/div><div>\n<div class=\"module-big-image-above modules\">\n<div class=\"row\">\n<div class=\"col-md-6 col-md-offset-3\">\n<h2 class=\"bg-white\">Fotos<\/h2>\n<\/div>\n<\/div>\n<\/div>\n<div class=\"modules gallery\">\n    <div class=\"row\">\n        <div class=\"col-xs-12 col-lg-8 col-lg-offset-2 col-md-10 col-md-offset-1\">\n            <div id=\"gallery-1\" class=\"carousel slide gallery-desktop\" data-ride=\"carousel\">\n                <div class=\"carousel-inner\" role=\"listbox\">\n                                                            <div class=\"item active\">\n                        <img width=\"482\" height=\"763\" src=\"https:\/\/rosenbaum.com.br\/escritorio\/wp-content\/uploads\/2020\/10\/Rosenbaum-Design-Pointer-Neo-Barroco-1.jpg\" class=\"attachment-full size-full\" alt=\"\" loading=\"lazy\" srcset=\"https:\/\/rosenbaum.com.br\/escritorio\/wp-content\/uploads\/2020\/10\/Rosenbaum-Design-Pointer-Neo-Barroco-1.jpg 482w, https:\/\/rosenbaum.com.br\/escritorio\/wp-content\/uploads\/2020\/10\/Rosenbaum-Design-Pointer-Neo-Barroco-1-190x300.jpg 190w, https:\/\/rosenbaum.com.br\/escritorio\/wp-content\/uploads\/2020\/10\/Rosenbaum-Design-Pointer-Neo-Barroco-1-82x130.jpg 82w, https:\/\/rosenbaum.com.br\/escritorio\/wp-content\/uploads\/2020\/10\/Rosenbaum-Design-Pointer-Neo-Barroco-1-258x408.jpg 258w\" sizes=\"(max-width: 482px) 100vw, 482px\">                                            <\/div>\n                                        <div class=\"item \">\n                        <img width=\"980\" height=\"981\" src=\"https:\/\/rosenbaum.com.br\/escritorio\/wp-content\/uploads\/2020\/10\/Rosenbaum-Design-Pointer-Neo-Barroco-2.jpg\" class=\"attachment-full size-full\" alt=\"\" loading=\"lazy\" srcset=\"https:\/\/rosenbaum.com.br\/escritorio\/wp-content\/uploads\/2020\/10\/Rosenbaum-Design-Pointer-Neo-Barroco-2.jpg 980w, https:\/\/rosenbaum.com.br\/escritorio\/wp-content\/uploads\/2020\/10\/Rosenbaum-Design-Pointer-Neo-Barroco-2-300x300.jpg 300w, https:\/\/rosenbaum.com.br\/escritorio\/wp-content\/uploads\/2020\/10\/Rosenbaum-Design-Pointer-Neo-Barroco-2-150x150.jpg 150w, https:\/\/rosenbaum.com.br\/escritorio\/wp-content\/uploads\/2020\/10\/Rosenbaum-Design-Pointer-Neo-Barroco-2-768x769.jpg 768w, https:\/\/rosenbaum.com.br\/escritorio\/wp-content\/uploads\/2020\/10\/Rosenbaum-Design-Pointer-Neo-Barroco-2-130x130.jpg 130w, https:\/\/rosenbaum.com.br\/escritorio\/wp-content\/uploads\/2020\/10\/Rosenbaum-Design-Pointer-Neo-Barroco-2-640x641.jpg 640w, https:\/\/rosenbaum.com.br\/escritorio\/wp-content\/uploads\/2020\/10\/Rosenbaum-Design-Pointer-Neo-Barroco-2-258x258.jpg 258w\" sizes=\"(max-width: 980px) 100vw, 980px\">                                            <\/div>\n                                        <div class=\"item \">\n                        <img width=\"980\" height=\"771\" src=\"https:\/\/rosenbaum.com.br\/escritorio\/wp-content\/uploads\/2020\/10\/Rosenbaum-Design-Pointer-Neo-Barroco-5.jpg\" class=\"attachment-full size-full\" alt=\"\" loading=\"lazy\" srcset=\"https:\/\/rosenbaum.com.br\/escritorio\/wp-content\/uploads\/2020\/10\/Rosenbaum-Design-Pointer-Neo-Barroco-5.jpg 980w, https:\/\/rosenbaum.com.br\/escritorio\/wp-content\/uploads\/2020\/10\/Rosenbaum-Design-Pointer-Neo-Barroco-5-300x236.jpg 300w, https:\/\/rosenbaum.com.br\/escritorio\/wp-content\/uploads\/2020\/10\/Rosenbaum-Design-Pointer-Neo-Barroco-5-768x604.jpg 768w, https:\/\/rosenbaum.com.br\/escritorio\/wp-content\/uploads\/2020\/10\/Rosenbaum-Design-Pointer-Neo-Barroco-5-130x102.jpg 130w, https:\/\/rosenbaum.com.br\/escritorio\/wp-content\/uploads\/2020\/10\/Rosenbaum-Design-Pointer-Neo-Barroco-5-640x504.jpg 640w, https:\/\/rosenbaum.com.br\/escritorio\/wp-content\/uploads\/2020\/10\/Rosenbaum-Design-Pointer-Neo-Barroco-5-258x203.jpg 258w\" sizes=\"(max-width: 980px) 100vw, 980px\">                                            <\/div>\n                                    <\/div>\n                <div class=\"carousel-indicators-wraper bg-color-90\">\n                    <ol class=\"carousel-indicators\">\n                                                                        <li data-target=\"#gallery-1\" data-slide-to=\"0\" class=\"active\">\n                            <img width=\"82\" height=\"130\" src=\"https:\/\/rosenbaum.com.br\/escritorio\/wp-content\/uploads\/2020\/10\/Rosenbaum-Design-Pointer-Neo-Barroco-1-82x130.jpg\" class=\"attachment-gallery-thumb size-gallery-thumb\" alt=\"\" loading=\"lazy\" srcset=\"https:\/\/rosenbaum.com.br\/escritorio\/wp-content\/uploads\/2020\/10\/Rosenbaum-Design-Pointer-Neo-Barroco-1-82x130.jpg 82w, https:\/\/rosenbaum.com.br\/escritorio\/wp-content\/uploads\/2020\/10\/Rosenbaum-Design-Pointer-Neo-Barroco-1-190x300.jpg 190w, https:\/\/rosenbaum.com.br\/escritorio\/wp-content\/uploads\/2020\/10\/Rosenbaum-Design-Pointer-Neo-Barroco-1-258x408.jpg 258w, https:\/\/rosenbaum.com.br\/escritorio\/wp-content\/uploads\/2020\/10\/Rosenbaum-Design-Pointer-Neo-Barroco-1.jpg 482w\" sizes=\"(max-width: 82px) 100vw, 82px\">                            <span>1\/3<\/span>\n                        <\/li>\n                                                <li data-target=\"#gallery-1\" data-slide-to=\"1\">\n                            <img width=\"130\" height=\"130\" src=\"https:\/\/rosenbaum.com.br\/escritorio\/wp-content\/uploads\/2020\/10\/Rosenbaum-Design-Pointer-Neo-Barroco-2-130x130.jpg\" class=\"attachment-gallery-thumb size-gallery-thumb\" alt=\"\" loading=\"lazy\" srcset=\"https:\/\/rosenbaum.com.br\/escritorio\/wp-content\/uploads\/2020\/10\/Rosenbaum-Design-Pointer-Neo-Barroco-2-130x130.jpg 130w, https:\/\/rosenbaum.com.br\/escritorio\/wp-content\/uploads\/2020\/10\/Rosenbaum-Design-Pointer-Neo-Barroco-2-300x300.jpg 300w, https:\/\/rosenbaum.com.br\/escritorio\/wp-content\/uploads\/2020\/10\/Rosenbaum-Design-Pointer-Neo-Barroco-2-150x150.jpg 150w, https:\/\/rosenbaum.com.br\/escritorio\/wp-content\/uploads\/2020\/10\/Rosenbaum-Design-Pointer-Neo-Barroco-2-768x769.jpg 768w, https:\/\/rosenbaum.com.br\/escritorio\/wp-content\/uploads\/2020\/10\/Rosenbaum-Design-Pointer-Neo-Barroco-2-640x641.jpg 640w, https:\/\/rosenbaum.com.br\/escritorio\/wp-content\/uploads\/2020\/10\/Rosenbaum-Design-Pointer-Neo-Barroco-2-258x258.jpg 258w, https:\/\/rosenbaum.com.br\/escritorio\/wp-content\/uploads\/2020\/10\/Rosenbaum-Design-Pointer-Neo-Barroco-2.jpg 980w\" sizes=\"(max-width: 130px) 100vw, 130px\">                            <span>2\/3<\/span>\n                        <\/li>\n                                                <li data-target=\"#gallery-1\" data-slide-to=\"2\">\n                            <img width=\"130\" height=\"102\" src=\"https:\/\/rosenbaum.com.br\/escritorio\/wp-content\/uploads\/2020\/10\/Rosenbaum-Design-Pointer-Neo-Barroco-5-130x102.jpg\" class=\"attachment-gallery-thumb size-gallery-thumb\" alt=\"\" loading=\"lazy\" srcset=\"https:\/\/rosenbaum.com.br\/escritorio\/wp-content\/uploads\/2020\/10\/Rosenbaum-Design-Pointer-Neo-Barroco-5-130x102.jpg 130w, https:\/\/rosenbaum.com.br\/escritorio\/wp-content\/uploads\/2020\/10\/Rosenbaum-Design-Pointer-Neo-Barroco-5-300x236.jpg 300w, https:\/\/rosenbaum.com.br\/escritorio\/wp-content\/uploads\/2020\/10\/Rosenbaum-Design-Pointer-Neo-Barroco-5-768x604.jpg 768w, https:\/\/rosenbaum.com.br\/escritorio\/wp-content\/uploads\/2020\/10\/Rosenbaum-Design-Pointer-Neo-Barroco-5-640x504.jpg 640w, https:\/\/rosenbaum.com.br\/escritorio\/wp-content\/uploads\/2020\/10\/Rosenbaum-Design-Pointer-Neo-Barroco-5-258x203.jpg 258w, https:\/\/rosenbaum.com.br\/escritorio\/wp-content\/uploads\/2020\/10\/Rosenbaum-Design-Pointer-Neo-Barroco-5.jpg 980w\" sizes=\"(max-width: 130px) 100vw, 130px\">                            <span>3\/3<\/span>\n                        <\/li>\n                                            <\/ol>\n                    <a class=\"left carousel-control\" href=\"#gallery-1\" role=\"button\" data-slide=\"prev\">\n                        <span class=\"glyphicon glyphicon-chevron-left fa fa-chevron-left\" aria-hidden=\"true\"><\/span>\n                        <span class=\"sr-only\">Anterior<\/span>\n                    <\/a>\n                    <a class=\"right carousel-control\" href=\"#gallery-1\" role=\"button\" data-slide=\"next\">\n                        <span class=\"glyphicon glyphicon-chevron-right fa fa-chevron-right\" aria-hidden=\"true\"><\/span>\n                        <span class=\"sr-only\">Pr\u00f3ximo<\/span>\n                    <\/a>\n                <\/div>\n            <\/div>\n        <\/div>\n    <\/div>\n<\/div>\n<\/div><div class=\"modules\"><div class=\"row\"><div class=\"col-xs-12 col-md-6 col-md-offset-3\"><p><img loading=\"lazy\" class=\"img-responsive aligncenter wp-image-3134\" style=\"font-size: 16px; font-weight: 300;\" src=\"http:\/\/rosenbaum.com.br\/escritorio\/wp-content\/uploads\/2016\/05\/blank-prov.jpg\" alt=\"\" width=\"267\" height=\"100\"><\/p><\/div><\/div><\/div><div class=\"module-image-alone modules\"><img loading=\"lazy\" class=\"img-responsive aligncenter wp-image-9770 size-full\" src=\"http:\/\/rosenbaum.com.br\/escritorio\/wp-content\/uploads\/2020\/10\/Rosenbaum-Design-Pointer-Neo-Barroco-6-4.jpg\" alt=\"\" width=\"225\" height=\"125\" srcset=\"https:\/\/rosenbaum.com.br\/escritorio\/wp-content\/uploads\/2020\/10\/Rosenbaum-Design-Pointer-Neo-Barroco-6-4.jpg 225w, https:\/\/rosenbaum.com.br\/escritorio\/wp-content\/uploads\/2020\/10\/Rosenbaum-Design-Pointer-Neo-Barroco-6-4-130x72.jpg 130w\" sizes=\"(max-width: 225px) 100vw, 225px\"><\/div><div class=\"module-image-alone modules\"><img loading=\"lazy\" class=\"img-responsive aligncenter wp-image-9763 size-full\" src=\"http:\/\/rosenbaum.com.br\/escritorio\/wp-content\/uploads\/2020\/10\/Rosenbaum-Design-Pointer-Neo-Barroco.gif\" alt=\"\" width=\"924\" height=\"700\"><\/div><div class=\"module-image-alone modules\"><img loading=\"lazy\" class=\"img-responsive aligncenter wp-image-9772 size-full\" src=\"http:\/\/rosenbaum.com.br\/escritorio\/wp-content\/uploads\/2020\/10\/Rosenbaum-Design-Pointer-Neo-Barroco-6-6.jpg\" alt=\"\" width=\"225\" height=\"129\" srcset=\"https:\/\/rosenbaum.com.br\/escritorio\/wp-content\/uploads\/2020\/10\/Rosenbaum-Design-Pointer-Neo-Barroco-6-6.jpg 225w, https:\/\/rosenbaum.com.br\/escritorio\/wp-content\/uploads\/2020\/10\/Rosenbaum-Design-Pointer-Neo-Barroco-6-6-130x75.jpg 130w\" sizes=\"(max-width: 225px) 100vw, 225px\"><\/div><div class=\"modules\"><div class=\"row\"><div class=\"col-xs-12 col-md-6 col-md-offset-3\"><p><img loading=\"lazy\" class=\"img-responsive aligncenter wp-image-3134\" style=\"font-size: 16px; font-weight: 300;\" src=\"http:\/\/rosenbaum.com.br\/escritorio\/wp-content\/uploads\/2016\/05\/blank-prov.jpg\" alt=\"\" width=\"267\" height=\"100\"><\/p><\/div><\/div><\/div><div class=\"module-image-between modules\">\n<div class=\"row\">\n<div class=\"col-md-6 col-md-offset-3\">\n<h2 style=\"text-align: center;\">Ficha T\u00e9cnica<\/h2>\n<p style=\"text-align: center;\">\n<strong>Design<\/strong><br>\nRosenbaum e o Fetiche<br>\n\/ Adriana Benguela<br>\n\/ Carolina Armellini<br>\n\/ Paulo Biacchi<br>\n\/ Marcelo Rosenbaum<br>\n\/ Gabriel Freitas<\/p>\n<\/div>\n<\/div>\n<\/div><div class=\"module-image-between modules\">\n<div class=\"row\">\n<p style=\"text-align: center;\">\u00a0<\/p>\n<p style=\"text-align: center;\">\u00a0<\/p>\n<\/div>\n<\/div><div>\n<div class=\"module-image-alone modules\" style=\"text-align: center;\"><img loading=\"lazy\" class=\"img-responsive aligncenter wp-image-3134\" src=\"http:\/\/rosenbaum.com.br\/escritorio\/wp-content\/uploads\/2016\/05\/blank-prov.jpg\" alt=\"\" width=\"80\" height=\"30\"><\/div>\n<\/div>","protected":false},"excerpt":{"rendered":"<p>Linha de estampa para os pisos Cer\u00e2micos Pointer da Portobello, que mescla elementos arabescos do barroco com geometria, criando versatilidade nas combina\u00e7\u00f5es | Rosenbaum e o Fetiche<\/p>\n","protected":false},"author":2,"featured_media":9778,"parent":10344,"menu_order":0,"comment_status":"closed","ping_status":"closed","template":"templates\/project.php","meta":[],"categories":[10],"tags":[],"_links":{"self":[{"href":"https:\/\/rosenbaum.com.br\/escritorio\/wp-json\/wp\/v2\/pages\/9756"}],"collection":[{"href":"https:\/\/rosenbaum.com.br\/escritorio\/wp-json\/wp\/v2\/pages"}],"about":[{"href":"https:\/\/rosenbaum.com.br\/escritorio\/wp-json\/wp\/v2\/types\/page"}],"author":[{"embeddable":true,"href":"https:\/\/rosenbaum.com.br\/escritorio\/wp-json\/wp\/v2\/users\/2"}],"replies":[{"embeddable":true,"href":"https:\/\/rosenbaum.com.br\/escritorio\/wp-json\/wp\/v2\/comments?post=9756"}],"version-history":[{"count":11,"href":"https:\/\/rosenbaum.com.br\/escritorio\/wp-json\/wp\/v2\/pages\/9756\/revisions"}],"predecessor-version":[{"id":10402,"href":"https:\/\/rosenbaum.com.br\/escritorio\/wp-json\/wp\/v2\/pages\/9756\/revisions\/10402"}],"up":[{"embeddable":true,"href":"https:\/\/rosenbaum.com.br\/escritorio\/wp-json\/wp\/v2\/pages\/10344"}],"wp:featuredmedia":[{"embeddable":true,"href":"https:\/\/rosenbaum.com.br\/escritorio\/wp-json\/wp\/v2\/media\/9778"}],"wp:attachment":[{"href":"https:\/\/rosenbaum.com.br\/escritorio\/wp-json\/wp\/v2\/media?parent=9756"}],"wp:term":[{"taxonomy":"category","embeddable":true,"href":"https:\/\/rosenbaum.com.br\/escritorio\/wp-json\/wp\/v2\/categories?post=9756"},{"taxonomy":"post_tag","embeddable":true,"href":"https:\/\/rosenbaum.com.br\/escritorio\/wp-json\/wp\/v2\/tags?post=9756"}],"curies":[{"name":"wp","href":"https:\/\/api.w.org\/{rel}","templated":true}]}}