{"id":9721,"date":"2018-08-25T21:02:47","date_gmt":"2018-08-26T00:02:47","guid":{"rendered":"http:\/\/dev.rosenbaum.com.br\/?page_id=9721"},"modified":"2021-03-29T15:40:14","modified_gmt":"2021-03-29T18:40:14","slug":"rosenbaum-e-o-fetiche-para-oppa","status":"publish","type":"page","link":"https:\/\/rosenbaum.com.br\/escritorio\/projetos\/rosenbaum-e-o-fetiche-para-oppa\/","title":{"rendered":"Rosenbaum e o Fetiche para Oppa"},"content":{"rendered":"<div>\u00a0<\/div><div>\n<div><img loading=\"lazy\" class=\"img-responsive aligncenter wp-image-3134\" style=\"text-align: center;\" src=\"http:\/\/rosenbaum.com.br\/escritorio\/wp-content\/uploads\/2016\/05\/blank-prov.jpg\" alt=\"\" width=\"80\" height=\"30\"><\/div>\n<\/div><div>\u00a0<\/div><div>\n<div class=\"module-image-alone modules\">\n<img loading=\"lazy\" class=\"img-responsive aligncenter wp-image-4238 size-full\" src=\"http:\/\/rosenbaum.com.br\/escritorio\/wp-content\/uploads\/2016\/04\/ID_oppa-icone.png\" alt=\"\" width=\"71\" height=\"67\">\u00a0<\/div>\n<div>\u00a0<\/div>\n<\/div><div>\n<div class=\"module-image-left modules\">\n<div class=\"row\">\n<div class=\"col-md-5 col-md-offset-1 text-right\"><img loading=\"lazy\" class=\"img-responsive aligncenter wp-image-9735 size-full\" src=\"http:\/\/rosenbaum.com.br\/escritorio\/wp-content\/uploads\/2020\/10\/Rosenbaum-Design-Colecao-Oppa-cadeiras-linha-ginasio-1.jpg\" alt=\"\" width=\"1046\" height=\"700\" srcset=\"https:\/\/rosenbaum.com.br\/escritorio\/wp-content\/uploads\/2020\/10\/Rosenbaum-Design-Colecao-Oppa-cadeiras-linha-ginasio-1.jpg 1046w, https:\/\/rosenbaum.com.br\/escritorio\/wp-content\/uploads\/2020\/10\/Rosenbaum-Design-Colecao-Oppa-cadeiras-linha-ginasio-1-300x201.jpg 300w, https:\/\/rosenbaum.com.br\/escritorio\/wp-content\/uploads\/2020\/10\/Rosenbaum-Design-Colecao-Oppa-cadeiras-linha-ginasio-1-1024x685.jpg 1024w, https:\/\/rosenbaum.com.br\/escritorio\/wp-content\/uploads\/2020\/10\/Rosenbaum-Design-Colecao-Oppa-cadeiras-linha-ginasio-1-768x514.jpg 768w, https:\/\/rosenbaum.com.br\/escritorio\/wp-content\/uploads\/2020\/10\/Rosenbaum-Design-Colecao-Oppa-cadeiras-linha-ginasio-1-130x87.jpg 130w, https:\/\/rosenbaum.com.br\/escritorio\/wp-content\/uploads\/2020\/10\/Rosenbaum-Design-Colecao-Oppa-cadeiras-linha-ginasio-1-640x428.jpg 640w, https:\/\/rosenbaum.com.br\/escritorio\/wp-content\/uploads\/2020\/10\/Rosenbaum-Design-Colecao-Oppa-cadeiras-linha-ginasio-1-258x173.jpg 258w\" sizes=\"(max-width: 1046px) 100vw, 1046px\"><\/div>\n<div class=\"col-md-5\">\n<blockquote>\n<p style=\"text-align: left; padding-left: 60px;\">A Cole\u00e7\u00e3o de m\u00f3veis e acess\u00f3rios da Rosenbaum e o Fetiche para o Oppa tem inspira\u00e7\u00e3o nos m\u00f3veis escolares. Inspirados por essa mem\u00f3ria e nostalgia do design escolar, desenvolvemos uma cole\u00e7\u00e3o de m\u00f3veis que misturam conforto com alta tecnologia para m\u00f3veis resistentes e pre\u00e7os democr\u00e1ticos.<\/p>\n<\/blockquote>\n<p>A cole\u00e7\u00e3o Gin\u00e1sio tem um pensamento de sistema para as estantes, vers\u00e1teis na composi\u00e7\u00e3o de estrutura met\u00e1lica e componentes em madeira, com portas met\u00e1licas, lembrando os arm\u00e1rios escolares. A cole\u00e7\u00e3o foi toda desenvolvida com um grande fabricante de m\u00f3veis escolares, que possui capacidade industrial para produ\u00e7\u00e3o em escala e mistura de materiais.<\/p>\n<p>Acess\u00f3rios e estofados comp\u00f5e a linha.<\/p>\n<\/div>\n<\/div>\n<\/div>\n<div>\u00a0<\/div>\n<div class=\"module-image-alone modules\"><img loading=\"lazy\" class=\"img-responsive aligncenter wp-image-9737 size-full\" src=\"http:\/\/rosenbaum.com.br\/escritorio\/wp-content\/uploads\/2020\/10\/Rosenbaum-Design-Colecao-Oppa-desenho.jpg\" alt=\"\" width=\"294\" height=\"287\" srcset=\"https:\/\/rosenbaum.com.br\/escritorio\/wp-content\/uploads\/2020\/10\/Rosenbaum-Design-Colecao-Oppa-desenho.jpg 294w, https:\/\/rosenbaum.com.br\/escritorio\/wp-content\/uploads\/2020\/10\/Rosenbaum-Design-Colecao-Oppa-desenho-130x127.jpg 130w, https:\/\/rosenbaum.com.br\/escritorio\/wp-content\/uploads\/2020\/10\/Rosenbaum-Design-Colecao-Oppa-desenho-258x252.jpg 258w\" sizes=\"(max-width: 294px) 100vw, 294px\"><\/div>\n<div>\n<div class=\"module-image-alone modules\"><img loading=\"lazy\" class=\"img-responsive aligncenter wp-image-9738 size-full\" src=\"http:\/\/rosenbaum.com.br\/escritorio\/wp-content\/uploads\/2020\/10\/Rosenbaum-Design-Colecao-Oppa-referencia-cadeiras-escolares.jpg\" alt=\"\" width=\"979\" height=\"279\" srcset=\"https:\/\/rosenbaum.com.br\/escritorio\/wp-content\/uploads\/2020\/10\/Rosenbaum-Design-Colecao-Oppa-referencia-cadeiras-escolares.jpg 979w, https:\/\/rosenbaum.com.br\/escritorio\/wp-content\/uploads\/2020\/10\/Rosenbaum-Design-Colecao-Oppa-referencia-cadeiras-escolares-300x85.jpg 300w, https:\/\/rosenbaum.com.br\/escritorio\/wp-content\/uploads\/2020\/10\/Rosenbaum-Design-Colecao-Oppa-referencia-cadeiras-escolares-768x219.jpg 768w, https:\/\/rosenbaum.com.br\/escritorio\/wp-content\/uploads\/2020\/10\/Rosenbaum-Design-Colecao-Oppa-referencia-cadeiras-escolares-130x37.jpg 130w, https:\/\/rosenbaum.com.br\/escritorio\/wp-content\/uploads\/2020\/10\/Rosenbaum-Design-Colecao-Oppa-referencia-cadeiras-escolares-640x182.jpg 640w, https:\/\/rosenbaum.com.br\/escritorio\/wp-content\/uploads\/2020\/10\/Rosenbaum-Design-Colecao-Oppa-referencia-cadeiras-escolares-258x74.jpg 258w\" sizes=\"(max-width: 979px) 100vw, 979px\"><\/div>\n<\/div>\n<\/div><div>\n<div>\n<div class=\"module-image-above modules\">\n<div class=\"row\">\n<div class=\"col-md-6 col-md-offset-3\">\n<blockquote>\n<h3 style=\"text-align: center;\">Inspira\u00e7\u00e3o nas mem\u00f3rias afetivas dos tempos de escola<\/h3>\n<\/blockquote>\n<\/div>\n<\/div>\n<\/div>\n<div class=\"module-image-alone modules\"><img loading=\"lazy\" class=\"img-responsive aligncenter wp-image-9729 size-medium\" src=\"http:\/\/rosenbaum.com.br\/escritorio\/wp-content\/uploads\/2020\/10\/3bbd0d_2f7607db236e4d18a305f1583cfd0c74_mv2-300x241.gif\" alt=\"\" width=\"300\" height=\"241\" srcset=\"https:\/\/rosenbaum.com.br\/escritorio\/wp-content\/uploads\/2020\/10\/3bbd0d_2f7607db236e4d18a305f1583cfd0c74_mv2-300x241.gif 300w, https:\/\/rosenbaum.com.br\/escritorio\/wp-content\/uploads\/2020\/10\/3bbd0d_2f7607db236e4d18a305f1583cfd0c74_mv2-1024x822.gif 1024w, https:\/\/rosenbaum.com.br\/escritorio\/wp-content\/uploads\/2020\/10\/3bbd0d_2f7607db236e4d18a305f1583cfd0c74_mv2-767x616.gif 767w, https:\/\/rosenbaum.com.br\/escritorio\/wp-content\/uploads\/2020\/10\/3bbd0d_2f7607db236e4d18a305f1583cfd0c74_mv2-130x104.gif 130w, https:\/\/rosenbaum.com.br\/escritorio\/wp-content\/uploads\/2020\/10\/3bbd0d_2f7607db236e4d18a305f1583cfd0c74_mv2-640x514.gif 640w, https:\/\/rosenbaum.com.br\/escritorio\/wp-content\/uploads\/2020\/10\/3bbd0d_2f7607db236e4d18a305f1583cfd0c74_mv2-258x207.gif 258w\" sizes=\"(max-width: 300px) 100vw, 300px\"><\/div>\n<\/div>\n<div><img loading=\"lazy\" class=\"img-responsive aligncenter wp-image-3134\" src=\"http:\/\/rosenbaum.com.br\/escritorio\/wp-content\/uploads\/2016\/05\/blank-prov.jpg\" alt=\"\" width=\"267\" height=\"100\"><\/div>\n<\/div><div class=\"module-image-alone modules\">\u00a0<\/div><div>\n<div class=\"module-big-image-above modules\">\n<div class=\"row\">\n<div class=\"col-md-6 col-md-offset-3\">\n<h2 class=\"bg-white\">Fotos<\/h2>\n<\/div>\n<\/div>\n<\/div>\n<div class=\"modules gallery\">\n    <div class=\"row\">\n        <div class=\"col-xs-12 col-lg-8 col-lg-offset-2 col-md-10 col-md-offset-1\">\n            <div id=\"gallery-1\" class=\"carousel slide gallery-desktop\" data-ride=\"carousel\">\n                <div class=\"carousel-inner\" role=\"listbox\">\n                                                            <div class=\"item active\">\n                        <img width=\"618\" height=\"402\" src=\"https:\/\/rosenbaum.com.br\/escritorio\/wp-content\/uploads\/2016\/04\/site_radardecoracao.com_.jpg\" class=\"attachment-full size-full\" alt=\"\" loading=\"lazy\">                                            <\/div>\n                                        <div class=\"item \">\n                        <img width=\"2000\" height=\"1333\" src=\"https:\/\/rosenbaum.com.br\/escritorio\/wp-content\/uploads\/2016\/05\/oppa.rosenbaumefetiche-230.jpg\" class=\"attachment-full size-full\" alt=\"\" loading=\"lazy\">                                            <\/div>\n                                        <div class=\"item \">\n                        <img width=\"2000\" height=\"1333\" src=\"https:\/\/rosenbaum.com.br\/escritorio\/wp-content\/uploads\/2016\/05\/oppa.rosenbaumefetiche-227.jpg\" class=\"attachment-full size-full\" alt=\"\" loading=\"lazy\">                                            <\/div>\n                                        <div class=\"item \">\n                        <img width=\"1333\" height=\"2000\" src=\"https:\/\/rosenbaum.com.br\/escritorio\/wp-content\/uploads\/2016\/05\/oppa.rosenbaumefetiche-190.jpg\" class=\"attachment-full size-full\" alt=\"\" loading=\"lazy\">                                            <\/div>\n                                        <div class=\"item \">\n                        <img width=\"1333\" height=\"2000\" src=\"https:\/\/rosenbaum.com.br\/escritorio\/wp-content\/uploads\/2016\/05\/oppa.rosenbaumefetiche-193.jpg\" class=\"attachment-full size-full\" alt=\"\" loading=\"lazy\">                                            <\/div>\n                                        <div class=\"item \">\n                        <img width=\"1333\" height=\"2000\" src=\"https:\/\/rosenbaum.com.br\/escritorio\/wp-content\/uploads\/2016\/05\/oppa.rosenbaumefetiche-201.jpg\" class=\"attachment-full size-full\" alt=\"\" loading=\"lazy\">                                            <\/div>\n                                        <div class=\"item \">\n                        <img width=\"2000\" height=\"1333\" src=\"https:\/\/rosenbaum.com.br\/escritorio\/wp-content\/uploads\/2016\/05\/oppa.rosenbaumefetiche-208.jpg\" class=\"attachment-full size-full\" alt=\"\" loading=\"lazy\">                                            <\/div>\n                                        <div class=\"item \">\n                        <img width=\"2000\" height=\"1333\" src=\"https:\/\/rosenbaum.com.br\/escritorio\/wp-content\/uploads\/2016\/05\/oppa.rosenbaumefetiche-213.jpg\" class=\"attachment-full size-full\" alt=\"\" loading=\"lazy\">                                            <\/div>\n                                        <div class=\"item \">\n                        <img width=\"2000\" height=\"1333\" src=\"https:\/\/rosenbaum.com.br\/escritorio\/wp-content\/uploads\/2016\/05\/oppa.rosenbaumefetiche-124.jpg\" class=\"attachment-full size-full\" alt=\"\" loading=\"lazy\">                                            <\/div>\n                                        <div class=\"item \">\n                        <img width=\"2000\" height=\"1333\" src=\"https:\/\/rosenbaum.com.br\/escritorio\/wp-content\/uploads\/2016\/05\/oppa.rosenbaumefetiche-074.jpg\" class=\"attachment-full size-full\" alt=\"\" loading=\"lazy\">                                            <\/div>\n                                        <div class=\"item \">\n                        <img width=\"1333\" height=\"2000\" src=\"https:\/\/rosenbaum.com.br\/escritorio\/wp-content\/uploads\/2016\/05\/oppa.rosenbaumefetiche-059.jpg\" class=\"attachment-full size-full\" alt=\"\" loading=\"lazy\">                                            <\/div>\n                                        <div class=\"item \">\n                        <img width=\"1333\" height=\"2000\" src=\"https:\/\/rosenbaum.com.br\/escritorio\/wp-content\/uploads\/2016\/05\/oppa.rosenbaumefetiche-062.jpg\" class=\"attachment-full size-full\" alt=\"\" loading=\"lazy\">                                            <\/div>\n                                    <\/div>\n                <div class=\"carousel-indicators-wraper bg-color-90\">\n                    <ol class=\"carousel-indicators\">\n                                                                        <li data-target=\"#gallery-1\" data-slide-to=\"0\" class=\"active\">\n                            <img width=\"130\" height=\"85\" src=\"https:\/\/rosenbaum.com.br\/escritorio\/wp-content\/uploads\/2016\/04\/site_radardecoracao.com_.jpg\" class=\"attachment-gallery-thumb size-gallery-thumb\" alt=\"\" loading=\"lazy\">                            <span>1\/12<\/span>\n                        <\/li>\n                                                <li data-target=\"#gallery-1\" data-slide-to=\"1\">\n                            <img width=\"130\" height=\"87\" src=\"https:\/\/rosenbaum.com.br\/escritorio\/wp-content\/uploads\/2016\/05\/oppa.rosenbaumefetiche-230.jpg\" class=\"attachment-gallery-thumb size-gallery-thumb\" alt=\"\" loading=\"lazy\">                            <span>2\/12<\/span>\n                        <\/li>\n                                                <li data-target=\"#gallery-1\" data-slide-to=\"2\">\n                            <img width=\"130\" height=\"87\" src=\"https:\/\/rosenbaum.com.br\/escritorio\/wp-content\/uploads\/2016\/05\/oppa.rosenbaumefetiche-227.jpg\" class=\"attachment-gallery-thumb size-gallery-thumb\" alt=\"\" loading=\"lazy\">                            <span>3\/12<\/span>\n                        <\/li>\n                                                <li data-target=\"#gallery-1\" data-slide-to=\"3\">\n                            <img width=\"87\" height=\"130\" src=\"https:\/\/rosenbaum.com.br\/escritorio\/wp-content\/uploads\/2016\/05\/oppa.rosenbaumefetiche-190.jpg\" class=\"attachment-gallery-thumb size-gallery-thumb\" alt=\"\" loading=\"lazy\">                            <span>4\/12<\/span>\n                        <\/li>\n                                                <li data-target=\"#gallery-1\" data-slide-to=\"4\">\n                            <img width=\"87\" height=\"130\" src=\"https:\/\/rosenbaum.com.br\/escritorio\/wp-content\/uploads\/2016\/05\/oppa.rosenbaumefetiche-193.jpg\" class=\"attachment-gallery-thumb size-gallery-thumb\" alt=\"\" loading=\"lazy\">                            <span>5\/12<\/span>\n                        <\/li>\n                                                <li data-target=\"#gallery-1\" data-slide-to=\"5\">\n                            <img width=\"87\" height=\"130\" src=\"https:\/\/rosenbaum.com.br\/escritorio\/wp-content\/uploads\/2016\/05\/oppa.rosenbaumefetiche-201.jpg\" class=\"attachment-gallery-thumb size-gallery-thumb\" alt=\"\" loading=\"lazy\">                            <span>6\/12<\/span>\n                        <\/li>\n                                                <li data-target=\"#gallery-1\" data-slide-to=\"6\">\n                            <img width=\"130\" height=\"87\" src=\"https:\/\/rosenbaum.com.br\/escritorio\/wp-content\/uploads\/2016\/05\/oppa.rosenbaumefetiche-208.jpg\" class=\"attachment-gallery-thumb size-gallery-thumb\" alt=\"\" loading=\"lazy\">                            <span>7\/12<\/span>\n                        <\/li>\n                                                <li data-target=\"#gallery-1\" data-slide-to=\"7\">\n                            <img width=\"130\" height=\"87\" src=\"https:\/\/rosenbaum.com.br\/escritorio\/wp-content\/uploads\/2016\/05\/oppa.rosenbaumefetiche-213.jpg\" class=\"attachment-gallery-thumb size-gallery-thumb\" alt=\"\" loading=\"lazy\">                            <span>8\/12<\/span>\n                        <\/li>\n                                                <li data-target=\"#gallery-1\" data-slide-to=\"8\">\n                            <img width=\"130\" height=\"87\" src=\"https:\/\/rosenbaum.com.br\/escritorio\/wp-content\/uploads\/2016\/05\/oppa.rosenbaumefetiche-124.jpg\" class=\"attachment-gallery-thumb size-gallery-thumb\" alt=\"\" loading=\"lazy\">                            <span>9\/12<\/span>\n                        <\/li>\n                                                <li data-target=\"#gallery-1\" data-slide-to=\"9\">\n                            <img width=\"130\" height=\"87\" src=\"https:\/\/rosenbaum.com.br\/escritorio\/wp-content\/uploads\/2016\/05\/oppa.rosenbaumefetiche-074.jpg\" class=\"attachment-gallery-thumb size-gallery-thumb\" alt=\"\" loading=\"lazy\">                            <span>10\/12<\/span>\n                        <\/li>\n                                                <li data-target=\"#gallery-1\" data-slide-to=\"10\">\n                            <img width=\"87\" height=\"130\" src=\"https:\/\/rosenbaum.com.br\/escritorio\/wp-content\/uploads\/2016\/05\/oppa.rosenbaumefetiche-059.jpg\" class=\"attachment-gallery-thumb size-gallery-thumb\" alt=\"\" loading=\"lazy\">                            <span>11\/12<\/span>\n                        <\/li>\n                                                <li data-target=\"#gallery-1\" data-slide-to=\"11\">\n                            <img width=\"87\" height=\"130\" src=\"https:\/\/rosenbaum.com.br\/escritorio\/wp-content\/uploads\/2016\/05\/oppa.rosenbaumefetiche-062.jpg\" class=\"attachment-gallery-thumb size-gallery-thumb\" alt=\"\" loading=\"lazy\">                            <span>12\/12<\/span>\n                        <\/li>\n                                            <\/ol>\n                    <a class=\"left carousel-control\" href=\"#gallery-1\" role=\"button\" data-slide=\"prev\">\n                        <span class=\"glyphicon glyphicon-chevron-left fa fa-chevron-left\" aria-hidden=\"true\"><\/span>\n                        <span class=\"sr-only\">Anterior<\/span>\n                    <\/a>\n                    <a class=\"right carousel-control\" href=\"#gallery-1\" role=\"button\" data-slide=\"next\">\n                        <span class=\"glyphicon glyphicon-chevron-right fa fa-chevron-right\" aria-hidden=\"true\"><\/span>\n                        <span class=\"sr-only\">Pr\u00f3ximo<\/span>\n                    <\/a>\n                <\/div>\n            <\/div>\n        <\/div>\n    <\/div>\n<\/div>\n<\/div><div class=\"modules\"><div class=\"row\"><div class=\"col-xs-12 col-md-6 col-md-offset-3\"><p><img loading=\"lazy\" class=\"img-responsive aligncenter wp-image-3134\" style=\"font-size: 16px; font-weight: 300;\" src=\"http:\/\/rosenbaum.com.br\/escritorio\/wp-content\/uploads\/2016\/05\/blank-prov.jpg\" alt=\"\" width=\"267\" height=\"100\"><\/p><\/div><\/div><\/div><div class=\"module-image-alone modules\"><img loading=\"lazy\" class=\"img-responsive aligncenter wp-image-3333\" src=\"http:\/\/rosenbaum.com.br\/escritorio\/wp-content\/uploads\/2016\/06\/Cadeira_Conexao_Preta_base_preta_2.jpg\" alt=\"\" width=\"699\" height=\"561\"><\/div><div class=\"module-image-alone modules\"><img loading=\"lazy\" class=\"img-responsive aligncenter wp-image-9730 size-medium\" src=\"http:\/\/rosenbaum.com.br\/escritorio\/wp-content\/uploads\/2020\/10\/3bbd0d_b9ba8d890dc0436c82b82bb197819f23_mv2-300x212.gif\" alt=\"\" width=\"300\" height=\"212\" srcset=\"https:\/\/rosenbaum.com.br\/escritorio\/wp-content\/uploads\/2020\/10\/3bbd0d_b9ba8d890dc0436c82b82bb197819f23_mv2-300x212.gif 300w, https:\/\/rosenbaum.com.br\/escritorio\/wp-content\/uploads\/2020\/10\/3bbd0d_b9ba8d890dc0436c82b82bb197819f23_mv2-1023x723.gif 1023w, https:\/\/rosenbaum.com.br\/escritorio\/wp-content\/uploads\/2020\/10\/3bbd0d_b9ba8d890dc0436c82b82bb197819f23_mv2-768x543.gif 768w, https:\/\/rosenbaum.com.br\/escritorio\/wp-content\/uploads\/2020\/10\/3bbd0d_b9ba8d890dc0436c82b82bb197819f23_mv2-130x92.gif 130w, https:\/\/rosenbaum.com.br\/escritorio\/wp-content\/uploads\/2020\/10\/3bbd0d_b9ba8d890dc0436c82b82bb197819f23_mv2-640x452.gif 640w, https:\/\/rosenbaum.com.br\/escritorio\/wp-content\/uploads\/2020\/10\/3bbd0d_b9ba8d890dc0436c82b82bb197819f23_mv2-258x182.gif 258w\" sizes=\"(max-width: 300px) 100vw, 300px\"><\/div><div>\n<div class=\"module-image-alone modules\"><img loading=\"lazy\" class=\"img-responsive aligncenter wp-image-9728 size-full\" src=\"http:\/\/rosenbaum.com.br\/escritorio\/wp-content\/uploads\/2020\/10\/3bbd0d_2a1d0900df1f41488a62bf22c797585a_mv2.gif\" alt=\"\" width=\"1100\" height=\"883\"><\/div>\n<div>\n<div class=\"module-image-alone modules\"><img loading=\"lazy\" class=\"img-responsive aligncenter wp-image-9727 size-medium\" src=\"http:\/\/rosenbaum.com.br\/escritorio\/wp-content\/uploads\/2020\/10\/3bbd0d_1f3cf09fe4c64fccb9e37423daf76cd8_mv2-300x212.gif\" alt=\"\" width=\"300\" height=\"212\" srcset=\"https:\/\/rosenbaum.com.br\/escritorio\/wp-content\/uploads\/2020\/10\/3bbd0d_1f3cf09fe4c64fccb9e37423daf76cd8_mv2-300x212.gif 300w, https:\/\/rosenbaum.com.br\/escritorio\/wp-content\/uploads\/2020\/10\/3bbd0d_1f3cf09fe4c64fccb9e37423daf76cd8_mv2-1023x723.gif 1023w, https:\/\/rosenbaum.com.br\/escritorio\/wp-content\/uploads\/2020\/10\/3bbd0d_1f3cf09fe4c64fccb9e37423daf76cd8_mv2-768x543.gif 768w, https:\/\/rosenbaum.com.br\/escritorio\/wp-content\/uploads\/2020\/10\/3bbd0d_1f3cf09fe4c64fccb9e37423daf76cd8_mv2-130x92.gif 130w, https:\/\/rosenbaum.com.br\/escritorio\/wp-content\/uploads\/2020\/10\/3bbd0d_1f3cf09fe4c64fccb9e37423daf76cd8_mv2-640x452.gif 640w, https:\/\/rosenbaum.com.br\/escritorio\/wp-content\/uploads\/2020\/10\/3bbd0d_1f3cf09fe4c64fccb9e37423daf76cd8_mv2-258x182.gif 258w\" sizes=\"(max-width: 300px) 100vw, 300px\"><\/div>\n<\/div>\n<\/div><div class=\"modules\"><div class=\"row\"><div class=\"col-xs-12 col-md-6 col-md-offset-3\"><p><img loading=\"lazy\" class=\"img-responsive aligncenter wp-image-3134\" style=\"font-size: 16px; font-weight: 300;\" src=\"http:\/\/rosenbaum.com.br\/escritorio\/wp-content\/uploads\/2016\/05\/blank-prov.jpg\" alt=\"\" width=\"267\" height=\"100\"><\/p><\/div><\/div><\/div><div class=\"module-image-alone modules\"><img loading=\"lazy\" class=\"img-responsive aligncenter wp-image-4238 size-full\" src=\"http:\/\/rosenbaum.com.br\/escritorio\/wp-content\/uploads\/2016\/04\/ID_oppa-icone.png\" alt=\"\" width=\"71\" height=\"67\"><\/div><div>\u00a0<\/div><div>\n<div class=\"module-image-left modules\">\n<div class=\"row\">\n<div class=\"col-md-5 col-md-offset-1 text-right\">\n<div class=\"img-square\"><img loading=\"lazy\" class=\"img-responsive aligncenter wp-image-9736 size-full\" src=\"http:\/\/rosenbaum.com.br\/escritorio\/wp-content\/uploads\/2020\/10\/Rosenbaum-Design-Colecao-Oppa-cadeiras-linha-ginasio-2.jpg\" alt=\"\" width=\"482\" height=\"322\" srcset=\"https:\/\/rosenbaum.com.br\/escritorio\/wp-content\/uploads\/2020\/10\/Rosenbaum-Design-Colecao-Oppa-cadeiras-linha-ginasio-2.jpg 482w, https:\/\/rosenbaum.com.br\/escritorio\/wp-content\/uploads\/2020\/10\/Rosenbaum-Design-Colecao-Oppa-cadeiras-linha-ginasio-2-300x200.jpg 300w, https:\/\/rosenbaum.com.br\/escritorio\/wp-content\/uploads\/2020\/10\/Rosenbaum-Design-Colecao-Oppa-cadeiras-linha-ginasio-2-130x87.jpg 130w, https:\/\/rosenbaum.com.br\/escritorio\/wp-content\/uploads\/2020\/10\/Rosenbaum-Design-Colecao-Oppa-cadeiras-linha-ginasio-2-258x172.jpg 258w\" sizes=\"(max-width: 482px) 100vw, 482px\"><\/div>\n<\/div>\n<div class=\"col-md-5\">\n<h2 style=\"text-align: left;\">Ficha T\u00e9cnica<\/h2>\n<p>\n<strong>Design<\/strong><br>\nRosenbaum e o Fetiche<br>\n\/ Adriana Benguela<br>\n\/ Carolina Armellini <br>\n\/ Marcelo Rosenbaum<br>\n\/ Paulo Biacchi<\/p>\n<\/div>\n<\/div>\n<\/div>\n<\/div><div class=\"module-image-between modules\">\n<div class=\"row\">\n<p style=\"text-align: center;\">\u00a0<\/p>\n<p style=\"text-align: center;\">\u00a0<\/p>\n<\/div>\n<\/div><div>\n<div class=\"module-image-alone modules\" style=\"text-align: center;\"><img loading=\"lazy\" class=\"img-responsive aligncenter wp-image-3134\" src=\"http:\/\/rosenbaum.com.br\/escritorio\/wp-content\/uploads\/2016\/05\/blank-prov.jpg\" alt=\"\" width=\"80\" height=\"30\"><\/div>\n<\/div>","protected":false},"excerpt":{"rendered":"<p>Com inspira\u00e7\u00e3o nos m\u00f3veis escolares, a cole\u00e7\u00e3o Gin\u00e1sio e os outros acess\u00f3rios e estofados que comp\u00f5em a linha tem versatilidade e variedade de materiais.<\/p>\n","protected":false},"author":2,"featured_media":9744,"parent":10344,"menu_order":0,"comment_status":"closed","ping_status":"closed","template":"templates\/project.php","meta":[],"categories":[10],"tags":[],"_links":{"self":[{"href":"https:\/\/rosenbaum.com.br\/escritorio\/wp-json\/wp\/v2\/pages\/9721"}],"collection":[{"href":"https:\/\/rosenbaum.com.br\/escritorio\/wp-json\/wp\/v2\/pages"}],"about":[{"href":"https:\/\/rosenbaum.com.br\/escritorio\/wp-json\/wp\/v2\/types\/page"}],"author":[{"embeddable":true,"href":"https:\/\/rosenbaum.com.br\/escritorio\/wp-json\/wp\/v2\/users\/2"}],"replies":[{"embeddable":true,"href":"https:\/\/rosenbaum.com.br\/escritorio\/wp-json\/wp\/v2\/comments?post=9721"}],"version-history":[{"count":22,"href":"https:\/\/rosenbaum.com.br\/escritorio\/wp-json\/wp\/v2\/pages\/9721\/revisions"}],"predecessor-version":[{"id":9781,"href":"https:\/\/rosenbaum.com.br\/escritorio\/wp-json\/wp\/v2\/pages\/9721\/revisions\/9781"}],"up":[{"embeddable":true,"href":"https:\/\/rosenbaum.com.br\/escritorio\/wp-json\/wp\/v2\/pages\/10344"}],"wp:featuredmedia":[{"embeddable":true,"href":"https:\/\/rosenbaum.com.br\/escritorio\/wp-json\/wp\/v2\/media\/9744"}],"wp:attachment":[{"href":"https:\/\/rosenbaum.com.br\/escritorio\/wp-json\/wp\/v2\/media?parent=9721"}],"wp:term":[{"taxonomy":"category","embeddable":true,"href":"https:\/\/rosenbaum.com.br\/escritorio\/wp-json\/wp\/v2\/categories?post=9721"},{"taxonomy":"post_tag","embeddable":true,"href":"https:\/\/rosenbaum.com.br\/escritorio\/wp-json\/wp\/v2\/tags?post=9721"}],"curies":[{"name":"wp","href":"https:\/\/api.w.org\/{rel}","templated":true}]}}