{"id":9610,"date":"2017-11-25T14:30:09","date_gmt":"2017-11-25T16:30:09","guid":{"rendered":"http:\/\/dev.rosenbaum.com.br\/?page_id=9610"},"modified":"2021-04-04T23:58:31","modified_gmt":"2021-04-05T02:58:31","slug":"loccitane-au-bresil-abraco","status":"publish","type":"page","link":"https:\/\/rosenbaum.com.br\/escritorio\/projetos\/loccitane-au-bresil-abraco\/","title":{"rendered":"L\u2019Occitane au Br\u00e9sil \u2013 Abra\u00e7o"},"content":{"rendered":"<div>\u00a0<img loading=\"lazy\" class=\"img-responsive aligncenter wp-image-3134\" style=\"text-align: center;\" src=\"http:\/\/rosenbaum.com.br\/escritorio\/wp-content\/uploads\/2016\/05\/blank-prov.jpg\" alt=\"\" width=\"80\" height=\"30\">\n<\/div><div>\n<div class=\"module-image-alone modules\"><img loading=\"lazy\" class=\"img-responsive aligncenter wp-image-9614 size-full\" src=\"http:\/\/rosenbaum.com.br\/escritorio\/wp-content\/uploads\/2020\/10\/Rosenbaum-e-o-Fetiche-Design_Loccitane-Bresil-Abraco-3.jpg\" alt=\"\" width=\"978\" height=\"800\" srcset=\"https:\/\/rosenbaum.com.br\/escritorio\/wp-content\/uploads\/2020\/10\/Rosenbaum-e-o-Fetiche-Design_Loccitane-Bresil-Abraco-3.jpg 978w, https:\/\/rosenbaum.com.br\/escritorio\/wp-content\/uploads\/2020\/10\/Rosenbaum-e-o-Fetiche-Design_Loccitane-Bresil-Abraco-3-300x245.jpg 300w, https:\/\/rosenbaum.com.br\/escritorio\/wp-content\/uploads\/2020\/10\/Rosenbaum-e-o-Fetiche-Design_Loccitane-Bresil-Abraco-3-768x628.jpg 768w, https:\/\/rosenbaum.com.br\/escritorio\/wp-content\/uploads\/2020\/10\/Rosenbaum-e-o-Fetiche-Design_Loccitane-Bresil-Abraco-3-130x106.jpg 130w, https:\/\/rosenbaum.com.br\/escritorio\/wp-content\/uploads\/2020\/10\/Rosenbaum-e-o-Fetiche-Design_Loccitane-Bresil-Abraco-3-640x524.jpg 640w, https:\/\/rosenbaum.com.br\/escritorio\/wp-content\/uploads\/2020\/10\/Rosenbaum-e-o-Fetiche-Design_Loccitane-Bresil-Abraco-3-258x211.jpg 258w\" sizes=\"(max-width: 978px) 100vw, 978px\"><\/div>\n<div><img loading=\"lazy\" class=\"img-responsive aligncenter wp-image-3134\" style=\"font-size: 16px; font-weight: 300;\" src=\"http:\/\/rosenbaum.com.br\/escritorio\/wp-content\/uploads\/2016\/05\/blank-prov.jpg\" alt=\"\" width=\"267\" height=\"100\"><\/div>\n<\/div><div>\n<div class=\"module-image-between modules\">\n<div class=\"row\">\n<div class=\"col-md-6 col-md-offset-3\">\n<blockquote>\n<p>O frasco de perfume foi baseado na sensa\u00e7\u00e3o proposta pela fragr\u00e2ncia, o cheiro do abra\u00e7o. O abra\u00e7o \u00e9 uma forma de expressar sentimentos, uma maneira de se conectar, um sinal de carinho, amor, afeto e amizade. O desenho do n\u00f3 lembra o entrela\u00e7amento dos seres, reflete que n\u00e3o existe nem princ\u00edpio nem fim, um ciclo de troca, como o Abra\u00e7o.<\/p>\n<\/blockquote>\n<\/div>\n<\/div>\n<\/div>\n<p><img loading=\"lazy\" class=\"img-responsive aligncenter wp-image-3134\" style=\"font-size: 16px; font-weight: 300;\" src=\"http:\/\/rosenbaum.com.br\/escritorio\/wp-content\/uploads\/2016\/05\/blank-prov.jpg\" alt=\"\" width=\"267\" height=\"100\"><\/p>\n<\/div><div>\n<div class=\"embed-responsive embed-responsive-16by9\">\n<div class=\"embed-responsive embed-responsive-16by9\">\n<div class=\"embed-responsive embed-responsive-16by9\">\n<div class=\"module-big-image-above modules\">\n<div class=\"embed-responsive embed-responsive-16by9\"><iframe loading=\"lazy\" src=\"https:\/\/www.youtube.com\/embed\/rNHPLm5A6bI\" width=\"560\" height=\"315\" frameborder=\"0\" allowfullscreen=\"allowfullscreen\"><\/iframe><\/div>\n<\/div>\n<\/div>\n<\/div>\n<\/div>\n<\/div><div class=\"module-image-alone modules\"><img loading=\"lazy\" class=\"img-responsive aligncenter wp-image-3134\" src=\"http:\/\/rosenbaum.com.br\/escritorio\/wp-content\/uploads\/2016\/05\/blank-prov.jpg\" alt=\"\" width=\"267\" height=\"100\"><\/div><div>\n<div class=\"module-big-image-above modules\">\n<div class=\"row\">\n<div class=\"col-md-6 col-md-offset-3\">\n<h2 class=\"bg-white\">Fotos<\/h2>\n<\/div>\n<\/div>\n<\/div>\n<div class=\"modules gallery\">\n    <div class=\"row\">\n        <div class=\"col-xs-12 col-lg-8 col-lg-offset-2 col-md-10 col-md-offset-1\">\n            <div id=\"gallery-1\" class=\"carousel slide gallery-desktop\" data-ride=\"carousel\">\n                <div class=\"carousel-inner\" role=\"listbox\">\n                                                            <div class=\"item active\">\n                        <img width=\"599\" height=\"800\" src=\"https:\/\/rosenbaum.com.br\/escritorio\/wp-content\/uploads\/2020\/10\/Rosenbaum-e-o-Fetiche-Design_Loccitane-Bresil-Abraco-2.jpg\" class=\"attachment-full size-full\" alt=\"\" loading=\"lazy\" srcset=\"https:\/\/rosenbaum.com.br\/escritorio\/wp-content\/uploads\/2020\/10\/Rosenbaum-e-o-Fetiche-Design_Loccitane-Bresil-Abraco-2.jpg 599w, https:\/\/rosenbaum.com.br\/escritorio\/wp-content\/uploads\/2020\/10\/Rosenbaum-e-o-Fetiche-Design_Loccitane-Bresil-Abraco-2-225x300.jpg 225w, https:\/\/rosenbaum.com.br\/escritorio\/wp-content\/uploads\/2020\/10\/Rosenbaum-e-o-Fetiche-Design_Loccitane-Bresil-Abraco-2-97x130.jpg 97w, https:\/\/rosenbaum.com.br\/escritorio\/wp-content\/uploads\/2020\/10\/Rosenbaum-e-o-Fetiche-Design_Loccitane-Bresil-Abraco-2-258x345.jpg 258w\" sizes=\"(max-width: 599px) 100vw, 599px\">                                            <\/div>\n                                        <div class=\"item \">\n                        <img width=\"800\" height=\"800\" src=\"https:\/\/rosenbaum.com.br\/escritorio\/wp-content\/uploads\/2020\/10\/Rosenbaum-e-o-Fetiche-Design_Loccitane-Bresil-Abraco-1.jpg\" class=\"attachment-full size-full\" alt=\"\" loading=\"lazy\" srcset=\"https:\/\/rosenbaum.com.br\/escritorio\/wp-content\/uploads\/2020\/10\/Rosenbaum-e-o-Fetiche-Design_Loccitane-Bresil-Abraco-1.jpg 800w, https:\/\/rosenbaum.com.br\/escritorio\/wp-content\/uploads\/2020\/10\/Rosenbaum-e-o-Fetiche-Design_Loccitane-Bresil-Abraco-1-300x300.jpg 300w, https:\/\/rosenbaum.com.br\/escritorio\/wp-content\/uploads\/2020\/10\/Rosenbaum-e-o-Fetiche-Design_Loccitane-Bresil-Abraco-1-150x150.jpg 150w, https:\/\/rosenbaum.com.br\/escritorio\/wp-content\/uploads\/2020\/10\/Rosenbaum-e-o-Fetiche-Design_Loccitane-Bresil-Abraco-1-768x768.jpg 768w, https:\/\/rosenbaum.com.br\/escritorio\/wp-content\/uploads\/2020\/10\/Rosenbaum-e-o-Fetiche-Design_Loccitane-Bresil-Abraco-1-130x130.jpg 130w, https:\/\/rosenbaum.com.br\/escritorio\/wp-content\/uploads\/2020\/10\/Rosenbaum-e-o-Fetiche-Design_Loccitane-Bresil-Abraco-1-640x640.jpg 640w, https:\/\/rosenbaum.com.br\/escritorio\/wp-content\/uploads\/2020\/10\/Rosenbaum-e-o-Fetiche-Design_Loccitane-Bresil-Abraco-1-258x258.jpg 258w\" sizes=\"(max-width: 800px) 100vw, 800px\">                                            <\/div>\n                                    <\/div>\n                <div class=\"carousel-indicators-wraper bg-color-90\">\n                    <ol class=\"carousel-indicators\">\n                                                                        <li data-target=\"#gallery-1\" data-slide-to=\"0\" class=\"active\">\n                            <img width=\"97\" height=\"130\" src=\"https:\/\/rosenbaum.com.br\/escritorio\/wp-content\/uploads\/2020\/10\/Rosenbaum-e-o-Fetiche-Design_Loccitane-Bresil-Abraco-2-97x130.jpg\" class=\"attachment-gallery-thumb size-gallery-thumb\" alt=\"\" loading=\"lazy\" srcset=\"https:\/\/rosenbaum.com.br\/escritorio\/wp-content\/uploads\/2020\/10\/Rosenbaum-e-o-Fetiche-Design_Loccitane-Bresil-Abraco-2-97x130.jpg 97w, https:\/\/rosenbaum.com.br\/escritorio\/wp-content\/uploads\/2020\/10\/Rosenbaum-e-o-Fetiche-Design_Loccitane-Bresil-Abraco-2-225x300.jpg 225w, https:\/\/rosenbaum.com.br\/escritorio\/wp-content\/uploads\/2020\/10\/Rosenbaum-e-o-Fetiche-Design_Loccitane-Bresil-Abraco-2-258x345.jpg 258w, https:\/\/rosenbaum.com.br\/escritorio\/wp-content\/uploads\/2020\/10\/Rosenbaum-e-o-Fetiche-Design_Loccitane-Bresil-Abraco-2.jpg 599w\" sizes=\"(max-width: 97px) 100vw, 97px\">                            <span>1\/2<\/span>\n                        <\/li>\n                                                <li data-target=\"#gallery-1\" data-slide-to=\"1\">\n                            <img width=\"130\" height=\"130\" src=\"https:\/\/rosenbaum.com.br\/escritorio\/wp-content\/uploads\/2020\/10\/Rosenbaum-e-o-Fetiche-Design_Loccitane-Bresil-Abraco-1-130x130.jpg\" class=\"attachment-gallery-thumb size-gallery-thumb\" alt=\"\" loading=\"lazy\" srcset=\"https:\/\/rosenbaum.com.br\/escritorio\/wp-content\/uploads\/2020\/10\/Rosenbaum-e-o-Fetiche-Design_Loccitane-Bresil-Abraco-1-130x130.jpg 130w, https:\/\/rosenbaum.com.br\/escritorio\/wp-content\/uploads\/2020\/10\/Rosenbaum-e-o-Fetiche-Design_Loccitane-Bresil-Abraco-1-300x300.jpg 300w, https:\/\/rosenbaum.com.br\/escritorio\/wp-content\/uploads\/2020\/10\/Rosenbaum-e-o-Fetiche-Design_Loccitane-Bresil-Abraco-1-150x150.jpg 150w, https:\/\/rosenbaum.com.br\/escritorio\/wp-content\/uploads\/2020\/10\/Rosenbaum-e-o-Fetiche-Design_Loccitane-Bresil-Abraco-1-768x768.jpg 768w, https:\/\/rosenbaum.com.br\/escritorio\/wp-content\/uploads\/2020\/10\/Rosenbaum-e-o-Fetiche-Design_Loccitane-Bresil-Abraco-1-640x640.jpg 640w, https:\/\/rosenbaum.com.br\/escritorio\/wp-content\/uploads\/2020\/10\/Rosenbaum-e-o-Fetiche-Design_Loccitane-Bresil-Abraco-1-258x258.jpg 258w, https:\/\/rosenbaum.com.br\/escritorio\/wp-content\/uploads\/2020\/10\/Rosenbaum-e-o-Fetiche-Design_Loccitane-Bresil-Abraco-1.jpg 800w\" sizes=\"(max-width: 130px) 100vw, 130px\">                            <span>2\/2<\/span>\n                        <\/li>\n                                            <\/ol>\n                    <a class=\"left carousel-control\" href=\"#gallery-1\" role=\"button\" data-slide=\"prev\">\n                        <span class=\"glyphicon glyphicon-chevron-left fa fa-chevron-left\" aria-hidden=\"true\"><\/span>\n                        <span class=\"sr-only\">Anterior<\/span>\n                    <\/a>\n                    <a class=\"right carousel-control\" href=\"#gallery-1\" role=\"button\" data-slide=\"next\">\n                        <span class=\"glyphicon glyphicon-chevron-right fa fa-chevron-right\" aria-hidden=\"true\"><\/span>\n                        <span class=\"sr-only\">Pr\u00f3ximo<\/span>\n                    <\/a>\n                <\/div>\n            <\/div>\n        <\/div>\n    <\/div>\n<\/div>\n<\/div><div class=\"modules\"><div class=\"row\"><div class=\"col-xs-12 col-md-6 col-md-offset-3\"><p><img loading=\"lazy\" class=\"img-responsive aligncenter wp-image-3134\" style=\"font-size: 16px; font-weight: 300;\" src=\"http:\/\/rosenbaum.com.br\/escritorio\/wp-content\/uploads\/2016\/05\/blank-prov.jpg\" alt=\"\" width=\"267\" height=\"100\"><\/p><\/div><\/div><\/div><div class=\"module-image-between modules\">\n<div class=\"row\">\n<div class=\"col-md-6 col-md-offset-3\">\u00a0<\/div>\n<\/div>\n<\/div><div class=\"module-image-between modules\">\n<div class=\"row\">\n<h2 style=\"text-align: center;\">Ficha T\u00e9cnica<\/h2>\n<p style=\"text-align: center;\">\u00a0<\/p>\n<p style=\"text-align: center;\"><strong>Design<\/strong><br>\nRosenbaum e o Fetiche <br>\n\/ Marcelo Rosenbaum<br>\n\/ Adriana Benguela<br>\n\/ Paulo Biacchi<br>\n\/ Carolina Armellini<\/p>\n<p style=\"text-align: center;\"><strong>Colabora\u00e7\u00e3o<\/strong><br>\nGabriel Freitas<\/p>\n<\/div>\n<\/div><div>\n<div class=\"module-image-alone modules\" style=\"text-align: center;\"><img loading=\"lazy\" class=\"img-responsive aligncenter wp-image-3134\" src=\"http:\/\/rosenbaum.com.br\/escritorio\/wp-content\/uploads\/2016\/05\/blank-prov.jpg\" alt=\"\" width=\"80\" height=\"30\"><\/div>\n<\/div>","protected":false},"excerpt":{"rendered":"<p>A forma de n\u00f3 no vidro lembra o entrela\u00e7amento. Rosenbaum e o Fetiche.<\/p>\n","protected":false},"author":2,"featured_media":9611,"parent":10344,"menu_order":0,"comment_status":"closed","ping_status":"closed","template":"templates\/project.php","meta":[],"categories":[10],"tags":[],"_links":{"self":[{"href":"https:\/\/rosenbaum.com.br\/escritorio\/wp-json\/wp\/v2\/pages\/9610"}],"collection":[{"href":"https:\/\/rosenbaum.com.br\/escritorio\/wp-json\/wp\/v2\/pages"}],"about":[{"href":"https:\/\/rosenbaum.com.br\/escritorio\/wp-json\/wp\/v2\/types\/page"}],"author":[{"embeddable":true,"href":"https:\/\/rosenbaum.com.br\/escritorio\/wp-json\/wp\/v2\/users\/2"}],"replies":[{"embeddable":true,"href":"https:\/\/rosenbaum.com.br\/escritorio\/wp-json\/wp\/v2\/comments?post=9610"}],"version-history":[{"count":6,"href":"https:\/\/rosenbaum.com.br\/escritorio\/wp-json\/wp\/v2\/pages\/9610\/revisions"}],"predecessor-version":[{"id":10371,"href":"https:\/\/rosenbaum.com.br\/escritorio\/wp-json\/wp\/v2\/pages\/9610\/revisions\/10371"}],"up":[{"embeddable":true,"href":"https:\/\/rosenbaum.com.br\/escritorio\/wp-json\/wp\/v2\/pages\/10344"}],"wp:featuredmedia":[{"embeddable":true,"href":"https:\/\/rosenbaum.com.br\/escritorio\/wp-json\/wp\/v2\/media\/9611"}],"wp:attachment":[{"href":"https:\/\/rosenbaum.com.br\/escritorio\/wp-json\/wp\/v2\/media?parent=9610"}],"wp:term":[{"taxonomy":"category","embeddable":true,"href":"https:\/\/rosenbaum.com.br\/escritorio\/wp-json\/wp\/v2\/categories?post=9610"},{"taxonomy":"post_tag","embeddable":true,"href":"https:\/\/rosenbaum.com.br\/escritorio\/wp-json\/wp\/v2\/tags?post=9610"}],"curies":[{"name":"wp","href":"https:\/\/api.w.org\/{rel}","templated":true}]}}