{"id":9587,"date":"2017-07-25T13:43:06","date_gmt":"2017-07-25T16:43:06","guid":{"rendered":"http:\/\/dev.rosenbaum.com.br\/?page_id=9587"},"modified":"2021-04-04T23:58:10","modified_gmt":"2021-04-05T02:58:10","slug":"loccitane-au-bresil-cumaru","status":"publish","type":"page","link":"https:\/\/rosenbaum.com.br\/escritorio\/projetos\/loccitane-au-bresil-cumaru\/","title":{"rendered":"L\u2019Occitane au Br\u00e9sil &#8211; Cumaru"},"content":{"rendered":"<div>\u00a0<img loading=\"lazy\" class=\"img-responsive aligncenter wp-image-3134\" style=\"text-align: center;\" src=\"http:\/\/rosenbaum.com.br\/escritorio\/wp-content\/uploads\/2016\/05\/blank-prov.jpg\" alt=\"\" width=\"80\" height=\"30\">\n<\/div><div>\n<div class=\"module-image-alone modules\"><img loading=\"lazy\" class=\"img-responsive aligncenter wp-image-9595 size-full\" src=\"http:\/\/rosenbaum.com.br\/escritorio\/wp-content\/uploads\/2020\/10\/Rosenbaum-e-o-Fetiche-Design_Loccitane-Bresil-Cumaru-5-B.jpg\" alt=\"\" width=\"978\" height=\"709\" srcset=\"https:\/\/rosenbaum.com.br\/escritorio\/wp-content\/uploads\/2020\/10\/Rosenbaum-e-o-Fetiche-Design_Loccitane-Bresil-Cumaru-5-B.jpg 978w, https:\/\/rosenbaum.com.br\/escritorio\/wp-content\/uploads\/2020\/10\/Rosenbaum-e-o-Fetiche-Design_Loccitane-Bresil-Cumaru-5-B-300x217.jpg 300w, https:\/\/rosenbaum.com.br\/escritorio\/wp-content\/uploads\/2020\/10\/Rosenbaum-e-o-Fetiche-Design_Loccitane-Bresil-Cumaru-5-B-768x557.jpg 768w, https:\/\/rosenbaum.com.br\/escritorio\/wp-content\/uploads\/2020\/10\/Rosenbaum-e-o-Fetiche-Design_Loccitane-Bresil-Cumaru-5-B-130x94.jpg 130w, https:\/\/rosenbaum.com.br\/escritorio\/wp-content\/uploads\/2020\/10\/Rosenbaum-e-o-Fetiche-Design_Loccitane-Bresil-Cumaru-5-B-640x464.jpg 640w, https:\/\/rosenbaum.com.br\/escritorio\/wp-content\/uploads\/2020\/10\/Rosenbaum-e-o-Fetiche-Design_Loccitane-Bresil-Cumaru-5-B-258x187.jpg 258w\" sizes=\"(max-width: 978px) 100vw, 978px\"><\/div>\n<div><img loading=\"lazy\" class=\"img-responsive aligncenter wp-image-3134\" style=\"font-size: 16px; font-weight: 300;\" src=\"http:\/\/rosenbaum.com.br\/escritorio\/wp-content\/uploads\/2016\/05\/blank-prov.jpg\" alt=\"\" width=\"267\" height=\"100\"><\/div>\n<\/div><div>\n<div class=\"module-image-between modules\">\n<div class=\"row\">\n<div class=\"col-md-6 col-md-offset-3\">\n<blockquote>\n<p>O frasco de perfume foi baseado semente da fragr\u00e2ncia que o pr\u00f3prio cont\u00e9m, uma semente brasileira chamada Cumaru, a \u201cbaunilha brasileira\u201d. A forma \u00e9 uma releitura dessa semente sob uma \u00f3tica minimalista e geom\u00e9trica. A embalagem presa pela portabilidade, assim sua forma esguia e arredondada foi pensada para ser carregada em bolsas e necessaires.<\/p>\n<\/blockquote>\n<\/div>\n<\/div>\n<\/div>\n<p><img loading=\"lazy\" class=\"img-responsive aligncenter wp-image-3134\" style=\"font-size: 16px; font-weight: 300;\" src=\"http:\/\/rosenbaum.com.br\/escritorio\/wp-content\/uploads\/2016\/05\/blank-prov.jpg\" alt=\"\" width=\"267\" height=\"100\"><\/p>\n<\/div><div>\n<div class=\"embed-responsive embed-responsive-16by9\">\n<div class=\"embed-responsive embed-responsive-16by9\">\n<div class=\"module-big-image-above modules\">\n<div class=\"embed-responsive embed-responsive-16by9\"><iframe loading=\"lazy\" src=\"https:\/\/www.youtube.com\/embed\/mVETtpMC6jI\" width=\"560\" height=\"315\" frameborder=\"0\" allowfullscreen=\"allowfullscreen\"><\/iframe><\/div>\n<\/div>\n<\/div>\n<\/div>\n<\/div><div class=\"module-image-alone modules\"><img loading=\"lazy\" class=\"img-responsive aligncenter wp-image-3134\" src=\"http:\/\/rosenbaum.com.br\/escritorio\/wp-content\/uploads\/2016\/05\/blank-prov.jpg\" alt=\"\" width=\"267\" height=\"100\"><\/div><div>\n<div class=\"module-big-image-above modules\">\n<div class=\"row\">\n<div class=\"col-md-6 col-md-offset-3\">\n<h2 class=\"bg-white\">Fotos<\/h2>\n<\/div>\n<\/div>\n<\/div>\n<div class=\"modules gallery\">\n    <div class=\"row\">\n        <div class=\"col-xs-12 col-lg-8 col-lg-offset-2 col-md-10 col-md-offset-1\">\n            <div id=\"gallery-1\" class=\"carousel slide gallery-desktop\" data-ride=\"carousel\">\n                <div class=\"carousel-inner\" role=\"listbox\">\n                                                            <div class=\"item active\">\n                        <img width=\"1313\" height=\"800\" src=\"https:\/\/rosenbaum.com.br\/escritorio\/wp-content\/uploads\/2020\/10\/Rosenbaum-e-o-Fetiche-Design_Loccitane-Bresil-Cumaru-3.jpg\" class=\"attachment-full size-full\" alt=\"\" loading=\"lazy\" srcset=\"https:\/\/rosenbaum.com.br\/escritorio\/wp-content\/uploads\/2020\/10\/Rosenbaum-e-o-Fetiche-Design_Loccitane-Bresil-Cumaru-3.jpg 1313w, https:\/\/rosenbaum.com.br\/escritorio\/wp-content\/uploads\/2020\/10\/Rosenbaum-e-o-Fetiche-Design_Loccitane-Bresil-Cumaru-3-300x183.jpg 300w, https:\/\/rosenbaum.com.br\/escritorio\/wp-content\/uploads\/2020\/10\/Rosenbaum-e-o-Fetiche-Design_Loccitane-Bresil-Cumaru-3-1024x624.jpg 1024w, https:\/\/rosenbaum.com.br\/escritorio\/wp-content\/uploads\/2020\/10\/Rosenbaum-e-o-Fetiche-Design_Loccitane-Bresil-Cumaru-3-768x468.jpg 768w, https:\/\/rosenbaum.com.br\/escritorio\/wp-content\/uploads\/2020\/10\/Rosenbaum-e-o-Fetiche-Design_Loccitane-Bresil-Cumaru-3-130x79.jpg 130w, https:\/\/rosenbaum.com.br\/escritorio\/wp-content\/uploads\/2020\/10\/Rosenbaum-e-o-Fetiche-Design_Loccitane-Bresil-Cumaru-3-640x390.jpg 640w, https:\/\/rosenbaum.com.br\/escritorio\/wp-content\/uploads\/2020\/10\/Rosenbaum-e-o-Fetiche-Design_Loccitane-Bresil-Cumaru-3-1280x780.jpg 1280w, https:\/\/rosenbaum.com.br\/escritorio\/wp-content\/uploads\/2020\/10\/Rosenbaum-e-o-Fetiche-Design_Loccitane-Bresil-Cumaru-3-258x157.jpg 258w\" sizes=\"(max-width: 1313px) 100vw, 1313px\">                                            <\/div>\n                                        <div class=\"item \">\n                        <img width=\"1313\" height=\"800\" src=\"https:\/\/rosenbaum.com.br\/escritorio\/wp-content\/uploads\/2020\/10\/Rosenbaum-e-o-Fetiche-Design_Loccitane-Bresil-Cumaru-2.jpg\" class=\"attachment-full size-full\" alt=\"\" loading=\"lazy\" srcset=\"https:\/\/rosenbaum.com.br\/escritorio\/wp-content\/uploads\/2020\/10\/Rosenbaum-e-o-Fetiche-Design_Loccitane-Bresil-Cumaru-2.jpg 1313w, https:\/\/rosenbaum.com.br\/escritorio\/wp-content\/uploads\/2020\/10\/Rosenbaum-e-o-Fetiche-Design_Loccitane-Bresil-Cumaru-2-300x183.jpg 300w, https:\/\/rosenbaum.com.br\/escritorio\/wp-content\/uploads\/2020\/10\/Rosenbaum-e-o-Fetiche-Design_Loccitane-Bresil-Cumaru-2-1024x624.jpg 1024w, https:\/\/rosenbaum.com.br\/escritorio\/wp-content\/uploads\/2020\/10\/Rosenbaum-e-o-Fetiche-Design_Loccitane-Bresil-Cumaru-2-768x468.jpg 768w, https:\/\/rosenbaum.com.br\/escritorio\/wp-content\/uploads\/2020\/10\/Rosenbaum-e-o-Fetiche-Design_Loccitane-Bresil-Cumaru-2-130x79.jpg 130w, https:\/\/rosenbaum.com.br\/escritorio\/wp-content\/uploads\/2020\/10\/Rosenbaum-e-o-Fetiche-Design_Loccitane-Bresil-Cumaru-2-640x390.jpg 640w, https:\/\/rosenbaum.com.br\/escritorio\/wp-content\/uploads\/2020\/10\/Rosenbaum-e-o-Fetiche-Design_Loccitane-Bresil-Cumaru-2-1280x780.jpg 1280w, https:\/\/rosenbaum.com.br\/escritorio\/wp-content\/uploads\/2020\/10\/Rosenbaum-e-o-Fetiche-Design_Loccitane-Bresil-Cumaru-2-258x157.jpg 258w\" sizes=\"(max-width: 1313px) 100vw, 1313px\">                                            <\/div>\n                                        <div class=\"item \">\n                        <img width=\"887\" height=\"800\" src=\"https:\/\/rosenbaum.com.br\/escritorio\/wp-content\/uploads\/2020\/10\/Rosenbaum-e-o-Fetiche-Design_Loccitane-Bresil-Cumaru-1-B.jpg\" class=\"attachment-full size-full\" alt=\"\" loading=\"lazy\" srcset=\"https:\/\/rosenbaum.com.br\/escritorio\/wp-content\/uploads\/2020\/10\/Rosenbaum-e-o-Fetiche-Design_Loccitane-Bresil-Cumaru-1-B.jpg 887w, https:\/\/rosenbaum.com.br\/escritorio\/wp-content\/uploads\/2020\/10\/Rosenbaum-e-o-Fetiche-Design_Loccitane-Bresil-Cumaru-1-B-300x271.jpg 300w, https:\/\/rosenbaum.com.br\/escritorio\/wp-content\/uploads\/2020\/10\/Rosenbaum-e-o-Fetiche-Design_Loccitane-Bresil-Cumaru-1-B-768x693.jpg 768w, https:\/\/rosenbaum.com.br\/escritorio\/wp-content\/uploads\/2020\/10\/Rosenbaum-e-o-Fetiche-Design_Loccitane-Bresil-Cumaru-1-B-130x117.jpg 130w, https:\/\/rosenbaum.com.br\/escritorio\/wp-content\/uploads\/2020\/10\/Rosenbaum-e-o-Fetiche-Design_Loccitane-Bresil-Cumaru-1-B-640x577.jpg 640w, https:\/\/rosenbaum.com.br\/escritorio\/wp-content\/uploads\/2020\/10\/Rosenbaum-e-o-Fetiche-Design_Loccitane-Bresil-Cumaru-1-B-258x233.jpg 258w\" sizes=\"(max-width: 887px) 100vw, 887px\">                                            <\/div>\n                                        <div class=\"item \">\n                        <img width=\"978\" height=\"800\" src=\"https:\/\/rosenbaum.com.br\/escritorio\/wp-content\/uploads\/2020\/10\/Rosenbaum-e-o-Fetiche-Design_Loccitane-Bresil-Cumaru-4.jpg\" class=\"attachment-full size-full\" alt=\"\" loading=\"lazy\" srcset=\"https:\/\/rosenbaum.com.br\/escritorio\/wp-content\/uploads\/2020\/10\/Rosenbaum-e-o-Fetiche-Design_Loccitane-Bresil-Cumaru-4.jpg 978w, https:\/\/rosenbaum.com.br\/escritorio\/wp-content\/uploads\/2020\/10\/Rosenbaum-e-o-Fetiche-Design_Loccitane-Bresil-Cumaru-4-300x245.jpg 300w, https:\/\/rosenbaum.com.br\/escritorio\/wp-content\/uploads\/2020\/10\/Rosenbaum-e-o-Fetiche-Design_Loccitane-Bresil-Cumaru-4-768x628.jpg 768w, https:\/\/rosenbaum.com.br\/escritorio\/wp-content\/uploads\/2020\/10\/Rosenbaum-e-o-Fetiche-Design_Loccitane-Bresil-Cumaru-4-130x106.jpg 130w, https:\/\/rosenbaum.com.br\/escritorio\/wp-content\/uploads\/2020\/10\/Rosenbaum-e-o-Fetiche-Design_Loccitane-Bresil-Cumaru-4-640x524.jpg 640w, https:\/\/rosenbaum.com.br\/escritorio\/wp-content\/uploads\/2020\/10\/Rosenbaum-e-o-Fetiche-Design_Loccitane-Bresil-Cumaru-4-258x211.jpg 258w\" sizes=\"(max-width: 978px) 100vw, 978px\">                                            <\/div>\n                                    <\/div>\n                <div class=\"carousel-indicators-wraper bg-color-90\">\n                    <ol class=\"carousel-indicators\">\n                                                                        <li data-target=\"#gallery-1\" data-slide-to=\"0\" class=\"active\">\n                            <img width=\"130\" height=\"79\" src=\"https:\/\/rosenbaum.com.br\/escritorio\/wp-content\/uploads\/2020\/10\/Rosenbaum-e-o-Fetiche-Design_Loccitane-Bresil-Cumaru-3-130x79.jpg\" class=\"attachment-gallery-thumb size-gallery-thumb\" alt=\"\" loading=\"lazy\" srcset=\"https:\/\/rosenbaum.com.br\/escritorio\/wp-content\/uploads\/2020\/10\/Rosenbaum-e-o-Fetiche-Design_Loccitane-Bresil-Cumaru-3-130x79.jpg 130w, https:\/\/rosenbaum.com.br\/escritorio\/wp-content\/uploads\/2020\/10\/Rosenbaum-e-o-Fetiche-Design_Loccitane-Bresil-Cumaru-3-300x183.jpg 300w, https:\/\/rosenbaum.com.br\/escritorio\/wp-content\/uploads\/2020\/10\/Rosenbaum-e-o-Fetiche-Design_Loccitane-Bresil-Cumaru-3-1024x624.jpg 1024w, https:\/\/rosenbaum.com.br\/escritorio\/wp-content\/uploads\/2020\/10\/Rosenbaum-e-o-Fetiche-Design_Loccitane-Bresil-Cumaru-3-768x468.jpg 768w, https:\/\/rosenbaum.com.br\/escritorio\/wp-content\/uploads\/2020\/10\/Rosenbaum-e-o-Fetiche-Design_Loccitane-Bresil-Cumaru-3-640x390.jpg 640w, https:\/\/rosenbaum.com.br\/escritorio\/wp-content\/uploads\/2020\/10\/Rosenbaum-e-o-Fetiche-Design_Loccitane-Bresil-Cumaru-3-1280x780.jpg 1280w, https:\/\/rosenbaum.com.br\/escritorio\/wp-content\/uploads\/2020\/10\/Rosenbaum-e-o-Fetiche-Design_Loccitane-Bresil-Cumaru-3-258x157.jpg 258w, https:\/\/rosenbaum.com.br\/escritorio\/wp-content\/uploads\/2020\/10\/Rosenbaum-e-o-Fetiche-Design_Loccitane-Bresil-Cumaru-3.jpg 1313w\" sizes=\"(max-width: 130px) 100vw, 130px\">                            <span>1\/4<\/span>\n                        <\/li>\n                                                <li data-target=\"#gallery-1\" data-slide-to=\"1\">\n                            <img width=\"130\" height=\"79\" src=\"https:\/\/rosenbaum.com.br\/escritorio\/wp-content\/uploads\/2020\/10\/Rosenbaum-e-o-Fetiche-Design_Loccitane-Bresil-Cumaru-2-130x79.jpg\" class=\"attachment-gallery-thumb size-gallery-thumb\" alt=\"\" loading=\"lazy\" srcset=\"https:\/\/rosenbaum.com.br\/escritorio\/wp-content\/uploads\/2020\/10\/Rosenbaum-e-o-Fetiche-Design_Loccitane-Bresil-Cumaru-2-130x79.jpg 130w, https:\/\/rosenbaum.com.br\/escritorio\/wp-content\/uploads\/2020\/10\/Rosenbaum-e-o-Fetiche-Design_Loccitane-Bresil-Cumaru-2-300x183.jpg 300w, https:\/\/rosenbaum.com.br\/escritorio\/wp-content\/uploads\/2020\/10\/Rosenbaum-e-o-Fetiche-Design_Loccitane-Bresil-Cumaru-2-1024x624.jpg 1024w, https:\/\/rosenbaum.com.br\/escritorio\/wp-content\/uploads\/2020\/10\/Rosenbaum-e-o-Fetiche-Design_Loccitane-Bresil-Cumaru-2-768x468.jpg 768w, https:\/\/rosenbaum.com.br\/escritorio\/wp-content\/uploads\/2020\/10\/Rosenbaum-e-o-Fetiche-Design_Loccitane-Bresil-Cumaru-2-640x390.jpg 640w, https:\/\/rosenbaum.com.br\/escritorio\/wp-content\/uploads\/2020\/10\/Rosenbaum-e-o-Fetiche-Design_Loccitane-Bresil-Cumaru-2-1280x780.jpg 1280w, https:\/\/rosenbaum.com.br\/escritorio\/wp-content\/uploads\/2020\/10\/Rosenbaum-e-o-Fetiche-Design_Loccitane-Bresil-Cumaru-2-258x157.jpg 258w, https:\/\/rosenbaum.com.br\/escritorio\/wp-content\/uploads\/2020\/10\/Rosenbaum-e-o-Fetiche-Design_Loccitane-Bresil-Cumaru-2.jpg 1313w\" sizes=\"(max-width: 130px) 100vw, 130px\">                            <span>2\/4<\/span>\n                        <\/li>\n                                                <li data-target=\"#gallery-1\" data-slide-to=\"2\">\n                            <img width=\"130\" height=\"117\" src=\"https:\/\/rosenbaum.com.br\/escritorio\/wp-content\/uploads\/2020\/10\/Rosenbaum-e-o-Fetiche-Design_Loccitane-Bresil-Cumaru-1-B-130x117.jpg\" class=\"attachment-gallery-thumb size-gallery-thumb\" alt=\"\" loading=\"lazy\" srcset=\"https:\/\/rosenbaum.com.br\/escritorio\/wp-content\/uploads\/2020\/10\/Rosenbaum-e-o-Fetiche-Design_Loccitane-Bresil-Cumaru-1-B-130x117.jpg 130w, https:\/\/rosenbaum.com.br\/escritorio\/wp-content\/uploads\/2020\/10\/Rosenbaum-e-o-Fetiche-Design_Loccitane-Bresil-Cumaru-1-B-300x271.jpg 300w, https:\/\/rosenbaum.com.br\/escritorio\/wp-content\/uploads\/2020\/10\/Rosenbaum-e-o-Fetiche-Design_Loccitane-Bresil-Cumaru-1-B-768x693.jpg 768w, https:\/\/rosenbaum.com.br\/escritorio\/wp-content\/uploads\/2020\/10\/Rosenbaum-e-o-Fetiche-Design_Loccitane-Bresil-Cumaru-1-B-640x577.jpg 640w, https:\/\/rosenbaum.com.br\/escritorio\/wp-content\/uploads\/2020\/10\/Rosenbaum-e-o-Fetiche-Design_Loccitane-Bresil-Cumaru-1-B-258x233.jpg 258w, https:\/\/rosenbaum.com.br\/escritorio\/wp-content\/uploads\/2020\/10\/Rosenbaum-e-o-Fetiche-Design_Loccitane-Bresil-Cumaru-1-B.jpg 887w\" sizes=\"(max-width: 130px) 100vw, 130px\">                            <span>3\/4<\/span>\n                        <\/li>\n                                                <li data-target=\"#gallery-1\" data-slide-to=\"3\">\n                            <img width=\"130\" height=\"106\" src=\"https:\/\/rosenbaum.com.br\/escritorio\/wp-content\/uploads\/2020\/10\/Rosenbaum-e-o-Fetiche-Design_Loccitane-Bresil-Cumaru-4-130x106.jpg\" class=\"attachment-gallery-thumb size-gallery-thumb\" alt=\"\" loading=\"lazy\" srcset=\"https:\/\/rosenbaum.com.br\/escritorio\/wp-content\/uploads\/2020\/10\/Rosenbaum-e-o-Fetiche-Design_Loccitane-Bresil-Cumaru-4-130x106.jpg 130w, https:\/\/rosenbaum.com.br\/escritorio\/wp-content\/uploads\/2020\/10\/Rosenbaum-e-o-Fetiche-Design_Loccitane-Bresil-Cumaru-4-300x245.jpg 300w, https:\/\/rosenbaum.com.br\/escritorio\/wp-content\/uploads\/2020\/10\/Rosenbaum-e-o-Fetiche-Design_Loccitane-Bresil-Cumaru-4-768x628.jpg 768w, https:\/\/rosenbaum.com.br\/escritorio\/wp-content\/uploads\/2020\/10\/Rosenbaum-e-o-Fetiche-Design_Loccitane-Bresil-Cumaru-4-640x524.jpg 640w, https:\/\/rosenbaum.com.br\/escritorio\/wp-content\/uploads\/2020\/10\/Rosenbaum-e-o-Fetiche-Design_Loccitane-Bresil-Cumaru-4-258x211.jpg 258w, https:\/\/rosenbaum.com.br\/escritorio\/wp-content\/uploads\/2020\/10\/Rosenbaum-e-o-Fetiche-Design_Loccitane-Bresil-Cumaru-4.jpg 978w\" sizes=\"(max-width: 130px) 100vw, 130px\">                            <span>4\/4<\/span>\n                        <\/li>\n                                            <\/ol>\n                    <a class=\"left carousel-control\" href=\"#gallery-1\" role=\"button\" data-slide=\"prev\">\n                        <span class=\"glyphicon glyphicon-chevron-left fa fa-chevron-left\" aria-hidden=\"true\"><\/span>\n                        <span class=\"sr-only\">Anterior<\/span>\n                    <\/a>\n                    <a class=\"right carousel-control\" href=\"#gallery-1\" role=\"button\" data-slide=\"next\">\n                        <span class=\"glyphicon glyphicon-chevron-right fa fa-chevron-right\" aria-hidden=\"true\"><\/span>\n                        <span class=\"sr-only\">Pr\u00f3ximo<\/span>\n                    <\/a>\n                <\/div>\n            <\/div>\n        <\/div>\n    <\/div>\n<\/div>\n<\/div><div class=\"modules\"><div class=\"row\"><div class=\"col-xs-12 col-md-6 col-md-offset-3\"><p><img loading=\"lazy\" class=\"img-responsive aligncenter wp-image-3134\" style=\"font-size: 16px; font-weight: 300;\" src=\"http:\/\/rosenbaum.com.br\/escritorio\/wp-content\/uploads\/2016\/05\/blank-prov.jpg\" alt=\"\" width=\"267\" height=\"100\"><\/p><\/div><\/div><\/div><div class=\"module-image-between modules\">\n<div class=\"row\">\n<div class=\"col-md-6 col-md-offset-3\">\n<h2 style=\"text-align: center;\">Pr\u00eamios<\/h2>\n<\/div>\n<\/div>\n<\/div><div class=\"module-image-alone modules\"><img loading=\"lazy\" class=\"img-responsive aligncenter wp-image-9597 size-full\" src=\"http:\/\/rosenbaum.com.br\/escritorio\/wp-content\/uploads\/2020\/10\/Rosenbaum-e-o-Fetiche-Design_Loccitane-Bresil-Cumaru-Premio.jpg\" alt=\"\" width=\"143\" height=\"145\" srcset=\"https:\/\/rosenbaum.com.br\/escritorio\/wp-content\/uploads\/2020\/10\/Rosenbaum-e-o-Fetiche-Design_Loccitane-Bresil-Cumaru-Premio.jpg 143w, https:\/\/rosenbaum.com.br\/escritorio\/wp-content\/uploads\/2020\/10\/Rosenbaum-e-o-Fetiche-Design_Loccitane-Bresil-Cumaru-Premio-128x130.jpg 128w\" sizes=\"(max-width: 143px) 100vw, 143px\"><\/div><div class=\"module-image-between modules\">\n<div class=\"row\">\n<div class=\"col-md-6 col-md-offset-3\">\n<p style=\"text-align: center;\"><strong>3\u00ba lugar no 30\u00ba pr\u00eamio do Museu da Casa Brasileira<br>\n<\/strong>2016<\/p>\n<\/div>\n<\/div>\n<\/div><div>\n<p><img loading=\"lazy\" class=\"img-responsive aligncenter wp-image-3134\" style=\"font-size: 16px; font-weight: 300;\" src=\"http:\/\/rosenbaum.com.br\/escritorio\/wp-content\/uploads\/2016\/05\/blank-prov.jpg\" alt=\"\" width=\"267\" height=\"100\"><\/p>\n<\/div><div class=\"module-image-between modules\">\n<div class=\"row\">\n<h2 style=\"text-align: center;\">Ficha T\u00e9cnica<\/h2>\n<p style=\"text-align: center;\">\u00a0<\/p>\n<p style=\"text-align: center;\"><strong>Design<\/strong><br>\nRosenbaum e o Fetiche <br>\n\/ Marcelo Rosenbaum<br>\n\/ Adriana Benguela<br>\n\/ Paulo Biacchi<br>\n\/ Carolina Armellini<\/p>\n<p style=\"text-align: center;\"><strong>Colabora\u00e7\u00e3o<\/strong><br>\nGabriel Freitas<\/p>\n<\/div>\n<\/div><div>\n<div class=\"module-image-alone modules\" style=\"text-align: center;\"><img loading=\"lazy\" class=\"img-responsive aligncenter wp-image-3134\" src=\"http:\/\/rosenbaum.com.br\/escritorio\/wp-content\/uploads\/2016\/05\/blank-prov.jpg\" alt=\"\" width=\"80\" height=\"30\"><\/div>\n<\/div>","protected":false},"excerpt":{"rendered":"<p>O frasco de cumaru \u00e9 a pr\u00f3pria semente da castanha, a &#8220;baunilha brasileira&#8221;. A embalagem de caixa de ovo reciclada aumenta a experi\u00eancia t\u00e1til com o produto. Rosenbaum e o Fetiche.<\/p>\n","protected":false},"author":2,"featured_media":9608,"parent":10344,"menu_order":0,"comment_status":"closed","ping_status":"closed","template":"templates\/project.php","meta":[],"categories":[10],"tags":[],"_links":{"self":[{"href":"https:\/\/rosenbaum.com.br\/escritorio\/wp-json\/wp\/v2\/pages\/9587"}],"collection":[{"href":"https:\/\/rosenbaum.com.br\/escritorio\/wp-json\/wp\/v2\/pages"}],"about":[{"href":"https:\/\/rosenbaum.com.br\/escritorio\/wp-json\/wp\/v2\/types\/page"}],"author":[{"embeddable":true,"href":"https:\/\/rosenbaum.com.br\/escritorio\/wp-json\/wp\/v2\/users\/2"}],"replies":[{"embeddable":true,"href":"https:\/\/rosenbaum.com.br\/escritorio\/wp-json\/wp\/v2\/comments?post=9587"}],"version-history":[{"count":9,"href":"https:\/\/rosenbaum.com.br\/escritorio\/wp-json\/wp\/v2\/pages\/9587\/revisions"}],"predecessor-version":[{"id":10370,"href":"https:\/\/rosenbaum.com.br\/escritorio\/wp-json\/wp\/v2\/pages\/9587\/revisions\/10370"}],"up":[{"embeddable":true,"href":"https:\/\/rosenbaum.com.br\/escritorio\/wp-json\/wp\/v2\/pages\/10344"}],"wp:featuredmedia":[{"embeddable":true,"href":"https:\/\/rosenbaum.com.br\/escritorio\/wp-json\/wp\/v2\/media\/9608"}],"wp:attachment":[{"href":"https:\/\/rosenbaum.com.br\/escritorio\/wp-json\/wp\/v2\/media?parent=9587"}],"wp:term":[{"taxonomy":"category","embeddable":true,"href":"https:\/\/rosenbaum.com.br\/escritorio\/wp-json\/wp\/v2\/categories?post=9587"},{"taxonomy":"post_tag","embeddable":true,"href":"https:\/\/rosenbaum.com.br\/escritorio\/wp-json\/wp\/v2\/tags?post=9587"}],"curies":[{"name":"wp","href":"https:\/\/api.w.org\/{rel}","templated":true}]}}