{"id":9541,"date":"2017-10-24T19:12:44","date_gmt":"2017-10-24T21:12:44","guid":{"rendered":"http:\/\/dev.rosenbaum.com.br\/?page_id=9541"},"modified":"2021-04-09T10:33:45","modified_gmt":"2021-04-09T13:33:45","slug":"loccitane-au-bresil-capim-limao","status":"publish","type":"page","link":"https:\/\/rosenbaum.com.br\/escritorio\/projetos\/loccitane-au-bresil-capim-limao\/","title":{"rendered":"L\u2019Occitane au Br\u00e9sil &#8211; Capim Lim\u00e3o"},"content":{"rendered":"<div>\u00a0<img loading=\"lazy\" class=\"img-responsive aligncenter wp-image-3134\" style=\"text-align: center;\" src=\"http:\/\/rosenbaum.com.br\/escritorio\/wp-content\/uploads\/2016\/05\/blank-prov.jpg\" alt=\"\" width=\"80\" height=\"30\">\n<\/div><div>\n<div class=\"module-image-alone modules\"><img loading=\"lazy\" class=\"img-responsive aligncenter wp-image-9555 size-full\" src=\"http:\/\/rosenbaum.com.br\/escritorio\/wp-content\/uploads\/2020\/10\/Rosenbaum-e-o-Fetiche-Design_Loccitane-Bresil-Capim-Limao-4.jpg\" alt=\"\" width=\"978\" height=\"800\" srcset=\"https:\/\/rosenbaum.com.br\/escritorio\/wp-content\/uploads\/2020\/10\/Rosenbaum-e-o-Fetiche-Design_Loccitane-Bresil-Capim-Limao-4.jpg 978w, https:\/\/rosenbaum.com.br\/escritorio\/wp-content\/uploads\/2020\/10\/Rosenbaum-e-o-Fetiche-Design_Loccitane-Bresil-Capim-Limao-4-300x245.jpg 300w, https:\/\/rosenbaum.com.br\/escritorio\/wp-content\/uploads\/2020\/10\/Rosenbaum-e-o-Fetiche-Design_Loccitane-Bresil-Capim-Limao-4-768x628.jpg 768w, https:\/\/rosenbaum.com.br\/escritorio\/wp-content\/uploads\/2020\/10\/Rosenbaum-e-o-Fetiche-Design_Loccitane-Bresil-Capim-Limao-4-130x106.jpg 130w, https:\/\/rosenbaum.com.br\/escritorio\/wp-content\/uploads\/2020\/10\/Rosenbaum-e-o-Fetiche-Design_Loccitane-Bresil-Capim-Limao-4-640x524.jpg 640w, https:\/\/rosenbaum.com.br\/escritorio\/wp-content\/uploads\/2020\/10\/Rosenbaum-e-o-Fetiche-Design_Loccitane-Bresil-Capim-Limao-4-258x211.jpg 258w\" sizes=\"(max-width: 978px) 100vw, 978px\"><\/div>\n<div><img loading=\"lazy\" class=\"img-responsive aligncenter wp-image-3134\" style=\"font-size: 16px; font-weight: 300;\" src=\"http:\/\/rosenbaum.com.br\/escritorio\/wp-content\/uploads\/2016\/05\/blank-prov.jpg\" alt=\"\" width=\"267\" height=\"100\"><\/div>\n<\/div><div>\n<div class=\"module-image-between modules\">\n<div class=\"row\">\n<div class=\"col-md-6 col-md-offset-3\">\n<blockquote>\n<p>Com inspira\u00e7\u00e3o no mercado e na cultura da feira popular como um espa\u00e7o de encontro do brasileiro, o Frasco Capim-lim\u00e3o foi concebido a partir de um elemento comum e presente na vida do brasileiro, que \u00e9 a Garrafa PET, traduzida nesta cria\u00e7\u00e3o em vidro, com humor, sofistica\u00e7\u00e3o e memoria afetiva. O Capim Lim\u00e3o tem \u2018cheiro de Brasil\u2019, e est\u00e1 presente de diversas formas no cotidiano do brasileiro, seja pelo aroma de um ch\u00e1 ou na mem\u00f3ria de um sitio no meio do mato.<\/p>\n<\/blockquote>\n<\/div>\n<\/div>\n<\/div>\n<p><img loading=\"lazy\" class=\"img-responsive aligncenter wp-image-3134\" style=\"font-size: 16px; font-weight: 300;\" src=\"http:\/\/rosenbaum.com.br\/escritorio\/wp-content\/uploads\/2016\/05\/blank-prov.jpg\" alt=\"\" width=\"267\" height=\"100\"><\/p>\n<\/div><div>\n<div class=\"embed-responsive embed-responsive-16by9\">\n<div class=\"embed-responsive embed-responsive-16by9\">\n<div class=\"embed-responsive embed-responsive-16by9\">\n<div class=\"embed-responsive embed-responsive-16by9\">\n<div class=\"module-big-image-above modules\">\n<div class=\"embed-responsive embed-responsive-16by9\"><iframe loading=\"lazy\" src=\"https:\/\/www.youtube.com\/embed\/wyH3S_pBXmQ\" width=\"560\" height=\"315\" frameborder=\"0\" allowfullscreen=\"allowfullscreen\"><\/iframe><\/div>\n<\/div>\n<\/div>\n<\/div>\n<\/div>\n<\/div>\n<\/div><div class=\"module-image-alone modules\"><img loading=\"lazy\" class=\"img-responsive aligncenter wp-image-3134\" src=\"http:\/\/rosenbaum.com.br\/escritorio\/wp-content\/uploads\/2016\/05\/blank-prov.jpg\" alt=\"\" width=\"267\" height=\"100\"><\/div><div>\n<div class=\"module-big-image-above modules\">\n<div class=\"row\">\n<div class=\"col-md-6 col-md-offset-3\">\n<h2 class=\"bg-white\">Fotos<\/h2>\n<\/div>\n<\/div>\n<\/div>\n<div class=\"modules gallery\">\n    <div class=\"row\">\n        <div class=\"col-xs-12 col-lg-8 col-lg-offset-2 col-md-10 col-md-offset-1\">\n            <div id=\"gallery-1\" class=\"carousel slide gallery-desktop\" data-ride=\"carousel\">\n                <div class=\"carousel-inner\" role=\"listbox\">\n                                                            <div class=\"item active\">\n                        <img width=\"1199\" height=\"800\" src=\"https:\/\/rosenbaum.com.br\/escritorio\/wp-content\/uploads\/2020\/10\/Rosenbaum-e-o-Fetiche-Design_Loccitane-Bresil-Capim-Limao-2.jpg\" class=\"attachment-full size-full\" alt=\"\" loading=\"lazy\" srcset=\"https:\/\/rosenbaum.com.br\/escritorio\/wp-content\/uploads\/2020\/10\/Rosenbaum-e-o-Fetiche-Design_Loccitane-Bresil-Capim-Limao-2.jpg 1199w, https:\/\/rosenbaum.com.br\/escritorio\/wp-content\/uploads\/2020\/10\/Rosenbaum-e-o-Fetiche-Design_Loccitane-Bresil-Capim-Limao-2-300x200.jpg 300w, https:\/\/rosenbaum.com.br\/escritorio\/wp-content\/uploads\/2020\/10\/Rosenbaum-e-o-Fetiche-Design_Loccitane-Bresil-Capim-Limao-2-1024x683.jpg 1024w, https:\/\/rosenbaum.com.br\/escritorio\/wp-content\/uploads\/2020\/10\/Rosenbaum-e-o-Fetiche-Design_Loccitane-Bresil-Capim-Limao-2-768x512.jpg 768w, https:\/\/rosenbaum.com.br\/escritorio\/wp-content\/uploads\/2020\/10\/Rosenbaum-e-o-Fetiche-Design_Loccitane-Bresil-Capim-Limao-2-130x87.jpg 130w, https:\/\/rosenbaum.com.br\/escritorio\/wp-content\/uploads\/2020\/10\/Rosenbaum-e-o-Fetiche-Design_Loccitane-Bresil-Capim-Limao-2-640x427.jpg 640w, https:\/\/rosenbaum.com.br\/escritorio\/wp-content\/uploads\/2020\/10\/Rosenbaum-e-o-Fetiche-Design_Loccitane-Bresil-Capim-Limao-2-258x172.jpg 258w\" sizes=\"(max-width: 1199px) 100vw, 1199px\">                                            <\/div>\n                                        <div class=\"item \">\n                        <img width=\"1199\" height=\"800\" src=\"https:\/\/rosenbaum.com.br\/escritorio\/wp-content\/uploads\/2020\/10\/Rosenbaum-e-o-Fetiche-Design_Loccitane-Bresil-Capim-Limao-3.jpg\" class=\"attachment-full size-full\" alt=\"\" loading=\"lazy\" srcset=\"https:\/\/rosenbaum.com.br\/escritorio\/wp-content\/uploads\/2020\/10\/Rosenbaum-e-o-Fetiche-Design_Loccitane-Bresil-Capim-Limao-3.jpg 1199w, https:\/\/rosenbaum.com.br\/escritorio\/wp-content\/uploads\/2020\/10\/Rosenbaum-e-o-Fetiche-Design_Loccitane-Bresil-Capim-Limao-3-300x200.jpg 300w, https:\/\/rosenbaum.com.br\/escritorio\/wp-content\/uploads\/2020\/10\/Rosenbaum-e-o-Fetiche-Design_Loccitane-Bresil-Capim-Limao-3-1024x683.jpg 1024w, https:\/\/rosenbaum.com.br\/escritorio\/wp-content\/uploads\/2020\/10\/Rosenbaum-e-o-Fetiche-Design_Loccitane-Bresil-Capim-Limao-3-768x512.jpg 768w, https:\/\/rosenbaum.com.br\/escritorio\/wp-content\/uploads\/2020\/10\/Rosenbaum-e-o-Fetiche-Design_Loccitane-Bresil-Capim-Limao-3-130x87.jpg 130w, https:\/\/rosenbaum.com.br\/escritorio\/wp-content\/uploads\/2020\/10\/Rosenbaum-e-o-Fetiche-Design_Loccitane-Bresil-Capim-Limao-3-640x427.jpg 640w, https:\/\/rosenbaum.com.br\/escritorio\/wp-content\/uploads\/2020\/10\/Rosenbaum-e-o-Fetiche-Design_Loccitane-Bresil-Capim-Limao-3-258x172.jpg 258w\" sizes=\"(max-width: 1199px) 100vw, 1199px\">                                            <\/div>\n                                        <div class=\"item \">\n                        <img width=\"1199\" height=\"800\" src=\"https:\/\/rosenbaum.com.br\/escritorio\/wp-content\/uploads\/2020\/10\/Rosenbaum-e-o-Fetiche-Design_Loccitane-Bresil-Capim-Limao-1.jpg\" class=\"attachment-full size-full\" alt=\"\" loading=\"lazy\" srcset=\"https:\/\/rosenbaum.com.br\/escritorio\/wp-content\/uploads\/2020\/10\/Rosenbaum-e-o-Fetiche-Design_Loccitane-Bresil-Capim-Limao-1.jpg 1199w, https:\/\/rosenbaum.com.br\/escritorio\/wp-content\/uploads\/2020\/10\/Rosenbaum-e-o-Fetiche-Design_Loccitane-Bresil-Capim-Limao-1-300x200.jpg 300w, https:\/\/rosenbaum.com.br\/escritorio\/wp-content\/uploads\/2020\/10\/Rosenbaum-e-o-Fetiche-Design_Loccitane-Bresil-Capim-Limao-1-1024x683.jpg 1024w, https:\/\/rosenbaum.com.br\/escritorio\/wp-content\/uploads\/2020\/10\/Rosenbaum-e-o-Fetiche-Design_Loccitane-Bresil-Capim-Limao-1-768x512.jpg 768w, https:\/\/rosenbaum.com.br\/escritorio\/wp-content\/uploads\/2020\/10\/Rosenbaum-e-o-Fetiche-Design_Loccitane-Bresil-Capim-Limao-1-130x87.jpg 130w, https:\/\/rosenbaum.com.br\/escritorio\/wp-content\/uploads\/2020\/10\/Rosenbaum-e-o-Fetiche-Design_Loccitane-Bresil-Capim-Limao-1-640x427.jpg 640w, https:\/\/rosenbaum.com.br\/escritorio\/wp-content\/uploads\/2020\/10\/Rosenbaum-e-o-Fetiche-Design_Loccitane-Bresil-Capim-Limao-1-258x172.jpg 258w\" sizes=\"(max-width: 1199px) 100vw, 1199px\">                                            <\/div>\n                                        <div class=\"item \">\n                        <img width=\"978\" height=\"800\" src=\"https:\/\/rosenbaum.com.br\/escritorio\/wp-content\/uploads\/2020\/10\/Rosenbaum-e-o-Fetiche-Design_Loccitane-Bresil-Capim-Limao-4.jpg\" class=\"attachment-full size-full\" alt=\"\" loading=\"lazy\" srcset=\"https:\/\/rosenbaum.com.br\/escritorio\/wp-content\/uploads\/2020\/10\/Rosenbaum-e-o-Fetiche-Design_Loccitane-Bresil-Capim-Limao-4.jpg 978w, https:\/\/rosenbaum.com.br\/escritorio\/wp-content\/uploads\/2020\/10\/Rosenbaum-e-o-Fetiche-Design_Loccitane-Bresil-Capim-Limao-4-300x245.jpg 300w, https:\/\/rosenbaum.com.br\/escritorio\/wp-content\/uploads\/2020\/10\/Rosenbaum-e-o-Fetiche-Design_Loccitane-Bresil-Capim-Limao-4-768x628.jpg 768w, https:\/\/rosenbaum.com.br\/escritorio\/wp-content\/uploads\/2020\/10\/Rosenbaum-e-o-Fetiche-Design_Loccitane-Bresil-Capim-Limao-4-130x106.jpg 130w, https:\/\/rosenbaum.com.br\/escritorio\/wp-content\/uploads\/2020\/10\/Rosenbaum-e-o-Fetiche-Design_Loccitane-Bresil-Capim-Limao-4-640x524.jpg 640w, https:\/\/rosenbaum.com.br\/escritorio\/wp-content\/uploads\/2020\/10\/Rosenbaum-e-o-Fetiche-Design_Loccitane-Bresil-Capim-Limao-4-258x211.jpg 258w\" sizes=\"(max-width: 978px) 100vw, 978px\">                                            <\/div>\n                                    <\/div>\n                <div class=\"carousel-indicators-wraper bg-color-90\">\n                    <ol class=\"carousel-indicators\">\n                                                                        <li data-target=\"#gallery-1\" data-slide-to=\"0\" class=\"active\">\n                            <img width=\"130\" height=\"87\" src=\"https:\/\/rosenbaum.com.br\/escritorio\/wp-content\/uploads\/2020\/10\/Rosenbaum-e-o-Fetiche-Design_Loccitane-Bresil-Capim-Limao-2-130x87.jpg\" class=\"attachment-gallery-thumb size-gallery-thumb\" alt=\"\" loading=\"lazy\" srcset=\"https:\/\/rosenbaum.com.br\/escritorio\/wp-content\/uploads\/2020\/10\/Rosenbaum-e-o-Fetiche-Design_Loccitane-Bresil-Capim-Limao-2-130x87.jpg 130w, https:\/\/rosenbaum.com.br\/escritorio\/wp-content\/uploads\/2020\/10\/Rosenbaum-e-o-Fetiche-Design_Loccitane-Bresil-Capim-Limao-2-300x200.jpg 300w, https:\/\/rosenbaum.com.br\/escritorio\/wp-content\/uploads\/2020\/10\/Rosenbaum-e-o-Fetiche-Design_Loccitane-Bresil-Capim-Limao-2-1024x683.jpg 1024w, https:\/\/rosenbaum.com.br\/escritorio\/wp-content\/uploads\/2020\/10\/Rosenbaum-e-o-Fetiche-Design_Loccitane-Bresil-Capim-Limao-2-768x512.jpg 768w, https:\/\/rosenbaum.com.br\/escritorio\/wp-content\/uploads\/2020\/10\/Rosenbaum-e-o-Fetiche-Design_Loccitane-Bresil-Capim-Limao-2-640x427.jpg 640w, https:\/\/rosenbaum.com.br\/escritorio\/wp-content\/uploads\/2020\/10\/Rosenbaum-e-o-Fetiche-Design_Loccitane-Bresil-Capim-Limao-2-258x172.jpg 258w, https:\/\/rosenbaum.com.br\/escritorio\/wp-content\/uploads\/2020\/10\/Rosenbaum-e-o-Fetiche-Design_Loccitane-Bresil-Capim-Limao-2.jpg 1199w\" sizes=\"(max-width: 130px) 100vw, 130px\">                            <span>1\/4<\/span>\n                        <\/li>\n                                                <li data-target=\"#gallery-1\" data-slide-to=\"1\">\n                            <img width=\"130\" height=\"87\" src=\"https:\/\/rosenbaum.com.br\/escritorio\/wp-content\/uploads\/2020\/10\/Rosenbaum-e-o-Fetiche-Design_Loccitane-Bresil-Capim-Limao-3-130x87.jpg\" class=\"attachment-gallery-thumb size-gallery-thumb\" alt=\"\" loading=\"lazy\" srcset=\"https:\/\/rosenbaum.com.br\/escritorio\/wp-content\/uploads\/2020\/10\/Rosenbaum-e-o-Fetiche-Design_Loccitane-Bresil-Capim-Limao-3-130x87.jpg 130w, https:\/\/rosenbaum.com.br\/escritorio\/wp-content\/uploads\/2020\/10\/Rosenbaum-e-o-Fetiche-Design_Loccitane-Bresil-Capim-Limao-3-300x200.jpg 300w, https:\/\/rosenbaum.com.br\/escritorio\/wp-content\/uploads\/2020\/10\/Rosenbaum-e-o-Fetiche-Design_Loccitane-Bresil-Capim-Limao-3-1024x683.jpg 1024w, https:\/\/rosenbaum.com.br\/escritorio\/wp-content\/uploads\/2020\/10\/Rosenbaum-e-o-Fetiche-Design_Loccitane-Bresil-Capim-Limao-3-768x512.jpg 768w, https:\/\/rosenbaum.com.br\/escritorio\/wp-content\/uploads\/2020\/10\/Rosenbaum-e-o-Fetiche-Design_Loccitane-Bresil-Capim-Limao-3-640x427.jpg 640w, https:\/\/rosenbaum.com.br\/escritorio\/wp-content\/uploads\/2020\/10\/Rosenbaum-e-o-Fetiche-Design_Loccitane-Bresil-Capim-Limao-3-258x172.jpg 258w, https:\/\/rosenbaum.com.br\/escritorio\/wp-content\/uploads\/2020\/10\/Rosenbaum-e-o-Fetiche-Design_Loccitane-Bresil-Capim-Limao-3.jpg 1199w\" sizes=\"(max-width: 130px) 100vw, 130px\">                            <span>2\/4<\/span>\n                        <\/li>\n                                                <li data-target=\"#gallery-1\" data-slide-to=\"2\">\n                            <img width=\"130\" height=\"87\" src=\"https:\/\/rosenbaum.com.br\/escritorio\/wp-content\/uploads\/2020\/10\/Rosenbaum-e-o-Fetiche-Design_Loccitane-Bresil-Capim-Limao-1-130x87.jpg\" class=\"attachment-gallery-thumb size-gallery-thumb\" alt=\"\" loading=\"lazy\" srcset=\"https:\/\/rosenbaum.com.br\/escritorio\/wp-content\/uploads\/2020\/10\/Rosenbaum-e-o-Fetiche-Design_Loccitane-Bresil-Capim-Limao-1-130x87.jpg 130w, https:\/\/rosenbaum.com.br\/escritorio\/wp-content\/uploads\/2020\/10\/Rosenbaum-e-o-Fetiche-Design_Loccitane-Bresil-Capim-Limao-1-300x200.jpg 300w, https:\/\/rosenbaum.com.br\/escritorio\/wp-content\/uploads\/2020\/10\/Rosenbaum-e-o-Fetiche-Design_Loccitane-Bresil-Capim-Limao-1-1024x683.jpg 1024w, https:\/\/rosenbaum.com.br\/escritorio\/wp-content\/uploads\/2020\/10\/Rosenbaum-e-o-Fetiche-Design_Loccitane-Bresil-Capim-Limao-1-768x512.jpg 768w, https:\/\/rosenbaum.com.br\/escritorio\/wp-content\/uploads\/2020\/10\/Rosenbaum-e-o-Fetiche-Design_Loccitane-Bresil-Capim-Limao-1-640x427.jpg 640w, https:\/\/rosenbaum.com.br\/escritorio\/wp-content\/uploads\/2020\/10\/Rosenbaum-e-o-Fetiche-Design_Loccitane-Bresil-Capim-Limao-1-258x172.jpg 258w, https:\/\/rosenbaum.com.br\/escritorio\/wp-content\/uploads\/2020\/10\/Rosenbaum-e-o-Fetiche-Design_Loccitane-Bresil-Capim-Limao-1.jpg 1199w\" sizes=\"(max-width: 130px) 100vw, 130px\">                            <span>3\/4<\/span>\n                        <\/li>\n                                                <li data-target=\"#gallery-1\" data-slide-to=\"3\">\n                            <img width=\"130\" height=\"106\" src=\"https:\/\/rosenbaum.com.br\/escritorio\/wp-content\/uploads\/2020\/10\/Rosenbaum-e-o-Fetiche-Design_Loccitane-Bresil-Capim-Limao-4-130x106.jpg\" class=\"attachment-gallery-thumb size-gallery-thumb\" alt=\"\" loading=\"lazy\" srcset=\"https:\/\/rosenbaum.com.br\/escritorio\/wp-content\/uploads\/2020\/10\/Rosenbaum-e-o-Fetiche-Design_Loccitane-Bresil-Capim-Limao-4-130x106.jpg 130w, https:\/\/rosenbaum.com.br\/escritorio\/wp-content\/uploads\/2020\/10\/Rosenbaum-e-o-Fetiche-Design_Loccitane-Bresil-Capim-Limao-4-300x245.jpg 300w, https:\/\/rosenbaum.com.br\/escritorio\/wp-content\/uploads\/2020\/10\/Rosenbaum-e-o-Fetiche-Design_Loccitane-Bresil-Capim-Limao-4-768x628.jpg 768w, https:\/\/rosenbaum.com.br\/escritorio\/wp-content\/uploads\/2020\/10\/Rosenbaum-e-o-Fetiche-Design_Loccitane-Bresil-Capim-Limao-4-640x524.jpg 640w, https:\/\/rosenbaum.com.br\/escritorio\/wp-content\/uploads\/2020\/10\/Rosenbaum-e-o-Fetiche-Design_Loccitane-Bresil-Capim-Limao-4-258x211.jpg 258w, https:\/\/rosenbaum.com.br\/escritorio\/wp-content\/uploads\/2020\/10\/Rosenbaum-e-o-Fetiche-Design_Loccitane-Bresil-Capim-Limao-4.jpg 978w\" sizes=\"(max-width: 130px) 100vw, 130px\">                            <span>4\/4<\/span>\n                        <\/li>\n                                            <\/ol>\n                    <a class=\"left carousel-control\" href=\"#gallery-1\" role=\"button\" data-slide=\"prev\">\n                        <span class=\"glyphicon glyphicon-chevron-left fa fa-chevron-left\" aria-hidden=\"true\"><\/span>\n                        <span class=\"sr-only\">Anterior<\/span>\n                    <\/a>\n                    <a class=\"right carousel-control\" href=\"#gallery-1\" role=\"button\" data-slide=\"next\">\n                        <span class=\"glyphicon glyphicon-chevron-right fa fa-chevron-right\" aria-hidden=\"true\"><\/span>\n                        <span class=\"sr-only\">Pr\u00f3ximo<\/span>\n                    <\/a>\n                <\/div>\n            <\/div>\n        <\/div>\n    <\/div>\n<\/div>\n<\/div><div class=\"modules\"><div class=\"row\"><div class=\"col-xs-12 col-md-6 col-md-offset-3\"><p><img loading=\"lazy\" class=\"img-responsive aligncenter wp-image-3134\" style=\"font-size: 16px; font-weight: 300;\" src=\"http:\/\/rosenbaum.com.br\/escritorio\/wp-content\/uploads\/2016\/05\/blank-prov.jpg\" alt=\"\" width=\"267\" height=\"100\"><\/p><\/div><\/div><\/div><div class=\"module-image-between modules\">\n<div class=\"row\">\n<h2 style=\"text-align: center;\">Ficha T\u00e9cnica<\/h2>\n<p style=\"text-align: center;\">\u00a0<\/p>\n<p style=\"text-align: center;\"><strong>Design<\/strong><br>\nRosenbaum e o Fetiche <br>\n\/ Adriana Benguela<br>\n\/ Marcelo Rosenbaum<br>\n\/ Carolina Armellini<\/p>\n<p style=\"text-align: center;\"><strong>Colabora\u00e7\u00e3o<\/strong><br>\nGabriel Freitas<\/p>\n<\/div>\n<\/div><div>\n<div class=\"module-image-alone modules\" style=\"text-align: center;\"><img loading=\"lazy\" class=\"img-responsive aligncenter wp-image-3134\" src=\"http:\/\/rosenbaum.com.br\/escritorio\/wp-content\/uploads\/2016\/05\/blank-prov.jpg\" alt=\"\" width=\"80\" height=\"30\"><\/div>\n<\/div>","protected":false},"excerpt":{"rendered":"<p>Inspirado na garrafa de pet, uma homenagem \u00e0s  \u00e1guas de cheiro, sempre presentes nas feiras populares brasileiras. Rosenbaum e o Fetiche.<\/p>\n","protected":false},"author":2,"featured_media":9567,"parent":10344,"menu_order":0,"comment_status":"closed","ping_status":"closed","template":"templates\/project.php","meta":[],"categories":[10],"tags":[],"_links":{"self":[{"href":"https:\/\/rosenbaum.com.br\/escritorio\/wp-json\/wp\/v2\/pages\/9541"}],"collection":[{"href":"https:\/\/rosenbaum.com.br\/escritorio\/wp-json\/wp\/v2\/pages"}],"about":[{"href":"https:\/\/rosenbaum.com.br\/escritorio\/wp-json\/wp\/v2\/types\/page"}],"author":[{"embeddable":true,"href":"https:\/\/rosenbaum.com.br\/escritorio\/wp-json\/wp\/v2\/users\/2"}],"replies":[{"embeddable":true,"href":"https:\/\/rosenbaum.com.br\/escritorio\/wp-json\/wp\/v2\/comments?post=9541"}],"version-history":[{"count":12,"href":"https:\/\/rosenbaum.com.br\/escritorio\/wp-json\/wp\/v2\/pages\/9541\/revisions"}],"predecessor-version":[{"id":10369,"href":"https:\/\/rosenbaum.com.br\/escritorio\/wp-json\/wp\/v2\/pages\/9541\/revisions\/10369"}],"up":[{"embeddable":true,"href":"https:\/\/rosenbaum.com.br\/escritorio\/wp-json\/wp\/v2\/pages\/10344"}],"wp:featuredmedia":[{"embeddable":true,"href":"https:\/\/rosenbaum.com.br\/escritorio\/wp-json\/wp\/v2\/media\/9567"}],"wp:attachment":[{"href":"https:\/\/rosenbaum.com.br\/escritorio\/wp-json\/wp\/v2\/media?parent=9541"}],"wp:term":[{"taxonomy":"category","embeddable":true,"href":"https:\/\/rosenbaum.com.br\/escritorio\/wp-json\/wp\/v2\/categories?post=9541"},{"taxonomy":"post_tag","embeddable":true,"href":"https:\/\/rosenbaum.com.br\/escritorio\/wp-json\/wp\/v2\/tags?post=9541"}],"curies":[{"name":"wp","href":"https:\/\/api.w.org\/{rel}","templated":true}]}}