{"id":8556,"date":"2020-10-18T11:20:04","date_gmt":"2020-10-18T14:20:04","guid":{"rendered":"http:\/\/dev.rosenbaum.com.br\/?page_id=8556"},"modified":"2021-03-28T16:38:43","modified_gmt":"2021-03-28T19:38:43","slug":"premios","status":"publish","type":"page","link":"https:\/\/rosenbaum.com.br\/escritorio\/premios\/","title":{"rendered":"Pr\u00eamios"},"content":{"rendered":"<div class=\"module-image-above modules\">\n<img loading=\"lazy\" class=\"img-responsive center aligncenter wp-image-8717 size-full\" src=\"http:\/\/rosenbaum.com.br\/escritorio\/wp-content\/uploads\/2016\/04\/logo-Riba.jpg\" alt=\"\" width=\"200\" height=\"133\" srcset=\"https:\/\/rosenbaum.com.br\/escritorio\/wp-content\/uploads\/2016\/04\/logo-Riba.jpg 200w, https:\/\/rosenbaum.com.br\/escritorio\/wp-content\/uploads\/2016\/04\/logo-Riba-130x86.jpg 130w\" sizes=\"(max-width: 200px) 100vw, 200px\">\n<div class=\"row\">\n<div class=\"col-md-6 col-md-offset-3\">\n<p style=\"text-align: center;\"><strong>Vencedor do Riba International Prize<\/strong> 2018<\/p>\n<p style=\"text-align: center;\">\u00a0<\/p>\n<p style=\"text-align: center;\"><strong>Vencedor do Riba International Emerging Prize<\/strong> 2018<\/p>\n<p style=\"text-align: center;\">\u00a0<\/p>\n<p style=\"text-align: center;\"><strong>Finalista no Mies Crown Hall Americas Prize Emerge<\/strong> IIT College of Architecture Chicago.<\/p>\n<p style=\"text-align: center;\">\u00a0<\/p>\n<p style=\"text-align: center;\"><strong>Vencedor do Pr\u00eamio Archdaily<\/strong> Obra do Ano \/ Best Building in Brazil \u2013 2018<\/p>\n<p style=\"text-align: center;\">\u00a0<\/p>\n<p style=\"text-align: center;\"><strong>Vencedor do Pr\u00eamio Amata Ibramen<\/strong> Wood Building of the Year \u2013 2018<\/p>\n<p style=\"text-align: center;\">\u00a0<\/p>\n<p style=\"text-align: center;\"><strong>Vencedor do Pr\u00eamio Saint-Gobain<\/strong> Sustainable Prize with Children Village \u2013 2018<\/p>\n<p style=\"text-align: center;\">\u00a0<\/p>\n<p style=\"text-align: center;\"><strong>Terceiro lugar no Premio Oscar Niemeyer Arquitetura para Latin America<\/strong> 2018<\/p>\n<p style=\"text-align: center;\">\u00a0<\/p>\n<p style=\"text-align: center;\"><strong>Vencedor do Pr\u00eamio IBRAMEM AMATA<\/strong> Arquitetura em Madeira \u2013 2018<\/p>\n<p style=\"text-align: center;\">\u00a0<\/p>\n<p style=\"text-align: center;\"><strong>Vencedor do Pr\u00eamio Instituto Tomie Ohtake Akzo Nobel<\/strong> Arquitetura Contempor\u00e2nea \u2013 2017<\/p>\n<p style=\"text-align: center;\">\u00a0<\/p>\n<p style=\"text-align: center;\"><strong>Vencedor do Pr\u00eamio APCA (Associa\u00e7\u00e3o Paulista de Cr\u00edticos de Arte)<\/strong> Obra de Arquitetura no Brasil \u2013 2017<\/p>\n<p style=\"text-align: center;\">\u00a0<\/p>\n<p style=\"text-align: center;\"><strong>Vencedor do Pr\u00eamio Museu da Casa Brasileira<\/strong> Melhores Produtos \u2013 3 edi\u00e7\u00f5es (1999, 2016 e 2017)<\/p>\n<\/div>\n<\/div>\n<\/div><div class=\"module-image-above modules\" style=\"text-align: center;\">\u00a0<\/div>","protected":false},"excerpt":{"rendered":"<p>Vencedor do Riba International Prize 2018 \u00a0 Vencedor do Riba International Emerging Prize 2018 \u00a0 Finalista no Mies Crown Hall Americas Prize Emerge IIT College of Architecture Chicago. \u00a0 Vencedor do Pr\u00eamio Archdaily Obra do Ano \/ Best Building in Brazil \u2013 2018 \u00a0 Vencedor do Pr\u00eamio Amata Ibramen Wood Building of the Year \u2013 [&hellip;]<\/p>\n","protected":false},"author":2,"featured_media":0,"parent":0,"menu_order":0,"comment_status":"closed","ping_status":"closed","template":"","meta":[],"categories":[],"tags":[],"_links":{"self":[{"href":"https:\/\/rosenbaum.com.br\/escritorio\/wp-json\/wp\/v2\/pages\/8556"}],"collection":[{"href":"https:\/\/rosenbaum.com.br\/escritorio\/wp-json\/wp\/v2\/pages"}],"about":[{"href":"https:\/\/rosenbaum.com.br\/escritorio\/wp-json\/wp\/v2\/types\/page"}],"author":[{"embeddable":true,"href":"https:\/\/rosenbaum.com.br\/escritorio\/wp-json\/wp\/v2\/users\/2"}],"replies":[{"embeddable":true,"href":"https:\/\/rosenbaum.com.br\/escritorio\/wp-json\/wp\/v2\/comments?post=8556"}],"version-history":[{"count":13,"href":"https:\/\/rosenbaum.com.br\/escritorio\/wp-json\/wp\/v2\/pages\/8556\/revisions"}],"predecessor-version":[{"id":10339,"href":"https:\/\/rosenbaum.com.br\/escritorio\/wp-json\/wp\/v2\/pages\/8556\/revisions\/10339"}],"wp:attachment":[{"href":"https:\/\/rosenbaum.com.br\/escritorio\/wp-json\/wp\/v2\/media?parent=8556"}],"wp:term":[{"taxonomy":"category","embeddable":true,"href":"https:\/\/rosenbaum.com.br\/escritorio\/wp-json\/wp\/v2\/categories?post=8556"},{"taxonomy":"post_tag","embeddable":true,"href":"https:\/\/rosenbaum.com.br\/escritorio\/wp-json\/wp\/v2\/tags?post=8556"}],"curies":[{"name":"wp","href":"https:\/\/api.w.org\/{rel}","templated":true}]}}