{"id":10095,"date":"2019-10-04T20:09:51","date_gmt":"2019-10-04T23:09:51","guid":{"rendered":"http:\/\/dev.rosenbaum.com.br\/?page_id=10095"},"modified":"2021-04-09T10:39:32","modified_gmt":"2021-04-09T13:39:32","slug":"vasap-colecao-cumbuca","status":"publish","type":"page","link":"https:\/\/rosenbaum.com.br\/escritorio\/projetos\/vasap-colecao-cumbuca\/","title":{"rendered":"VASAP &#8211;  Cole\u00e7\u00e3o Cumbuca"},"content":{"rendered":"<div>\u00a0<img loading=\"lazy\" class=\"img-responsive aligncenter wp-image-3134\" style=\"text-align: center;\" src=\"http:\/\/rosenbaum.com.br\/escritorio\/wp-content\/uploads\/2016\/05\/blank-prov.jpg\" alt=\"\" width=\"80\" height=\"30\">\n<\/div><div>\u00a0<\/div><div>\u00a0<\/div><div>\n<div class=\"module-image-alone modules\"><img loading=\"lazy\" class=\"img-responsive aligncenter wp-image-10106 size-full\" src=\"http:\/\/rosenbaum.com.br\/escritorio\/wp-content\/uploads\/2020\/11\/Rosenbaum-Design-VASAP-Colec%CC%A7a%CC%83o-Cumbuca-icone-1.png\" alt=\"\" width=\"56\" height=\"43\"><\/div>\n<\/div><div>\n<div class=\"module-image-between modules\">\n<div class=\"row\">\n<div class=\"col-md-6 col-md-offset-3\">\n<blockquote>\n<p>A convite da VASAP, marca nacional de vasos para jardim, Rosenbaum e o Fetiche desenvolveram a Cole\u00e7\u00e3o Cumbuca. A Vasap produz de forma sustent\u00e1vel, com a utiliza\u00e7\u00e3o de polietileno 100% reciclado.<\/p>\n<\/blockquote>\n<\/div>\n<\/div>\n<\/div>\n<\/div><div>\n<div class=\"module-image-between modules\">\n<div class=\"row\">\n<div class=\"col-md-6 col-md-offset-3\">\n<p>Cumbuca \u00e9 uma cuia dividida ao meio, um vaso feito de caba\u00e7a, do tupi guarani \u201cKuimbuka\u201d. A forma mais primitiva e ancestral de se criar um recipiente para conter um l\u00edquido, guardar alimentos e plantas. As diferentes cores, formatos e alturas permitem a composi\u00e7\u00e3o de pequenas florestas.<\/p>\n<p>A Rosenbaum sempre acreditou em projetos colaborativos e encontrou grande afinidade com o est\u00fadio Fetiche Design. Marcelo Rosenbaum, Adriana Benguela, Carolina Armellini e Paulo Biacchi somam seus conhecimentos e criam projetos contempor\u00e2neos e acess\u00edveis, carregados de significado e inspirados essencialmente na identidade brasileira.<\/p>\n<\/div>\n<\/div>\n<\/div>\n<\/div><div class=\"module-image-alone modules\"><img loading=\"lazy\" class=\"img-responsive aligncenter wp-image-3134\" src=\"http:\/\/rosenbaum.com.br\/escritorio\/wp-content\/uploads\/2016\/05\/blank-prov.jpg\" alt=\"\" width=\"267\" height=\"100\"><\/div><div>\n<div class=\"module-image-alone modules\">\n<div class=\"module-image-alone modules\"><img loading=\"lazy\" class=\"img-responsive aligncenter wp-image-10107 size-full\" src=\"http:\/\/rosenbaum.com.br\/escritorio\/wp-content\/uploads\/2020\/11\/Rosenbaum-Design-VASAP-Colec%CC%A7a%CC%83o-Cumbuca-icone-2.png\" alt=\"\" width=\"56\" height=\"28\"><\/div>\n<div class=\"module-image-between modules\">\n<div class=\"row\">\n<div class=\"col-md-6 col-md-offset-3\">\n<h2 style=\"text-align: center;\">Fotos<\/h2>\n<\/div>\n<\/div>\n<\/div>\n<\/div>\n<\/div><div class=\"modules gallery\">\n    <div class=\"row\">\n        <div class=\"col-xs-12 col-lg-8 col-lg-offset-2 col-md-10 col-md-offset-1\">\n            <div id=\"gallery-1\" class=\"carousel slide gallery-desktop\" data-ride=\"carousel\">\n                <div class=\"carousel-inner\" role=\"listbox\">\n                                                            <div class=\"item active\">\n                        <img width=\"875\" height=\"700\" src=\"https:\/\/rosenbaum.com.br\/escritorio\/wp-content\/uploads\/2020\/11\/Rosenbaum-Design-VASAP-Colec%CC%A7a%CC%83o-Cumbuca-2.jpg\" class=\"attachment-full size-full\" alt=\"\" loading=\"lazy\" srcset=\"https:\/\/rosenbaum.com.br\/escritorio\/wp-content\/uploads\/2020\/11\/Rosenbaum-Design-VASAP-Colec\u0327a\u0303o-Cumbuca-2.jpg 875w, https:\/\/rosenbaum.com.br\/escritorio\/wp-content\/uploads\/2020\/11\/Rosenbaum-Design-VASAP-Colec\u0327a\u0303o-Cumbuca-2-300x240.jpg 300w, https:\/\/rosenbaum.com.br\/escritorio\/wp-content\/uploads\/2020\/11\/Rosenbaum-Design-VASAP-Colec\u0327a\u0303o-Cumbuca-2-768x614.jpg 768w, https:\/\/rosenbaum.com.br\/escritorio\/wp-content\/uploads\/2020\/11\/Rosenbaum-Design-VASAP-Colec\u0327a\u0303o-Cumbuca-2-130x104.jpg 130w, https:\/\/rosenbaum.com.br\/escritorio\/wp-content\/uploads\/2020\/11\/Rosenbaum-Design-VASAP-Colec\u0327a\u0303o-Cumbuca-2-640x512.jpg 640w, https:\/\/rosenbaum.com.br\/escritorio\/wp-content\/uploads\/2020\/11\/Rosenbaum-Design-VASAP-Colec\u0327a\u0303o-Cumbuca-2-258x206.jpg 258w\" sizes=\"(max-width: 875px) 100vw, 875px\">                                            <\/div>\n                                        <div class=\"item \">\n                        <img width=\"875\" height=\"700\" src=\"https:\/\/rosenbaum.com.br\/escritorio\/wp-content\/uploads\/2020\/11\/Rosenbaum-Design-VASAP-Colec%CC%A7a%CC%83o-Cumbuca-3.jpg\" class=\"attachment-full size-full\" alt=\"\" loading=\"lazy\" srcset=\"https:\/\/rosenbaum.com.br\/escritorio\/wp-content\/uploads\/2020\/11\/Rosenbaum-Design-VASAP-Colec\u0327a\u0303o-Cumbuca-3.jpg 875w, https:\/\/rosenbaum.com.br\/escritorio\/wp-content\/uploads\/2020\/11\/Rosenbaum-Design-VASAP-Colec\u0327a\u0303o-Cumbuca-3-300x240.jpg 300w, https:\/\/rosenbaum.com.br\/escritorio\/wp-content\/uploads\/2020\/11\/Rosenbaum-Design-VASAP-Colec\u0327a\u0303o-Cumbuca-3-768x614.jpg 768w, https:\/\/rosenbaum.com.br\/escritorio\/wp-content\/uploads\/2020\/11\/Rosenbaum-Design-VASAP-Colec\u0327a\u0303o-Cumbuca-3-130x104.jpg 130w, https:\/\/rosenbaum.com.br\/escritorio\/wp-content\/uploads\/2020\/11\/Rosenbaum-Design-VASAP-Colec\u0327a\u0303o-Cumbuca-3-640x512.jpg 640w, https:\/\/rosenbaum.com.br\/escritorio\/wp-content\/uploads\/2020\/11\/Rosenbaum-Design-VASAP-Colec\u0327a\u0303o-Cumbuca-3-258x206.jpg 258w\" sizes=\"(max-width: 875px) 100vw, 875px\">                                            <\/div>\n                                        <div class=\"item \">\n                        <img width=\"875\" height=\"700\" src=\"https:\/\/rosenbaum.com.br\/escritorio\/wp-content\/uploads\/2020\/11\/Rosenbaum-Design-VASAP-Colec%CC%A7a%CC%83o-Cumbuca-4.jpg\" class=\"attachment-full size-full\" alt=\"\" loading=\"lazy\" srcset=\"https:\/\/rosenbaum.com.br\/escritorio\/wp-content\/uploads\/2020\/11\/Rosenbaum-Design-VASAP-Colec\u0327a\u0303o-Cumbuca-4.jpg 875w, https:\/\/rosenbaum.com.br\/escritorio\/wp-content\/uploads\/2020\/11\/Rosenbaum-Design-VASAP-Colec\u0327a\u0303o-Cumbuca-4-300x240.jpg 300w, https:\/\/rosenbaum.com.br\/escritorio\/wp-content\/uploads\/2020\/11\/Rosenbaum-Design-VASAP-Colec\u0327a\u0303o-Cumbuca-4-768x614.jpg 768w, https:\/\/rosenbaum.com.br\/escritorio\/wp-content\/uploads\/2020\/11\/Rosenbaum-Design-VASAP-Colec\u0327a\u0303o-Cumbuca-4-130x104.jpg 130w, https:\/\/rosenbaum.com.br\/escritorio\/wp-content\/uploads\/2020\/11\/Rosenbaum-Design-VASAP-Colec\u0327a\u0303o-Cumbuca-4-640x512.jpg 640w, https:\/\/rosenbaum.com.br\/escritorio\/wp-content\/uploads\/2020\/11\/Rosenbaum-Design-VASAP-Colec\u0327a\u0303o-Cumbuca-4-258x206.jpg 258w\" sizes=\"(max-width: 875px) 100vw, 875px\">                                            <\/div>\n                                        <div class=\"item \">\n                        <img width=\"875\" height=\"700\" src=\"https:\/\/rosenbaum.com.br\/escritorio\/wp-content\/uploads\/2020\/11\/Rosenbaum-Design-VASAP-Colec%CC%A7a%CC%83o-Cumbuca-5.jpg\" class=\"attachment-full size-full\" alt=\"\" loading=\"lazy\" srcset=\"https:\/\/rosenbaum.com.br\/escritorio\/wp-content\/uploads\/2020\/11\/Rosenbaum-Design-VASAP-Colec\u0327a\u0303o-Cumbuca-5.jpg 875w, https:\/\/rosenbaum.com.br\/escritorio\/wp-content\/uploads\/2020\/11\/Rosenbaum-Design-VASAP-Colec\u0327a\u0303o-Cumbuca-5-300x240.jpg 300w, https:\/\/rosenbaum.com.br\/escritorio\/wp-content\/uploads\/2020\/11\/Rosenbaum-Design-VASAP-Colec\u0327a\u0303o-Cumbuca-5-768x614.jpg 768w, https:\/\/rosenbaum.com.br\/escritorio\/wp-content\/uploads\/2020\/11\/Rosenbaum-Design-VASAP-Colec\u0327a\u0303o-Cumbuca-5-130x104.jpg 130w, https:\/\/rosenbaum.com.br\/escritorio\/wp-content\/uploads\/2020\/11\/Rosenbaum-Design-VASAP-Colec\u0327a\u0303o-Cumbuca-5-640x512.jpg 640w, https:\/\/rosenbaum.com.br\/escritorio\/wp-content\/uploads\/2020\/11\/Rosenbaum-Design-VASAP-Colec\u0327a\u0303o-Cumbuca-5-258x206.jpg 258w\" sizes=\"(max-width: 875px) 100vw, 875px\">                                            <\/div>\n                                        <div class=\"item \">\n                        <img width=\"1060\" height=\"700\" src=\"https:\/\/rosenbaum.com.br\/escritorio\/wp-content\/uploads\/2020\/11\/Rosenbaum-Design-VASAP-Colec%CC%A7a%CC%83o-Cumbuca-6.jpg\" class=\"attachment-full size-full\" alt=\"\" loading=\"lazy\" srcset=\"https:\/\/rosenbaum.com.br\/escritorio\/wp-content\/uploads\/2020\/11\/Rosenbaum-Design-VASAP-Colec\u0327a\u0303o-Cumbuca-6.jpg 1060w, https:\/\/rosenbaum.com.br\/escritorio\/wp-content\/uploads\/2020\/11\/Rosenbaum-Design-VASAP-Colec\u0327a\u0303o-Cumbuca-6-300x198.jpg 300w, https:\/\/rosenbaum.com.br\/escritorio\/wp-content\/uploads\/2020\/11\/Rosenbaum-Design-VASAP-Colec\u0327a\u0303o-Cumbuca-6-1024x676.jpg 1024w, https:\/\/rosenbaum.com.br\/escritorio\/wp-content\/uploads\/2020\/11\/Rosenbaum-Design-VASAP-Colec\u0327a\u0303o-Cumbuca-6-768x507.jpg 768w, https:\/\/rosenbaum.com.br\/escritorio\/wp-content\/uploads\/2020\/11\/Rosenbaum-Design-VASAP-Colec\u0327a\u0303o-Cumbuca-6-130x86.jpg 130w, https:\/\/rosenbaum.com.br\/escritorio\/wp-content\/uploads\/2020\/11\/Rosenbaum-Design-VASAP-Colec\u0327a\u0303o-Cumbuca-6-640x423.jpg 640w, https:\/\/rosenbaum.com.br\/escritorio\/wp-content\/uploads\/2020\/11\/Rosenbaum-Design-VASAP-Colec\u0327a\u0303o-Cumbuca-6-258x170.jpg 258w\" sizes=\"(max-width: 1060px) 100vw, 1060px\">                                            <\/div>\n                                        <div class=\"item \">\n                        <img width=\"800\" height=\"700\" src=\"https:\/\/rosenbaum.com.br\/escritorio\/wp-content\/uploads\/2020\/11\/Rosenbaum-Design-VASAP-Colec%CC%A7a%CC%83o-Cumbuca-1.jpg\" class=\"attachment-full size-full\" alt=\"\" loading=\"lazy\" srcset=\"https:\/\/rosenbaum.com.br\/escritorio\/wp-content\/uploads\/2020\/11\/Rosenbaum-Design-VASAP-Colec\u0327a\u0303o-Cumbuca-1.jpg 800w, https:\/\/rosenbaum.com.br\/escritorio\/wp-content\/uploads\/2020\/11\/Rosenbaum-Design-VASAP-Colec\u0327a\u0303o-Cumbuca-1-300x263.jpg 300w, https:\/\/rosenbaum.com.br\/escritorio\/wp-content\/uploads\/2020\/11\/Rosenbaum-Design-VASAP-Colec\u0327a\u0303o-Cumbuca-1-768x672.jpg 768w, https:\/\/rosenbaum.com.br\/escritorio\/wp-content\/uploads\/2020\/11\/Rosenbaum-Design-VASAP-Colec\u0327a\u0303o-Cumbuca-1-130x114.jpg 130w, https:\/\/rosenbaum.com.br\/escritorio\/wp-content\/uploads\/2020\/11\/Rosenbaum-Design-VASAP-Colec\u0327a\u0303o-Cumbuca-1-640x560.jpg 640w, https:\/\/rosenbaum.com.br\/escritorio\/wp-content\/uploads\/2020\/11\/Rosenbaum-Design-VASAP-Colec\u0327a\u0303o-Cumbuca-1-258x226.jpg 258w\" sizes=\"(max-width: 800px) 100vw, 800px\">                                            <\/div>\n                                    <\/div>\n                <div class=\"carousel-indicators-wraper bg-color-90\">\n                    <ol class=\"carousel-indicators\">\n                                                                        <li data-target=\"#gallery-1\" data-slide-to=\"0\" class=\"active\">\n                            <img width=\"130\" height=\"104\" src=\"https:\/\/rosenbaum.com.br\/escritorio\/wp-content\/uploads\/2020\/11\/Rosenbaum-Design-VASAP-Colec%CC%A7a%CC%83o-Cumbuca-2-130x104.jpg\" class=\"attachment-gallery-thumb size-gallery-thumb\" alt=\"\" loading=\"lazy\" srcset=\"https:\/\/rosenbaum.com.br\/escritorio\/wp-content\/uploads\/2020\/11\/Rosenbaum-Design-VASAP-Colec\u0327a\u0303o-Cumbuca-2-130x104.jpg 130w, https:\/\/rosenbaum.com.br\/escritorio\/wp-content\/uploads\/2020\/11\/Rosenbaum-Design-VASAP-Colec\u0327a\u0303o-Cumbuca-2-300x240.jpg 300w, https:\/\/rosenbaum.com.br\/escritorio\/wp-content\/uploads\/2020\/11\/Rosenbaum-Design-VASAP-Colec\u0327a\u0303o-Cumbuca-2-768x614.jpg 768w, https:\/\/rosenbaum.com.br\/escritorio\/wp-content\/uploads\/2020\/11\/Rosenbaum-Design-VASAP-Colec\u0327a\u0303o-Cumbuca-2-640x512.jpg 640w, https:\/\/rosenbaum.com.br\/escritorio\/wp-content\/uploads\/2020\/11\/Rosenbaum-Design-VASAP-Colec\u0327a\u0303o-Cumbuca-2-258x206.jpg 258w, https:\/\/rosenbaum.com.br\/escritorio\/wp-content\/uploads\/2020\/11\/Rosenbaum-Design-VASAP-Colec\u0327a\u0303o-Cumbuca-2.jpg 875w\" sizes=\"(max-width: 130px) 100vw, 130px\">                            <span>1\/6<\/span>\n                        <\/li>\n                                                <li data-target=\"#gallery-1\" data-slide-to=\"1\">\n                            <img width=\"130\" height=\"104\" src=\"https:\/\/rosenbaum.com.br\/escritorio\/wp-content\/uploads\/2020\/11\/Rosenbaum-Design-VASAP-Colec%CC%A7a%CC%83o-Cumbuca-3-130x104.jpg\" class=\"attachment-gallery-thumb size-gallery-thumb\" alt=\"\" loading=\"lazy\" srcset=\"https:\/\/rosenbaum.com.br\/escritorio\/wp-content\/uploads\/2020\/11\/Rosenbaum-Design-VASAP-Colec\u0327a\u0303o-Cumbuca-3-130x104.jpg 130w, https:\/\/rosenbaum.com.br\/escritorio\/wp-content\/uploads\/2020\/11\/Rosenbaum-Design-VASAP-Colec\u0327a\u0303o-Cumbuca-3-300x240.jpg 300w, https:\/\/rosenbaum.com.br\/escritorio\/wp-content\/uploads\/2020\/11\/Rosenbaum-Design-VASAP-Colec\u0327a\u0303o-Cumbuca-3-768x614.jpg 768w, https:\/\/rosenbaum.com.br\/escritorio\/wp-content\/uploads\/2020\/11\/Rosenbaum-Design-VASAP-Colec\u0327a\u0303o-Cumbuca-3-640x512.jpg 640w, https:\/\/rosenbaum.com.br\/escritorio\/wp-content\/uploads\/2020\/11\/Rosenbaum-Design-VASAP-Colec\u0327a\u0303o-Cumbuca-3-258x206.jpg 258w, https:\/\/rosenbaum.com.br\/escritorio\/wp-content\/uploads\/2020\/11\/Rosenbaum-Design-VASAP-Colec\u0327a\u0303o-Cumbuca-3.jpg 875w\" sizes=\"(max-width: 130px) 100vw, 130px\">                            <span>2\/6<\/span>\n                        <\/li>\n                                                <li data-target=\"#gallery-1\" data-slide-to=\"2\">\n                            <img width=\"130\" height=\"104\" src=\"https:\/\/rosenbaum.com.br\/escritorio\/wp-content\/uploads\/2020\/11\/Rosenbaum-Design-VASAP-Colec%CC%A7a%CC%83o-Cumbuca-4-130x104.jpg\" class=\"attachment-gallery-thumb size-gallery-thumb\" alt=\"\" loading=\"lazy\" srcset=\"https:\/\/rosenbaum.com.br\/escritorio\/wp-content\/uploads\/2020\/11\/Rosenbaum-Design-VASAP-Colec\u0327a\u0303o-Cumbuca-4-130x104.jpg 130w, https:\/\/rosenbaum.com.br\/escritorio\/wp-content\/uploads\/2020\/11\/Rosenbaum-Design-VASAP-Colec\u0327a\u0303o-Cumbuca-4-300x240.jpg 300w, https:\/\/rosenbaum.com.br\/escritorio\/wp-content\/uploads\/2020\/11\/Rosenbaum-Design-VASAP-Colec\u0327a\u0303o-Cumbuca-4-768x614.jpg 768w, https:\/\/rosenbaum.com.br\/escritorio\/wp-content\/uploads\/2020\/11\/Rosenbaum-Design-VASAP-Colec\u0327a\u0303o-Cumbuca-4-640x512.jpg 640w, https:\/\/rosenbaum.com.br\/escritorio\/wp-content\/uploads\/2020\/11\/Rosenbaum-Design-VASAP-Colec\u0327a\u0303o-Cumbuca-4-258x206.jpg 258w, https:\/\/rosenbaum.com.br\/escritorio\/wp-content\/uploads\/2020\/11\/Rosenbaum-Design-VASAP-Colec\u0327a\u0303o-Cumbuca-4.jpg 875w\" sizes=\"(max-width: 130px) 100vw, 130px\">                            <span>3\/6<\/span>\n                        <\/li>\n                                                <li data-target=\"#gallery-1\" data-slide-to=\"3\">\n                            <img width=\"130\" height=\"104\" src=\"https:\/\/rosenbaum.com.br\/escritorio\/wp-content\/uploads\/2020\/11\/Rosenbaum-Design-VASAP-Colec%CC%A7a%CC%83o-Cumbuca-5-130x104.jpg\" class=\"attachment-gallery-thumb size-gallery-thumb\" alt=\"\" loading=\"lazy\" srcset=\"https:\/\/rosenbaum.com.br\/escritorio\/wp-content\/uploads\/2020\/11\/Rosenbaum-Design-VASAP-Colec\u0327a\u0303o-Cumbuca-5-130x104.jpg 130w, https:\/\/rosenbaum.com.br\/escritorio\/wp-content\/uploads\/2020\/11\/Rosenbaum-Design-VASAP-Colec\u0327a\u0303o-Cumbuca-5-300x240.jpg 300w, https:\/\/rosenbaum.com.br\/escritorio\/wp-content\/uploads\/2020\/11\/Rosenbaum-Design-VASAP-Colec\u0327a\u0303o-Cumbuca-5-768x614.jpg 768w, https:\/\/rosenbaum.com.br\/escritorio\/wp-content\/uploads\/2020\/11\/Rosenbaum-Design-VASAP-Colec\u0327a\u0303o-Cumbuca-5-640x512.jpg 640w, https:\/\/rosenbaum.com.br\/escritorio\/wp-content\/uploads\/2020\/11\/Rosenbaum-Design-VASAP-Colec\u0327a\u0303o-Cumbuca-5-258x206.jpg 258w, https:\/\/rosenbaum.com.br\/escritorio\/wp-content\/uploads\/2020\/11\/Rosenbaum-Design-VASAP-Colec\u0327a\u0303o-Cumbuca-5.jpg 875w\" sizes=\"(max-width: 130px) 100vw, 130px\">                            <span>4\/6<\/span>\n                        <\/li>\n                                                <li data-target=\"#gallery-1\" data-slide-to=\"4\">\n                            <img width=\"130\" height=\"86\" src=\"https:\/\/rosenbaum.com.br\/escritorio\/wp-content\/uploads\/2020\/11\/Rosenbaum-Design-VASAP-Colec%CC%A7a%CC%83o-Cumbuca-6-130x86.jpg\" class=\"attachment-gallery-thumb size-gallery-thumb\" alt=\"\" loading=\"lazy\" srcset=\"https:\/\/rosenbaum.com.br\/escritorio\/wp-content\/uploads\/2020\/11\/Rosenbaum-Design-VASAP-Colec\u0327a\u0303o-Cumbuca-6-130x86.jpg 130w, https:\/\/rosenbaum.com.br\/escritorio\/wp-content\/uploads\/2020\/11\/Rosenbaum-Design-VASAP-Colec\u0327a\u0303o-Cumbuca-6-300x198.jpg 300w, https:\/\/rosenbaum.com.br\/escritorio\/wp-content\/uploads\/2020\/11\/Rosenbaum-Design-VASAP-Colec\u0327a\u0303o-Cumbuca-6-1024x676.jpg 1024w, https:\/\/rosenbaum.com.br\/escritorio\/wp-content\/uploads\/2020\/11\/Rosenbaum-Design-VASAP-Colec\u0327a\u0303o-Cumbuca-6-768x507.jpg 768w, https:\/\/rosenbaum.com.br\/escritorio\/wp-content\/uploads\/2020\/11\/Rosenbaum-Design-VASAP-Colec\u0327a\u0303o-Cumbuca-6-640x423.jpg 640w, https:\/\/rosenbaum.com.br\/escritorio\/wp-content\/uploads\/2020\/11\/Rosenbaum-Design-VASAP-Colec\u0327a\u0303o-Cumbuca-6-258x170.jpg 258w, https:\/\/rosenbaum.com.br\/escritorio\/wp-content\/uploads\/2020\/11\/Rosenbaum-Design-VASAP-Colec\u0327a\u0303o-Cumbuca-6.jpg 1060w\" sizes=\"(max-width: 130px) 100vw, 130px\">                            <span>5\/6<\/span>\n                        <\/li>\n                                                <li data-target=\"#gallery-1\" data-slide-to=\"5\">\n                            <img width=\"130\" height=\"114\" src=\"https:\/\/rosenbaum.com.br\/escritorio\/wp-content\/uploads\/2020\/11\/Rosenbaum-Design-VASAP-Colec%CC%A7a%CC%83o-Cumbuca-1-130x114.jpg\" class=\"attachment-gallery-thumb size-gallery-thumb\" alt=\"\" loading=\"lazy\" srcset=\"https:\/\/rosenbaum.com.br\/escritorio\/wp-content\/uploads\/2020\/11\/Rosenbaum-Design-VASAP-Colec\u0327a\u0303o-Cumbuca-1-130x114.jpg 130w, https:\/\/rosenbaum.com.br\/escritorio\/wp-content\/uploads\/2020\/11\/Rosenbaum-Design-VASAP-Colec\u0327a\u0303o-Cumbuca-1-300x263.jpg 300w, https:\/\/rosenbaum.com.br\/escritorio\/wp-content\/uploads\/2020\/11\/Rosenbaum-Design-VASAP-Colec\u0327a\u0303o-Cumbuca-1-768x672.jpg 768w, https:\/\/rosenbaum.com.br\/escritorio\/wp-content\/uploads\/2020\/11\/Rosenbaum-Design-VASAP-Colec\u0327a\u0303o-Cumbuca-1-640x560.jpg 640w, https:\/\/rosenbaum.com.br\/escritorio\/wp-content\/uploads\/2020\/11\/Rosenbaum-Design-VASAP-Colec\u0327a\u0303o-Cumbuca-1-258x226.jpg 258w, https:\/\/rosenbaum.com.br\/escritorio\/wp-content\/uploads\/2020\/11\/Rosenbaum-Design-VASAP-Colec\u0327a\u0303o-Cumbuca-1.jpg 800w\" sizes=\"(max-width: 130px) 100vw, 130px\">                            <span>6\/6<\/span>\n                        <\/li>\n                                            <\/ol>\n                    <a class=\"left carousel-control\" href=\"#gallery-1\" role=\"button\" data-slide=\"prev\">\n                        <span class=\"glyphicon glyphicon-chevron-left fa fa-chevron-left\" aria-hidden=\"true\"><\/span>\n                        <span class=\"sr-only\">Anterior<\/span>\n                    <\/a>\n                    <a class=\"right carousel-control\" href=\"#gallery-1\" role=\"button\" data-slide=\"next\">\n                        <span class=\"glyphicon glyphicon-chevron-right fa fa-chevron-right\" aria-hidden=\"true\"><\/span>\n                        <span class=\"sr-only\">Pr\u00f3ximo<\/span>\n                    <\/a>\n                <\/div>\n            <\/div>\n        <\/div>\n    <\/div>\n<\/div><div>\u00a0<\/div><div class=\"modules\"><div class=\"row\"><div class=\"col-xs-12 col-md-6 col-md-offset-3\"><p><img loading=\"lazy\" class=\"img-responsive aligncenter wp-image-3134\" style=\"font-size: 16px; font-weight: 300;\" src=\"http:\/\/rosenbaum.com.br\/escritorio\/wp-content\/uploads\/2016\/05\/blank-prov.jpg\" alt=\"\" width=\"267\" height=\"100\"><\/p><\/div><\/div><\/div><div class=\"module-image-alone modules\"><img loading=\"lazy\" class=\"img-responsive aligncenter wp-image-10106 size-full\" src=\"http:\/\/rosenbaum.com.br\/escritorio\/wp-content\/uploads\/2020\/11\/Rosenbaum-Design-VASAP-Colec%CC%A7a%CC%83o-Cumbuca-icone-1.png\" alt=\"\" width=\"56\" height=\"43\"><\/div><div class=\"module-image-between modules\">\n<div class=\"row\">\n<div class=\"col-md-6 col-md-offset-3\">\n<h2 style=\"text-align: center;\">Pr\u00eamios<\/h2>\n<\/div>\n<\/div>\n<\/div><div class=\"module-image-alone modules\"><img loading=\"lazy\" class=\"img-responsive aligncenter wp-image-10109 size-full\" src=\"http:\/\/rosenbaum.com.br\/escritorio\/wp-content\/uploads\/2020\/11\/Premio-Casa-Vogue-Design.jpg\" alt=\"\" width=\"225\" height=\"225\" srcset=\"https:\/\/rosenbaum.com.br\/escritorio\/wp-content\/uploads\/2020\/11\/Premio-Casa-Vogue-Design.jpg 225w, https:\/\/rosenbaum.com.br\/escritorio\/wp-content\/uploads\/2020\/11\/Premio-Casa-Vogue-Design-150x150.jpg 150w, https:\/\/rosenbaum.com.br\/escritorio\/wp-content\/uploads\/2020\/11\/Premio-Casa-Vogue-Design-130x130.jpg 130w\" sizes=\"(max-width: 225px) 100vw, 225px\"><\/div><div class=\"module-image-between modules\">\n<div class=\"row\">\n<div class=\"col-md-6 col-md-offset-3\">\n<p style=\"text-align: center;\"><strong>Vencedor do Pr\u00eamio Casa Vogue Design<br>\n<\/strong>2019<\/p>\n<\/div>\n<\/div>\n<\/div><div>\n<p><img loading=\"lazy\" class=\"img-responsive aligncenter wp-image-3134\" style=\"font-size: 16px; font-weight: 300;\" src=\"http:\/\/rosenbaum.com.br\/escritorio\/wp-content\/uploads\/2016\/05\/blank-prov.jpg\" alt=\"\" width=\"267\" height=\"100\"><\/p>\n<div class=\"module-image-alone modules\"><img loading=\"lazy\" class=\"img-responsive aligncenter wp-image-10107 size-full\" src=\"http:\/\/rosenbaum.com.br\/escritorio\/wp-content\/uploads\/2020\/11\/Rosenbaum-Design-VASAP-Colec%CC%A7a%CC%83o-Cumbuca-icone-2.png\" alt=\"\" width=\"56\" height=\"28\"><\/div>\n<\/div><div class=\"module-image-between modules\">\n<div class=\"row\">\n<div class=\"col-md-6 col-md-offset-3\">\n<h3 style=\"text-align: center;\">FICHA T\u00c9CNICA<\/h3>\n<p style=\"text-align: center;\"><strong>Design \/ Customiza\u00e7\u00e3o<\/strong><br>\nRosenbaum e o Fetiche<br>\n\/ Marcelo Rosenbaum<br>\n\/ Adriana Benguela<br>\n\/ Paulo Biacchi<br>\n\/ Carolina Armellini<\/p>\n<\/div>\n<\/div>\n<\/div><div>\n<div class=\"module-image-alone modules\" style=\"text-align: center;\"><img loading=\"lazy\" class=\"img-responsive aligncenter wp-image-3134\" src=\"http:\/\/rosenbaum.com.br\/escritorio\/wp-content\/uploads\/2016\/05\/blank-prov.jpg\" alt=\"\" width=\"80\" height=\"30\"><\/div>\n<\/div>","protected":false},"excerpt":{"rendered":"<p>Cole\u00e7\u00e3o de vasos em pl\u00e1stico reciclado. As diferentes cores, formas e alturas permitem a composi\u00e7\u00e3o de pequenas florestas | Rosenbaum e o Fetiche<\/p>\n","protected":false},"author":2,"featured_media":10105,"parent":10344,"menu_order":0,"comment_status":"closed","ping_status":"closed","template":"templates\/project.php","meta":[],"categories":[10],"tags":[],"_links":{"self":[{"href":"https:\/\/rosenbaum.com.br\/escritorio\/wp-json\/wp\/v2\/pages\/10095"}],"collection":[{"href":"https:\/\/rosenbaum.com.br\/escritorio\/wp-json\/wp\/v2\/pages"}],"about":[{"href":"https:\/\/rosenbaum.com.br\/escritorio\/wp-json\/wp\/v2\/types\/page"}],"author":[{"embeddable":true,"href":"https:\/\/rosenbaum.com.br\/escritorio\/wp-json\/wp\/v2\/users\/2"}],"replies":[{"embeddable":true,"href":"https:\/\/rosenbaum.com.br\/escritorio\/wp-json\/wp\/v2\/comments?post=10095"}],"version-history":[{"count":10,"href":"https:\/\/rosenbaum.com.br\/escritorio\/wp-json\/wp\/v2\/pages\/10095\/revisions"}],"predecessor-version":[{"id":10409,"href":"https:\/\/rosenbaum.com.br\/escritorio\/wp-json\/wp\/v2\/pages\/10095\/revisions\/10409"}],"up":[{"embeddable":true,"href":"https:\/\/rosenbaum.com.br\/escritorio\/wp-json\/wp\/v2\/pages\/10344"}],"wp:featuredmedia":[{"embeddable":true,"href":"https:\/\/rosenbaum.com.br\/escritorio\/wp-json\/wp\/v2\/media\/10105"}],"wp:attachment":[{"href":"https:\/\/rosenbaum.com.br\/escritorio\/wp-json\/wp\/v2\/media?parent=10095"}],"wp:term":[{"taxonomy":"category","embeddable":true,"href":"https:\/\/rosenbaum.com.br\/escritorio\/wp-json\/wp\/v2\/categories?post=10095"},{"taxonomy":"post_tag","embeddable":true,"href":"https:\/\/rosenbaum.com.br\/escritorio\/wp-json\/wp\/v2\/tags?post=10095"}],"curies":[{"name":"wp","href":"https:\/\/api.w.org\/{rel}","templated":true}]}}