{"id":10077,"date":"2013-11-02T19:31:22","date_gmt":"2013-11-02T21:31:22","guid":{"rendered":"http:\/\/dev.rosenbaum.com.br\/?page_id=10077"},"modified":"2021-04-09T10:36:53","modified_gmt":"2021-04-09T13:36:53","slug":"tog","status":"publish","type":"page","link":"https:\/\/rosenbaum.com.br\/escritorio\/projetos\/tog\/","title":{"rendered":"TOG"},"content":{"rendered":"<div>\u00a0<img loading=\"lazy\" class=\"img-responsive aligncenter wp-image-3134\" style=\"text-align: center;\" src=\"http:\/\/rosenbaum.com.br\/escritorio\/wp-content\/uploads\/2016\/05\/blank-prov.jpg\" alt=\"\" width=\"80\" height=\"30\">\n<\/div><div>\u00a0<\/div><div>\u00a0<\/div><div>\n<div class=\"module-image-alone modules\"><img loading=\"lazy\" class=\"img-responsive aligncenter wp-image-10083 size-full\" src=\"http:\/\/rosenbaum.com.br\/escritorio\/wp-content\/uploads\/2020\/11\/Rosenbaum-Design-TOG-Desenho.jpg\" alt=\"\" width=\"173\" height=\"191\" srcset=\"https:\/\/rosenbaum.com.br\/escritorio\/wp-content\/uploads\/2020\/11\/Rosenbaum-Design-TOG-Desenho.jpg 173w, https:\/\/rosenbaum.com.br\/escritorio\/wp-content\/uploads\/2020\/11\/Rosenbaum-Design-TOG-Desenho-118x130.jpg 118w\" sizes=\"(max-width: 173px) 100vw, 173px\"><\/div>\n<\/div><div>\n<div class=\"module-image-between modules\">\n<div class=\"row\">\n<div class=\"col-md-6 col-md-offset-3\">\n<blockquote>\n<p>A TOG \u00e9 uma das marcas de design do designer Philippe Starck, que tem a proposta de ser uma plataforma de designers que criam coletivamente, ALL CREATORS TOGETHER. A marca nasceu durante o Sal\u00e3o do M\u00f3vel de Mil\u00e3o em 2014. A convite do designer franc\u00eas, o A Gente Transforma customizou uma de suas cole\u00e7\u00f5es de m\u00f3veis de pl\u00e1stico.<\/p>\n<\/blockquote>\n<\/div>\n<\/div>\n<\/div>\n<div class=\"module-image-alone modules\"><img loading=\"lazy\" class=\"img-responsive aligncenter wp-image-10082 size-full\" src=\"http:\/\/rosenbaum.com.br\/escritorio\/wp-content\/uploads\/2020\/11\/Rosenbaum-Design-TOG-croquis.jpg\" alt=\"\" width=\"479\" height=\"325\" srcset=\"https:\/\/rosenbaum.com.br\/escritorio\/wp-content\/uploads\/2020\/11\/Rosenbaum-Design-TOG-croquis.jpg 479w, https:\/\/rosenbaum.com.br\/escritorio\/wp-content\/uploads\/2020\/11\/Rosenbaum-Design-TOG-croquis-300x204.jpg 300w, https:\/\/rosenbaum.com.br\/escritorio\/wp-content\/uploads\/2020\/11\/Rosenbaum-Design-TOG-croquis-130x88.jpg 130w, https:\/\/rosenbaum.com.br\/escritorio\/wp-content\/uploads\/2020\/11\/Rosenbaum-Design-TOG-croquis-258x175.jpg 258w\" sizes=\"(max-width: 479px) 100vw, 479px\"><\/div>\n<\/div><div>\n<div class=\"module-image-between modules\">\n<div class=\"row\">\n<div class=\"col-md-6 col-md-offset-3\">\n<p>Veja a customiza\u00e7\u00e3o feita pela Rosenbaum e o Fetiche da cadeira Joa Sekoya da TOG a partir da cultura de V\u00e1rzea Queimada \u2013 PI. A customiza\u00e7\u00e3o foi feita a partir dos saberes locais, utilizando t\u00e9cnicas de trama .<\/p>\n<p>A inspira\u00e7\u00e3o veio de dois importantes personagens da cultura sertaneja, a quenga e o corno. Uma em borracha reciclada de pneu de caminh\u00e3o, executada pelos homens, e a outra em palha de carna\u00faba, pelas mulheres artes\u00e3s de V\u00e1rzea Queimada.<\/p>\n<\/div>\n<\/div>\n<\/div>\n<\/div><div class=\"module-image-alone modules\"><img loading=\"lazy\" class=\"img-responsive aligncenter wp-image-3134\" src=\"http:\/\/rosenbaum.com.br\/escritorio\/wp-content\/uploads\/2016\/05\/blank-prov.jpg\" alt=\"\" width=\"267\" height=\"100\"><\/div><div>\n<div class=\"module-big-image-above modules\">\n<div class=\"row\">\n<div class=\"col-md-6 col-md-offset-3\">\n<h2 class=\"bg-white\">Fotos<\/h2>\n<\/div>\n<\/div>\n<\/div>\n<\/div><div class=\"modules gallery\">\n    <div class=\"row\">\n        <div class=\"col-xs-12 col-lg-8 col-lg-offset-2 col-md-10 col-md-offset-1\">\n            <div id=\"gallery-1\" class=\"carousel slide gallery-desktop\" data-ride=\"carousel\">\n                <div class=\"carousel-inner\" role=\"listbox\">\n                                                            <div class=\"item active\">\n                        <img width=\"1500\" height=\"1000\" src=\"https:\/\/rosenbaum.com.br\/escritorio\/wp-content\/uploads\/2020\/11\/Rosenbaum-Design-TOG-8700.jpg\" class=\"attachment-full size-full\" alt=\"\" loading=\"lazy\" srcset=\"https:\/\/rosenbaum.com.br\/escritorio\/wp-content\/uploads\/2020\/11\/Rosenbaum-Design-TOG-8700.jpg 1500w, https:\/\/rosenbaum.com.br\/escritorio\/wp-content\/uploads\/2020\/11\/Rosenbaum-Design-TOG-8700-300x200.jpg 300w, https:\/\/rosenbaum.com.br\/escritorio\/wp-content\/uploads\/2020\/11\/Rosenbaum-Design-TOG-8700-1024x683.jpg 1024w, https:\/\/rosenbaum.com.br\/escritorio\/wp-content\/uploads\/2020\/11\/Rosenbaum-Design-TOG-8700-768x512.jpg 768w, https:\/\/rosenbaum.com.br\/escritorio\/wp-content\/uploads\/2020\/11\/Rosenbaum-Design-TOG-8700-130x87.jpg 130w, https:\/\/rosenbaum.com.br\/escritorio\/wp-content\/uploads\/2020\/11\/Rosenbaum-Design-TOG-8700-640x427.jpg 640w, https:\/\/rosenbaum.com.br\/escritorio\/wp-content\/uploads\/2020\/11\/Rosenbaum-Design-TOG-8700-1280x853.jpg 1280w, https:\/\/rosenbaum.com.br\/escritorio\/wp-content\/uploads\/2020\/11\/Rosenbaum-Design-TOG-8700-258x172.jpg 258w\" sizes=\"(max-width: 1500px) 100vw, 1500px\">                                            <\/div>\n                                        <div class=\"item \">\n                        <img width=\"533\" height=\"800\" src=\"https:\/\/rosenbaum.com.br\/escritorio\/wp-content\/uploads\/2020\/11\/Rosenbaum-Design-TOG-8694.jpg\" class=\"attachment-full size-full\" alt=\"\" loading=\"lazy\" srcset=\"https:\/\/rosenbaum.com.br\/escritorio\/wp-content\/uploads\/2020\/11\/Rosenbaum-Design-TOG-8694.jpg 533w, https:\/\/rosenbaum.com.br\/escritorio\/wp-content\/uploads\/2020\/11\/Rosenbaum-Design-TOG-8694-200x300.jpg 200w, https:\/\/rosenbaum.com.br\/escritorio\/wp-content\/uploads\/2020\/11\/Rosenbaum-Design-TOG-8694-87x130.jpg 87w, https:\/\/rosenbaum.com.br\/escritorio\/wp-content\/uploads\/2020\/11\/Rosenbaum-Design-TOG-8694-258x387.jpg 258w\" sizes=\"(max-width: 533px) 100vw, 533px\">                                            <\/div>\n                                        <div class=\"item \">\n                        <img width=\"1500\" height=\"1000\" src=\"https:\/\/rosenbaum.com.br\/escritorio\/wp-content\/uploads\/2020\/11\/Rosenbaum-Design-TOG-8688.jpg\" class=\"attachment-full size-full\" alt=\"\" loading=\"lazy\" srcset=\"https:\/\/rosenbaum.com.br\/escritorio\/wp-content\/uploads\/2020\/11\/Rosenbaum-Design-TOG-8688.jpg 1500w, https:\/\/rosenbaum.com.br\/escritorio\/wp-content\/uploads\/2020\/11\/Rosenbaum-Design-TOG-8688-300x200.jpg 300w, https:\/\/rosenbaum.com.br\/escritorio\/wp-content\/uploads\/2020\/11\/Rosenbaum-Design-TOG-8688-1024x683.jpg 1024w, https:\/\/rosenbaum.com.br\/escritorio\/wp-content\/uploads\/2020\/11\/Rosenbaum-Design-TOG-8688-768x512.jpg 768w, https:\/\/rosenbaum.com.br\/escritorio\/wp-content\/uploads\/2020\/11\/Rosenbaum-Design-TOG-8688-130x87.jpg 130w, https:\/\/rosenbaum.com.br\/escritorio\/wp-content\/uploads\/2020\/11\/Rosenbaum-Design-TOG-8688-640x427.jpg 640w, https:\/\/rosenbaum.com.br\/escritorio\/wp-content\/uploads\/2020\/11\/Rosenbaum-Design-TOG-8688-1280x853.jpg 1280w, https:\/\/rosenbaum.com.br\/escritorio\/wp-content\/uploads\/2020\/11\/Rosenbaum-Design-TOG-8688-258x172.jpg 258w\" sizes=\"(max-width: 1500px) 100vw, 1500px\">                                            <\/div>\n                                        <div class=\"item \">\n                        <img width=\"1500\" height=\"1000\" src=\"https:\/\/rosenbaum.com.br\/escritorio\/wp-content\/uploads\/2020\/11\/Rosenbaum-Design-TOG-5579.jpg\" class=\"attachment-full size-full\" alt=\"\" loading=\"lazy\" srcset=\"https:\/\/rosenbaum.com.br\/escritorio\/wp-content\/uploads\/2020\/11\/Rosenbaum-Design-TOG-5579.jpg 1500w, https:\/\/rosenbaum.com.br\/escritorio\/wp-content\/uploads\/2020\/11\/Rosenbaum-Design-TOG-5579-300x200.jpg 300w, https:\/\/rosenbaum.com.br\/escritorio\/wp-content\/uploads\/2020\/11\/Rosenbaum-Design-TOG-5579-1024x683.jpg 1024w, https:\/\/rosenbaum.com.br\/escritorio\/wp-content\/uploads\/2020\/11\/Rosenbaum-Design-TOG-5579-768x512.jpg 768w, https:\/\/rosenbaum.com.br\/escritorio\/wp-content\/uploads\/2020\/11\/Rosenbaum-Design-TOG-5579-130x87.jpg 130w, https:\/\/rosenbaum.com.br\/escritorio\/wp-content\/uploads\/2020\/11\/Rosenbaum-Design-TOG-5579-640x427.jpg 640w, https:\/\/rosenbaum.com.br\/escritorio\/wp-content\/uploads\/2020\/11\/Rosenbaum-Design-TOG-5579-1280x853.jpg 1280w, https:\/\/rosenbaum.com.br\/escritorio\/wp-content\/uploads\/2020\/11\/Rosenbaum-Design-TOG-5579-258x172.jpg 258w\" sizes=\"(max-width: 1500px) 100vw, 1500px\">                                            <\/div>\n                                    <\/div>\n                <div class=\"carousel-indicators-wraper bg-color-90\">\n                    <ol class=\"carousel-indicators\">\n                                                                        <li data-target=\"#gallery-1\" data-slide-to=\"0\" class=\"active\">\n                            <img width=\"130\" height=\"87\" src=\"https:\/\/rosenbaum.com.br\/escritorio\/wp-content\/uploads\/2020\/11\/Rosenbaum-Design-TOG-8700-130x87.jpg\" class=\"attachment-gallery-thumb size-gallery-thumb\" alt=\"\" loading=\"lazy\" srcset=\"https:\/\/rosenbaum.com.br\/escritorio\/wp-content\/uploads\/2020\/11\/Rosenbaum-Design-TOG-8700-130x87.jpg 130w, https:\/\/rosenbaum.com.br\/escritorio\/wp-content\/uploads\/2020\/11\/Rosenbaum-Design-TOG-8700-300x200.jpg 300w, https:\/\/rosenbaum.com.br\/escritorio\/wp-content\/uploads\/2020\/11\/Rosenbaum-Design-TOG-8700-1024x683.jpg 1024w, https:\/\/rosenbaum.com.br\/escritorio\/wp-content\/uploads\/2020\/11\/Rosenbaum-Design-TOG-8700-768x512.jpg 768w, https:\/\/rosenbaum.com.br\/escritorio\/wp-content\/uploads\/2020\/11\/Rosenbaum-Design-TOG-8700-640x427.jpg 640w, https:\/\/rosenbaum.com.br\/escritorio\/wp-content\/uploads\/2020\/11\/Rosenbaum-Design-TOG-8700-1280x853.jpg 1280w, https:\/\/rosenbaum.com.br\/escritorio\/wp-content\/uploads\/2020\/11\/Rosenbaum-Design-TOG-8700-258x172.jpg 258w, https:\/\/rosenbaum.com.br\/escritorio\/wp-content\/uploads\/2020\/11\/Rosenbaum-Design-TOG-8700.jpg 1500w\" sizes=\"(max-width: 130px) 100vw, 130px\">                            <span>1\/4<\/span>\n                        <\/li>\n                                                <li data-target=\"#gallery-1\" data-slide-to=\"1\">\n                            <img width=\"87\" height=\"130\" src=\"https:\/\/rosenbaum.com.br\/escritorio\/wp-content\/uploads\/2020\/11\/Rosenbaum-Design-TOG-8694-87x130.jpg\" class=\"attachment-gallery-thumb size-gallery-thumb\" alt=\"\" loading=\"lazy\" srcset=\"https:\/\/rosenbaum.com.br\/escritorio\/wp-content\/uploads\/2020\/11\/Rosenbaum-Design-TOG-8694-87x130.jpg 87w, https:\/\/rosenbaum.com.br\/escritorio\/wp-content\/uploads\/2020\/11\/Rosenbaum-Design-TOG-8694-200x300.jpg 200w, https:\/\/rosenbaum.com.br\/escritorio\/wp-content\/uploads\/2020\/11\/Rosenbaum-Design-TOG-8694-258x387.jpg 258w, https:\/\/rosenbaum.com.br\/escritorio\/wp-content\/uploads\/2020\/11\/Rosenbaum-Design-TOG-8694.jpg 533w\" sizes=\"(max-width: 87px) 100vw, 87px\">                            <span>2\/4<\/span>\n                        <\/li>\n                                                <li data-target=\"#gallery-1\" data-slide-to=\"2\">\n                            <img width=\"130\" height=\"87\" src=\"https:\/\/rosenbaum.com.br\/escritorio\/wp-content\/uploads\/2020\/11\/Rosenbaum-Design-TOG-8688-130x87.jpg\" class=\"attachment-gallery-thumb size-gallery-thumb\" alt=\"\" loading=\"lazy\" srcset=\"https:\/\/rosenbaum.com.br\/escritorio\/wp-content\/uploads\/2020\/11\/Rosenbaum-Design-TOG-8688-130x87.jpg 130w, https:\/\/rosenbaum.com.br\/escritorio\/wp-content\/uploads\/2020\/11\/Rosenbaum-Design-TOG-8688-300x200.jpg 300w, https:\/\/rosenbaum.com.br\/escritorio\/wp-content\/uploads\/2020\/11\/Rosenbaum-Design-TOG-8688-1024x683.jpg 1024w, https:\/\/rosenbaum.com.br\/escritorio\/wp-content\/uploads\/2020\/11\/Rosenbaum-Design-TOG-8688-768x512.jpg 768w, https:\/\/rosenbaum.com.br\/escritorio\/wp-content\/uploads\/2020\/11\/Rosenbaum-Design-TOG-8688-640x427.jpg 640w, https:\/\/rosenbaum.com.br\/escritorio\/wp-content\/uploads\/2020\/11\/Rosenbaum-Design-TOG-8688-1280x853.jpg 1280w, https:\/\/rosenbaum.com.br\/escritorio\/wp-content\/uploads\/2020\/11\/Rosenbaum-Design-TOG-8688-258x172.jpg 258w, https:\/\/rosenbaum.com.br\/escritorio\/wp-content\/uploads\/2020\/11\/Rosenbaum-Design-TOG-8688.jpg 1500w\" sizes=\"(max-width: 130px) 100vw, 130px\">                            <span>3\/4<\/span>\n                        <\/li>\n                                                <li data-target=\"#gallery-1\" data-slide-to=\"3\">\n                            <img width=\"130\" height=\"87\" src=\"https:\/\/rosenbaum.com.br\/escritorio\/wp-content\/uploads\/2020\/11\/Rosenbaum-Design-TOG-5579-130x87.jpg\" class=\"attachment-gallery-thumb size-gallery-thumb\" alt=\"\" loading=\"lazy\" srcset=\"https:\/\/rosenbaum.com.br\/escritorio\/wp-content\/uploads\/2020\/11\/Rosenbaum-Design-TOG-5579-130x87.jpg 130w, https:\/\/rosenbaum.com.br\/escritorio\/wp-content\/uploads\/2020\/11\/Rosenbaum-Design-TOG-5579-300x200.jpg 300w, https:\/\/rosenbaum.com.br\/escritorio\/wp-content\/uploads\/2020\/11\/Rosenbaum-Design-TOG-5579-1024x683.jpg 1024w, https:\/\/rosenbaum.com.br\/escritorio\/wp-content\/uploads\/2020\/11\/Rosenbaum-Design-TOG-5579-768x512.jpg 768w, https:\/\/rosenbaum.com.br\/escritorio\/wp-content\/uploads\/2020\/11\/Rosenbaum-Design-TOG-5579-640x427.jpg 640w, https:\/\/rosenbaum.com.br\/escritorio\/wp-content\/uploads\/2020\/11\/Rosenbaum-Design-TOG-5579-1280x853.jpg 1280w, https:\/\/rosenbaum.com.br\/escritorio\/wp-content\/uploads\/2020\/11\/Rosenbaum-Design-TOG-5579-258x172.jpg 258w, https:\/\/rosenbaum.com.br\/escritorio\/wp-content\/uploads\/2020\/11\/Rosenbaum-Design-TOG-5579.jpg 1500w\" sizes=\"(max-width: 130px) 100vw, 130px\">                            <span>4\/4<\/span>\n                        <\/li>\n                                            <\/ol>\n                    <a class=\"left carousel-control\" href=\"#gallery-1\" role=\"button\" data-slide=\"prev\">\n                        <span class=\"glyphicon glyphicon-chevron-left fa fa-chevron-left\" aria-hidden=\"true\"><\/span>\n                        <span class=\"sr-only\">Anterior<\/span>\n                    <\/a>\n                    <a class=\"right carousel-control\" href=\"#gallery-1\" role=\"button\" data-slide=\"next\">\n                        <span class=\"glyphicon glyphicon-chevron-right fa fa-chevron-right\" aria-hidden=\"true\"><\/span>\n                        <span class=\"sr-only\">Pr\u00f3ximo<\/span>\n                    <\/a>\n                <\/div>\n            <\/div>\n        <\/div>\n    <\/div>\n<\/div><div>\u00a0<\/div><div class=\"modules\"><div class=\"row\"><div class=\"col-xs-12 col-md-6 col-md-offset-3\"><p><img loading=\"lazy\" class=\"img-responsive aligncenter wp-image-3134\" style=\"font-size: 16px; font-weight: 300;\" src=\"http:\/\/rosenbaum.com.br\/escritorio\/wp-content\/uploads\/2016\/05\/blank-prov.jpg\" alt=\"\" width=\"267\" height=\"100\"><\/p><\/div><\/div><\/div><div>\n<div class=\"module-image-alone modules\"><img loading=\"lazy\" class=\"img-responsive aligncenter wp-image-10089\" src=\"http:\/\/rosenbaum.com.br\/escritorio\/wp-content\/uploads\/2020\/11\/Rosenbaum-Design-TOG-m.gif\" alt=\"\" width=\"400\" height=\"347\"><\/div>\n<\/div><div class=\"module-image-between modules\">\n<div class=\"row\">\n<h2 style=\"text-align: center;\">Ficha T\u00e9cnica<\/h2>\n<p style=\"text-align: center;\">\u00a0<\/p>\n<p style=\"text-align: center;\"><strong>Design \/ Customiza\u00e7\u00e3o<\/strong><br>\nRosenbaum e o Fetiche <br>\n\/ Marcelo Rosenbaum<br>\n\/ Adriana Benguela<br>\n\/ Paulo Biacchi<br>\n\/ Carolina Armellin<span class=\"s1\">i<\/span><\/p>\n<p class=\"p1\" style=\"text-align: center;\"><span class=\"s1\"><b>Coordena\u00e7\u00e3o de execu\u00e7\u00e3o junto \u00e0 comunidade de Varzea Queimada<\/b><br>\nAureo Tupinamb\u00e1<\/span><\/p>\n<\/div>\n<\/div><div>\n<div class=\"module-image-alone modules\" style=\"text-align: center;\"><img loading=\"lazy\" class=\"img-responsive aligncenter wp-image-3134\" src=\"http:\/\/rosenbaum.com.br\/escritorio\/wp-content\/uploads\/2016\/05\/blank-prov.jpg\" alt=\"\" width=\"80\" height=\"30\"><\/div>\n<\/div>","protected":false},"excerpt":{"rendered":"<p>Customiza\u00e7\u00e3o de pe\u00e7as do designer franc\u00eas Phillipe Starck, feita a partir dos saberes locais de V\u00e1rzea Queimada, utilizando palha e borracha | Rosenbaum e o Fetiche<\/p>\n","protected":false},"author":2,"featured_media":10084,"parent":10344,"menu_order":0,"comment_status":"closed","ping_status":"closed","template":"templates\/project.php","meta":[],"categories":[10],"tags":[],"_links":{"self":[{"href":"https:\/\/rosenbaum.com.br\/escritorio\/wp-json\/wp\/v2\/pages\/10077"}],"collection":[{"href":"https:\/\/rosenbaum.com.br\/escritorio\/wp-json\/wp\/v2\/pages"}],"about":[{"href":"https:\/\/rosenbaum.com.br\/escritorio\/wp-json\/wp\/v2\/types\/page"}],"author":[{"embeddable":true,"href":"https:\/\/rosenbaum.com.br\/escritorio\/wp-json\/wp\/v2\/users\/2"}],"replies":[{"embeddable":true,"href":"https:\/\/rosenbaum.com.br\/escritorio\/wp-json\/wp\/v2\/comments?post=10077"}],"version-history":[{"count":9,"href":"https:\/\/rosenbaum.com.br\/escritorio\/wp-json\/wp\/v2\/pages\/10077\/revisions"}],"predecessor-version":[{"id":10406,"href":"https:\/\/rosenbaum.com.br\/escritorio\/wp-json\/wp\/v2\/pages\/10077\/revisions\/10406"}],"up":[{"embeddable":true,"href":"https:\/\/rosenbaum.com.br\/escritorio\/wp-json\/wp\/v2\/pages\/10344"}],"wp:featuredmedia":[{"embeddable":true,"href":"https:\/\/rosenbaum.com.br\/escritorio\/wp-json\/wp\/v2\/media\/10084"}],"wp:attachment":[{"href":"https:\/\/rosenbaum.com.br\/escritorio\/wp-json\/wp\/v2\/media?parent=10077"}],"wp:term":[{"taxonomy":"category","embeddable":true,"href":"https:\/\/rosenbaum.com.br\/escritorio\/wp-json\/wp\/v2\/categories?post=10077"},{"taxonomy":"post_tag","embeddable":true,"href":"https:\/\/rosenbaum.com.br\/escritorio\/wp-json\/wp\/v2\/tags?post=10077"}],"curies":[{"name":"wp","href":"https:\/\/api.w.org\/{rel}","templated":true}]}}